{"id":9323,"date":"2025-08-29T04:26:09","date_gmt":"2025-08-29T01:26:09","guid":{"rendered":"https:\/\/pl.f-chain.com\/employer-of-record\/"},"modified":"2025-12-22T20:57:18","modified_gmt":"2025-12-22T17:57:18","slug":"pracodawca-formalny-eor","status":"publish","type":"page","link":"https:\/\/pl.f-chain.com\/pl\/pracodawca-formalny-eor\/","title":{"rendered":"Pracodawca Formalny (EOR)"},"content":{"rendered":"<div class=\"wpb-content-wrapper\"><p>[vc_row][vc_column][vc_column_text css_animation=&#8221;fadeInDown&#8221; css=&#8221;&#8221;]<\/p>\n<h1>Pracodawca Formalny &#8211; Employer of Record (EOR) w Polsce<\/h1>\n<p><strong>FCHAIN<\/strong> oferuje <strong>us\u0142ugi Employer of Record (EOR) w Polsce<\/strong>, kt\u00f3re umo\u017cliwiaj\u0105 firmom zagranicznym legalne zatrudnianie pracownik\u00f3w i prowadzenie dzia\u0142alno\u015bci w Warszawie, Krakowie, Gda\u0144sku i innych miastach bez konieczno\u015bci zak\u0142adania lokalnej sp\u00f3\u0142ki. Dzi\u0119ki EOR Pa\u0144stwa firma mo\u017ce szybko i bezpiecznie wej\u015b\u0107 na rynek Unii Europejskiej, a my zajmiemy si\u0119 kadrami, p\u0142acami, podatkami i pe\u0142n\u0105 zgodno\u015bci\u0105 z prawem pracy.[\/vc_column_text][\/vc_column][\/vc_row][vc_row][vc_column width=&#8221;1\/2&#8243;][vc_column_text css_animation=&#8221;fadeInLeft&#8221;]<\/p>\n<h2>Na czym polega Employer of Record w Polsce?<\/h2>\n<p><strong>Employer of Record Polska<\/strong> to model, w kt\u00f3rym FCHAIN staje si\u0119 formalnym pracodawc\u0105 Pa\u0144stwa pracownik\u00f3w, podczas gdy firma zachowuje pe\u0142n\u0105 kontrol\u0119 nad ich codziennymi obowi\u0105zkami i celami biznesowymi. Zajmujemy si\u0119 umowami o prac\u0119, list\u0105 p\u0142ac, odprowadzaniem podatk\u00f3w oraz administracj\u0105 kadrow\u0105. Takie rozwi\u0105zanie pozwala rozpocz\u0105\u0107 dzia\u0142alno\u015b\u0107 w kr\u00f3tkim czasie i minimalizuje ryzyko prawne.<\/p>\n<p>Polska jest jednym z kluczowych rynk\u00f3w Europy \u015arodkowej, znana z dynamicznie rozwijaj\u0105cego si\u0119 sektora IT i fintech, silnej bazy przemys\u0142owej oraz strategicznej lokalizacji w Unii Europejskiej. Korzystaj\u0105c z <strong>us\u0142ug EOR w Polsce<\/strong>, przedsi\u0119biorstwa zyskuj\u0105 dost\u0119p do wykwalifikowanej kadry oraz rynku licz\u0105cego ponad 37 milion\u00f3w mieszka\u0144c\u00f3w.<\/p>\n<h2>Zalety us\u0142ug EOR w Polsce<\/h2>\n<ul class=\"ul-gray\">\n<li><strong>Szybkie wej\u015bcie na rynek<\/strong> \u2013 rozpocz\u0119cie dzia\u0142alno\u015bci w kilka tygodni zamiast miesi\u0119cy;<\/li>\n<li><strong>Zgodno\u015b\u0107 z prawem<\/strong> \u2013 umowy, podatki i wynagrodzenia zgodne z polskimi i unijnymi regulacjami;<\/li>\n<li><strong>Oszcz\u0119dno\u015b\u0107 koszt\u00f3w<\/strong> \u2013 brak konieczno\u015bci inwestowania w zak\u0142adanie sp\u00f3\u0142ki;<\/li>\n<li><strong>Elastyczno\u015b\u0107<\/strong> \u2013 mo\u017cliwo\u015b\u0107 zatrudniania zar\u00f3wno do kr\u00f3tkich projekt\u00f3w, jak i d\u0142ugoterminowej pracy;<\/li>\n<li><strong>Minimalizacja ryzyka<\/strong> \u2013 FCHAIN przejmuje pe\u0142n\u0105 odpowiedzialno\u015b\u0107 jako pracodawca.<\/li>\n<\/ul>\n<h2>Co zapewnia FCHAIN jako Employer of Record?<\/h2>\n<p>Wybieraj\u0105c <strong>EOR Polska<\/strong>, otrzymuj\u0105 Pa\u0144stwo kompleksowe wsparcie w zakresie HR, prawa i administracji. Oferujemy:<\/p>\n<ul class=\"ul-gray\">\n<li>Przygotowanie i podpisywanie um\u00f3w o prac\u0119 zgodnych z polskim prawem;<\/li>\n<li>Obs\u0142ug\u0119 listy p\u0142ac, podatk\u00f3w i sk\u0142adek na ubezpieczenia spo\u0142eczne;<\/li>\n<li>Sporz\u0105dzanie i sk\u0142adanie wymaganych raport\u00f3w do urz\u0119d\u00f3w;<\/li>\n<li>Zarz\u0105dzanie urlopami, zwolnieniami lekarskimi i benefitami pracowniczymi;<\/li>\n<li>Wsparcie w uzyskaniu wiz i pozwole\u0144 na prac\u0119 dla cudzoziemc\u00f3w;<\/li>\n<li>Doradztwo w zakresie prawa pracy i podatk\u00f3w.<\/li>\n<\/ul>\n<p>[\/vc_column_text][\/vc_column][vc_column width=&#8221;1\/2&#8243;][vc_single_image image=&#8221;8931&#8243; img_size=&#8221;full&#8221; css_animation=&#8221;fadeInDown&#8221;][\/vc_column][\/vc_row][vc_row][vc_column width=&#8221;1\/2&#8243;][vc_single_image image=&#8221;1286&#8243; img_size=&#8221;full&#8221; css_animation=&#8221;fadeInLeft&#8221;][\/vc_column][vc_column width=&#8221;1\/2&#8243;][vc_column_text css_animation=&#8221;fadeInRight&#8221;]<\/p>\n<h2>Kto powinien rozwa\u017cy\u0107 EOR w Polsce?<\/h2>\n<p><strong>Employer of Record w Polsce<\/strong> to rozwi\u0105zanie dla firm mi\u0119dzynarodowych planuj\u0105cych ekspansj\u0119 w Europie \u015arodkowej, startup\u00f3w IT i fintech zatrudniaj\u0105cych programist\u00f3w w Warszawie czy Krakowie, inwestor\u00f3w szukaj\u0105cych mo\u017cliwo\u015bci w produkcji i logistyce oraz organizacji potrzebuj\u0105cych elastycznych form zatrudnienia. Dzi\u0119ki EOR mo\u017cna legalnie zatrudnia\u0107 lokalnych i zagranicznych specjalist\u00f3w bez konieczno\u015bci zak\u0142adania sp\u00f3\u0142ki.<\/p>\n<h2>\u015arodowisko biznesowe i podatkowe w Polsce<\/h2>\n<p>Polska oferuje stabilny wzrost gospodarczy, konkurencyjny rynek pracy i pe\u0142ne wsparcie wynikaj\u0105ce z cz\u0142onkostwa w Unii Europejskiej. Proces zak\u0142adania sp\u00f3\u0142ki i pe\u0142na zgodno\u015b\u0107 z regulacjami podatkowymi mo\u017ce by\u0107 czasoch\u0142onny i kosztowny. Wybieraj\u0105c <strong>us\u0142ugi EOR w Polsce<\/strong>, mo\u017cna szybko rozpocz\u0105\u0107 dzia\u0142alno\u015b\u0107, a FCHAIN zapewnia pe\u0142n\u0105 zgodno\u015b\u0107 z polskim prawem pracy i podatk\u00f3w.<\/p>\n<h2>Dlaczego warto wybra\u0107 FCHAIN?<\/h2>\n<p><strong>FCHAIN<\/strong> to mi\u0119dzynarodowy dostawca us\u0142ug Employer of Record i outsourcingu, z do\u015bwiadczeniem we wspieraniu firm na ca\u0142ym \u015bwiecie. W Polsce oferujemy:<\/p>\n<p>\u2013 Transparentne i jasne warunki wsp\u00f3\u0142pracy;<br \/>\n\u2013 Szybkie wdro\u017cenie i onboarding pracownik\u00f3w;<br \/>\n\u2013 Kompleksow\u0105 obs\u0142ug\u0119 kadr, listy p\u0142ac i podatk\u00f3w;<br \/>\n\u2013 Doradztwo strategiczne przy rozwoju dzia\u0142alno\u015bci w Polsce i UE.<\/p>\n<p>[\/vc_column_text][\/vc_column][\/vc_row][vc_row][vc_column][vc_column_text css_animation=&#8221;fadeInUp&#8221;]<\/p>\n<h2>Rozpocznij dzia\u0142alno\u015b\u0107 w Polsce z EOR<\/h2>\n<p>Dzi\u0119ki <strong>Employer of Record Polska<\/strong> Pa\u0144stwa firma mo\u017ce legalnie zatrudnia\u0107 pracownik\u00f3w, ograniczy\u0107 koszty administracyjne i zyska\u0107 pewno\u015b\u0107 prawn\u0105 w trakcie ekspansji. Skontaktuj si\u0119 z nami ju\u017c dzi\u015b, aby dowiedzie\u0107 si\u0119 wi\u0119cej o <strong>us\u0142ugach EOR w Polsce<\/strong> i otrzyma\u0107 indywidualn\u0105 konsultacj\u0119.[\/vc_column_text][\/vc_column][\/vc_row]<\/p>\n<\/div>","protected":false},"excerpt":{"rendered":"<p>[vc_row][vc_column][vc_column_text css_animation=&#8221;fadeInDown&#8221; css=&#8221;&#8221;] Pracodawca Formalny &#8211; Employer of Record (EOR) w Polsce FCHAIN oferuje us\u0142ugi Employer of Record (EOR) w Polsce, kt\u00f3re umo\u017cliwiaj\u0105 firmom zagranicznym legalne zatrudnianie pracownik\u00f3w i prowadzenie dzia\u0142alno\u015bci w Warszawie, Krakowie, Gda\u0144sku i innych miastach bez konieczno\u015bci zak\u0142adania lokalnej sp\u00f3\u0142ki. Dzi\u0119ki EOR Pa\u0144stwa firma mo\u017ce szybko i bezpiecznie wej\u015b\u0107 na rynek Unii<\/p>\n","protected":false},"author":4,"featured_media":0,"parent":0,"menu_order":0,"comment_status":"closed","ping_status":"closed","template":"","meta":{"_acf_changed":false,"_lmt_disableupdate":"no","_lmt_disable":"","footnotes":""},"class_list":["post-9323","page","type-page","status-publish","hentry"],"acf":[],"yoast_head":"<!-- This site is optimized with the Yoast SEO plugin v27.3 - https:\/\/yoast.com\/product\/yoast-seo-wordpress\/ -->\n<title>Pracodawca Formalny (EOR) w Polsce \u2013 FCHAIN<\/title>\n<meta name=\"description\" content=\"FCHAIN oferuje us\u0142ugi Employer of Record (EOR) w Polsce. Legalne zatrudnianie pracownik\u00f3w w Warszawie i ca\u0142ym kraju, obs\u0142uga p\u0142ac, podatk\u00f3w i pe\u0142na zgodno\u015b\u0107 z prawem.\" \/>\n<meta name=\"robots\" content=\"index, follow, max-snippet:-1, max-image-preview:large, max-video-preview:-1\" \/>\n<link rel=\"canonical\" href=\"https:\/\/pl.f-chain.com\/pl\/pracodawca-formalny-eor\/\" \/>\n<meta property=\"og:locale\" content=\"pl_PL\" \/>\n<meta property=\"og:type\" content=\"article\" \/>\n<meta property=\"og:title\" content=\"Pracodawca Formalny (EOR) w Polsce \u2013 FCHAIN\" \/>\n<meta property=\"og:description\" content=\"FCHAIN oferuje us\u0142ugi Employer of Record (EOR) w Polsce. Legalne zatrudnianie pracownik\u00f3w w Warszawie i ca\u0142ym kraju, obs\u0142uga p\u0142ac, podatk\u00f3w i pe\u0142na zgodno\u015b\u0107 z prawem.\" \/>\n<meta property=\"og:url\" content=\"https:\/\/pl.f-chain.com\/pl\/pracodawca-formalny-eor\/\" \/>\n<meta property=\"og:site_name\" content=\"FCHAIN\" \/>\n<meta property=\"article:modified_time\" content=\"2025-12-22T17:57:18+00:00\" \/>\n<meta name=\"twitter:card\" content=\"summary_large_image\" \/>\n<meta name=\"twitter:label1\" content=\"Szacowany czas czytania\" \/>\n\t<meta name=\"twitter:data1\" content=\"3 minuty\" \/>\n<script type=\"application\/ld+json\" class=\"yoast-schema-graph\">{\"@context\":\"https:\\\/\\\/schema.org\",\"@graph\":[{\"@type\":\"WebPage\",\"@id\":\"https:\\\/\\\/pl.f-chain.com\\\/pl\\\/pracodawca-formalny-eor\\\/\",\"url\":\"https:\\\/\\\/pl.f-chain.com\\\/pl\\\/pracodawca-formalny-eor\\\/\",\"name\":\"Pracodawca Formalny (EOR) w Polsce \u2013 FCHAIN\",\"isPartOf\":{\"@id\":\"https:\\\/\\\/pl.f-chain.com\\\/#website\"},\"datePublished\":\"2025-08-29T01:26:09+00:00\",\"dateModified\":\"2025-12-22T17:57:18+00:00\",\"description\":\"FCHAIN oferuje us\u0142ugi Employer of Record (EOR) w Polsce. Legalne zatrudnianie pracownik\u00f3w w Warszawie i ca\u0142ym kraju, obs\u0142uga p\u0142ac, podatk\u00f3w i pe\u0142na zgodno\u015b\u0107 z prawem.\",\"inLanguage\":\"pl-PL\",\"potentialAction\":[{\"@type\":\"ReadAction\",\"target\":[\"https:\\\/\\\/pl.f-chain.com\\\/pl\\\/pracodawca-formalny-eor\\\/\"]}]},{\"@type\":\"WebSite\",\"@id\":\"https:\\\/\\\/pl.f-chain.com\\\/#website\",\"url\":\"https:\\\/\\\/pl.f-chain.com\\\/\",\"name\":\"FCHAIN\",\"description\":\"Financial Chain Corporation - Global\",\"potentialAction\":[{\"@type\":\"SearchAction\",\"target\":{\"@type\":\"EntryPoint\",\"urlTemplate\":\"https:\\\/\\\/pl.f-chain.com\\\/?s={search_term_string}\"},\"query-input\":{\"@type\":\"PropertyValueSpecification\",\"valueRequired\":true,\"valueName\":\"search_term_string\"}}],\"inLanguage\":\"pl-PL\"}]}<\/script>\n<!-- \/ Yoast SEO plugin. -->","yoast_head_json":{"title":"Pracodawca Formalny (EOR) w Polsce \u2013 FCHAIN","description":"FCHAIN oferuje us\u0142ugi Employer of Record (EOR) w Polsce. Legalne zatrudnianie pracownik\u00f3w w Warszawie i ca\u0142ym kraju, obs\u0142uga p\u0142ac, podatk\u00f3w i pe\u0142na zgodno\u015b\u0107 z prawem.","robots":{"index":"index","follow":"follow","max-snippet":"max-snippet:-1","max-image-preview":"max-image-preview:large","max-video-preview":"max-video-preview:-1"},"canonical":"https:\/\/pl.f-chain.com\/pl\/pracodawca-formalny-eor\/","og_locale":"pl_PL","og_type":"article","og_title":"Pracodawca Formalny (EOR) w Polsce \u2013 FCHAIN","og_description":"FCHAIN oferuje us\u0142ugi Employer of Record (EOR) w Polsce. Legalne zatrudnianie pracownik\u00f3w w Warszawie i ca\u0142ym kraju, obs\u0142uga p\u0142ac, podatk\u00f3w i pe\u0142na zgodno\u015b\u0107 z prawem.","og_url":"https:\/\/pl.f-chain.com\/pl\/pracodawca-formalny-eor\/","og_site_name":"FCHAIN","article_modified_time":"2025-12-22T17:57:18+00:00","twitter_card":"summary_large_image","twitter_misc":{"Szacowany czas czytania":"3 minuty"},"schema":{"@context":"https:\/\/schema.org","@graph":[{"@type":"WebPage","@id":"https:\/\/pl.f-chain.com\/pl\/pracodawca-formalny-eor\/","url":"https:\/\/pl.f-chain.com\/pl\/pracodawca-formalny-eor\/","name":"Pracodawca Formalny (EOR) w Polsce \u2013 FCHAIN","isPartOf":{"@id":"https:\/\/pl.f-chain.com\/#website"},"datePublished":"2025-08-29T01:26:09+00:00","dateModified":"2025-12-22T17:57:18+00:00","description":"FCHAIN oferuje us\u0142ugi Employer of Record (EOR) w Polsce. Legalne zatrudnianie pracownik\u00f3w w Warszawie i ca\u0142ym kraju, obs\u0142uga p\u0142ac, podatk\u00f3w i pe\u0142na zgodno\u015b\u0107 z prawem.","inLanguage":"pl-PL","potentialAction":[{"@type":"ReadAction","target":["https:\/\/pl.f-chain.com\/pl\/pracodawca-formalny-eor\/"]}]},{"@type":"WebSite","@id":"https:\/\/pl.f-chain.com\/#website","url":"https:\/\/pl.f-chain.com\/","name":"FCHAIN","description":"Financial Chain Corporation - Global","potentialAction":[{"@type":"SearchAction","target":{"@type":"EntryPoint","urlTemplate":"https:\/\/pl.f-chain.com\/?s={search_term_string}"},"query-input":{"@type":"PropertyValueSpecification","valueRequired":true,"valueName":"search_term_string"}}],"inLanguage":"pl-PL"}]}},"_links":{"self":[{"href":"https:\/\/pl.f-chain.com\/pl\/wp-json\/wp\/v2\/pages\/9323","targetHints":{"allow":["GET"]}}],"collection":[{"href":"https:\/\/pl.f-chain.com\/pl\/wp-json\/wp\/v2\/pages"}],"about":[{"href":"https:\/\/pl.f-chain.com\/pl\/wp-json\/wp\/v2\/types\/page"}],"author":[{"embeddable":true,"href":"https:\/\/pl.f-chain.com\/pl\/wp-json\/wp\/v2\/users\/4"}],"replies":[{"embeddable":true,"href":"https:\/\/pl.f-chain.com\/pl\/wp-json\/wp\/v2\/comments?post=9323"}],"version-history":[{"count":4,"href":"https:\/\/pl.f-chain.com\/pl\/wp-json\/wp\/v2\/pages\/9323\/revisions"}],"predecessor-version":[{"id":15964,"href":"https:\/\/pl.f-chain.com\/pl\/wp-json\/wp\/v2\/pages\/9323\/revisions\/15964"}],"wp:attachment":[{"href":"https:\/\/pl.f-chain.com\/pl\/wp-json\/wp\/v2\/media?parent=9323"}],"curies":[{"name":"wp","href":"https:\/\/api.w.org\/{rel}","templated":true}]}}