{"id":9275,"date":"2025-02-12T11:52:45","date_gmt":"2025-02-12T08:52:45","guid":{"rendered":"https:\/\/pl.f-chain.com\/?page_id=9275"},"modified":"2025-02-12T11:53:01","modified_gmt":"2025-02-12T08:53:01","slug":"nasza-misja-i-wizja","status":"publish","type":"page","link":"https:\/\/pl.f-chain.com\/pl\/nasza-misja-i-wizja\/","title":{"rendered":"Nasza misja i wizja"},"content":{"rendered":"<h3>Nasza Misja<\/h3>\n<p>Nasz\u0105 g\u0142\u00f3wn\u0105 misj\u0105 jest tworzenie sprzyjaj\u0105cych warunk\u00f3w pracy oraz \u015bwiadczenie us\u0142ug najwy\u017cszej jako\u015bci, aktywnie wdra\u017caj\u0105c innowacje w naszej bran\u017cy. Ochrona \u015brodowiska stanowi r\u00f3wnie\u017c jeden z naszych g\u0142\u00f3wnych cel\u00f3w i jest nieod\u0142\u0105czn\u0105 cz\u0119\u015bci\u0105 naszej misji. D\u0105\u017cymy do stworzenia przestrzeni, w kt\u00f3rej ka\u017cdy mo\u017ce si\u0119 rozwija\u0107, realizuj\u0105c swoje zadania i przyczyniaj\u0105c si\u0119 do dobra ludzi oraz naszej planety.<\/p>\n<h3>Nasza Wizja<\/h3>\n<p>Naszym celem jest sta\u0107 si\u0119 globalnym liderem w zakresie tworzenia wyj\u0105tkowych miejsc pracy oraz \u015bwiadczenia niezr\u00f3wnanych us\u0142ug dla naszych klient\u00f3w. Wyobra\u017camy sobie przysz\u0142o\u015b\u0107, w kt\u00f3rej nasze zaanga\u017cowanie w innowacje nie tylko ustali nowe standardy w bran\u017cy, ale tak\u017ce b\u0119dzie impulsem do pozytywnych zmian w naszym obszarze dzia\u0142alno\u015bci.<\/p>\n<p>Nasza wizja to tak\u017ce \u015bwiat, w kt\u00f3rym zr\u00f3wnowa\u017cony rozw\u00f3j i odpowiedzialno\u015b\u0107 spo\u0142eczna b\u0119d\u0105 fundamentami naszej dzia\u0142alno\u015bci, a nasze dzia\u0142ania stan\u0105 si\u0119 wzorem odpowiedzialnych praktyk biznesowych.<\/p>\n<p>W naszej idealnej przysz\u0142o\u015bci widzimy \u015brodowisko, w kt\u00f3rym pracownicy rozwijaj\u0105 si\u0119, realizuj\u0105c pe\u0142ni\u0119 swojego potencja\u0142u, a r\u00f3wnocze\u015bnie wspieraj\u0105 popraw\u0119 spo\u0142ecze\u0144stwa i ochrony \u015brodowiska. Skupiamy si\u0119 na tworzeniu mo\u017cliwo\u015bci rozwoju zawodowego i osobistego, aby mie\u0107 trwa\u0142y, pozytywny wp\u0142yw na \u017cycie ludzi oraz \u015bwiat, kt\u00f3ry dzielimy.<\/p>\n","protected":false},"excerpt":{"rendered":"<p>Nasza Misja Nasz\u0105 g\u0142\u00f3wn\u0105 misj\u0105 jest tworzenie sprzyjaj\u0105cych warunk\u00f3w pracy oraz \u015bwiadczenie us\u0142ug najwy\u017cszej jako\u015bci, aktywnie wdra\u017caj\u0105c innowacje w naszej bran\u017cy. Ochrona \u015brodowiska stanowi r\u00f3wnie\u017c jeden z naszych g\u0142\u00f3wnych cel\u00f3w i jest nieod\u0142\u0105czn\u0105 cz\u0119\u015bci\u0105 naszej misji. D\u0105\u017cymy do stworzenia przestrzeni, w kt\u00f3rej ka\u017cdy mo\u017ce si\u0119 rozwija\u0107, realizuj\u0105c swoje zadania i przyczyniaj\u0105c si\u0119 do dobra ludzi<\/p>\n","protected":false},"author":5,"featured_media":9273,"parent":0,"menu_order":0,"comment_status":"closed","ping_status":"closed","template":"","meta":{"_acf_changed":false,"_lmt_disableupdate":"no","_lmt_disable":"","footnotes":""},"class_list":["post-9275","page","type-page","status-publish","hentry"],"acf":[],"yoast_head":"<!-- This site is optimized with the Yoast SEO plugin v27.3 - https:\/\/yoast.com\/product\/yoast-seo-wordpress\/ -->\n<title>Nasza misja i wizja - FCHAIN<\/title>\n<meta name=\"robots\" content=\"index, follow, max-snippet:-1, max-image-preview:large, max-video-preview:-1\" \/>\n<link rel=\"canonical\" href=\"https:\/\/pl.f-chain.com\/pl\/nasza-misja-i-wizja\/\" \/>\n<meta property=\"og:locale\" content=\"pl_PL\" \/>\n<meta property=\"og:type\" content=\"article\" \/>\n<meta property=\"og:title\" content=\"Nasza misja i wizja - FCHAIN\" \/>\n<meta property=\"og:description\" content=\"Nasza Misja Nasz\u0105 g\u0142\u00f3wn\u0105 misj\u0105 jest tworzenie sprzyjaj\u0105cych warunk\u00f3w pracy oraz \u015bwiadczenie us\u0142ug najwy\u017cszej jako\u015bci, aktywnie wdra\u017caj\u0105c innowacje w naszej bran\u017cy. Ochrona \u015brodowiska stanowi r\u00f3wnie\u017c jeden z naszych g\u0142\u00f3wnych cel\u00f3w i jest nieod\u0142\u0105czn\u0105 cz\u0119\u015bci\u0105 naszej misji. D\u0105\u017cymy do stworzenia przestrzeni, w kt\u00f3rej ka\u017cdy mo\u017ce si\u0119 rozwija\u0107, realizuj\u0105c swoje zadania i przyczyniaj\u0105c si\u0119 do dobra ludzi\" \/>\n<meta property=\"og:url\" content=\"https:\/\/pl.f-chain.com\/pl\/nasza-misja-i-wizja\/\" \/>\n<meta property=\"og:site_name\" content=\"FCHAIN\" \/>\n<meta property=\"article:modified_time\" content=\"2025-02-12T08:53:01+00:00\" \/>\n<meta property=\"og:image\" content=\"https:\/\/pl.f-chain.com\/wp-content\/uploads\/2025\/02\/building-core-values-with-wooden-blocks-on-a-table-2024-12-16-20-47-46-utc-scaled.jpg\" \/>\n\t<meta property=\"og:image:width\" content=\"2560\" \/>\n\t<meta property=\"og:image:height\" content=\"1681\" \/>\n\t<meta property=\"og:image:type\" content=\"image\/jpeg\" \/>\n<meta name=\"twitter:card\" content=\"summary_large_image\" \/>\n<meta name=\"twitter:label1\" content=\"Szacowany czas czytania\" \/>\n\t<meta name=\"twitter:data1\" content=\"1 minuta\" \/>\n<script type=\"application\/ld+json\" class=\"yoast-schema-graph\">{\"@context\":\"https:\\\/\\\/schema.org\",\"@graph\":[{\"@type\":\"WebPage\",\"@id\":\"https:\\\/\\\/pl.f-chain.com\\\/pl\\\/nasza-misja-i-wizja\\\/\",\"url\":\"https:\\\/\\\/pl.f-chain.com\\\/pl\\\/nasza-misja-i-wizja\\\/\",\"name\":\"Nasza misja i wizja - FCHAIN\",\"isPartOf\":{\"@id\":\"https:\\\/\\\/pl.f-chain.com\\\/#website\"},\"primaryImageOfPage\":{\"@id\":\"https:\\\/\\\/pl.f-chain.com\\\/pl\\\/nasza-misja-i-wizja\\\/#primaryimage\"},\"image\":{\"@id\":\"https:\\\/\\\/pl.f-chain.com\\\/pl\\\/nasza-misja-i-wizja\\\/#primaryimage\"},\"thumbnailUrl\":\"https:\\\/\\\/pl.f-chain.com\\\/wp-content\\\/uploads\\\/2025\\\/02\\\/building-core-values-with-wooden-blocks-on-a-table-2024-12-16-20-47-46-utc-scaled.jpg\",\"datePublished\":\"2025-02-12T08:52:45+00:00\",\"dateModified\":\"2025-02-12T08:53:01+00:00\",\"inLanguage\":\"pl-PL\",\"potentialAction\":[{\"@type\":\"ReadAction\",\"target\":[\"https:\\\/\\\/pl.f-chain.com\\\/pl\\\/nasza-misja-i-wizja\\\/\"]}]},{\"@type\":\"ImageObject\",\"inLanguage\":\"pl-PL\",\"@id\":\"https:\\\/\\\/pl.f-chain.com\\\/pl\\\/nasza-misja-i-wizja\\\/#primaryimage\",\"url\":\"https:\\\/\\\/pl.f-chain.com\\\/wp-content\\\/uploads\\\/2025\\\/02\\\/building-core-values-with-wooden-blocks-on-a-table-2024-12-16-20-47-46-utc-scaled.jpg\",\"contentUrl\":\"https:\\\/\\\/pl.f-chain.com\\\/wp-content\\\/uploads\\\/2025\\\/02\\\/building-core-values-with-wooden-blocks-on-a-table-2024-12-16-20-47-46-utc-scaled.jpg\",\"width\":2560,\"height\":1681,\"caption\":\"A hand places a wooden block labeled Our on top of other blocks that read core values. The setting features a simple table with a neutral background.\"},{\"@type\":\"WebSite\",\"@id\":\"https:\\\/\\\/pl.f-chain.com\\\/#website\",\"url\":\"https:\\\/\\\/pl.f-chain.com\\\/\",\"name\":\"FCHAIN\",\"description\":\"Financial Chain Corporation - Global\",\"potentialAction\":[{\"@type\":\"SearchAction\",\"target\":{\"@type\":\"EntryPoint\",\"urlTemplate\":\"https:\\\/\\\/pl.f-chain.com\\\/?s={search_term_string}\"},\"query-input\":{\"@type\":\"PropertyValueSpecification\",\"valueRequired\":true,\"valueName\":\"search_term_string\"}}],\"inLanguage\":\"pl-PL\"}]}<\/script>\n<!-- \/ Yoast SEO plugin. -->","yoast_head_json":{"title":"Nasza misja i wizja - FCHAIN","robots":{"index":"index","follow":"follow","max-snippet":"max-snippet:-1","max-image-preview":"max-image-preview:large","max-video-preview":"max-video-preview:-1"},"canonical":"https:\/\/pl.f-chain.com\/pl\/nasza-misja-i-wizja\/","og_locale":"pl_PL","og_type":"article","og_title":"Nasza misja i wizja - FCHAIN","og_description":"Nasza Misja Nasz\u0105 g\u0142\u00f3wn\u0105 misj\u0105 jest tworzenie sprzyjaj\u0105cych warunk\u00f3w pracy oraz \u015bwiadczenie us\u0142ug najwy\u017cszej jako\u015bci, aktywnie wdra\u017caj\u0105c innowacje w naszej bran\u017cy. Ochrona \u015brodowiska stanowi r\u00f3wnie\u017c jeden z naszych g\u0142\u00f3wnych cel\u00f3w i jest nieod\u0142\u0105czn\u0105 cz\u0119\u015bci\u0105 naszej misji. D\u0105\u017cymy do stworzenia przestrzeni, w kt\u00f3rej ka\u017cdy mo\u017ce si\u0119 rozwija\u0107, realizuj\u0105c swoje zadania i przyczyniaj\u0105c si\u0119 do dobra ludzi","og_url":"https:\/\/pl.f-chain.com\/pl\/nasza-misja-i-wizja\/","og_site_name":"FCHAIN","article_modified_time":"2025-02-12T08:53:01+00:00","og_image":[{"width":2560,"height":1681,"url":"https:\/\/pl.f-chain.com\/wp-content\/uploads\/2025\/02\/building-core-values-with-wooden-blocks-on-a-table-2024-12-16-20-47-46-utc-scaled.jpg","type":"image\/jpeg"}],"twitter_card":"summary_large_image","twitter_misc":{"Szacowany czas czytania":"1 minuta"},"schema":{"@context":"https:\/\/schema.org","@graph":[{"@type":"WebPage","@id":"https:\/\/pl.f-chain.com\/pl\/nasza-misja-i-wizja\/","url":"https:\/\/pl.f-chain.com\/pl\/nasza-misja-i-wizja\/","name":"Nasza misja i wizja - FCHAIN","isPartOf":{"@id":"https:\/\/pl.f-chain.com\/#website"},"primaryImageOfPage":{"@id":"https:\/\/pl.f-chain.com\/pl\/nasza-misja-i-wizja\/#primaryimage"},"image":{"@id":"https:\/\/pl.f-chain.com\/pl\/nasza-misja-i-wizja\/#primaryimage"},"thumbnailUrl":"https:\/\/pl.f-chain.com\/wp-content\/uploads\/2025\/02\/building-core-values-with-wooden-blocks-on-a-table-2024-12-16-20-47-46-utc-scaled.jpg","datePublished":"2025-02-12T08:52:45+00:00","dateModified":"2025-02-12T08:53:01+00:00","inLanguage":"pl-PL","potentialAction":[{"@type":"ReadAction","target":["https:\/\/pl.f-chain.com\/pl\/nasza-misja-i-wizja\/"]}]},{"@type":"ImageObject","inLanguage":"pl-PL","@id":"https:\/\/pl.f-chain.com\/pl\/nasza-misja-i-wizja\/#primaryimage","url":"https:\/\/pl.f-chain.com\/wp-content\/uploads\/2025\/02\/building-core-values-with-wooden-blocks-on-a-table-2024-12-16-20-47-46-utc-scaled.jpg","contentUrl":"https:\/\/pl.f-chain.com\/wp-content\/uploads\/2025\/02\/building-core-values-with-wooden-blocks-on-a-table-2024-12-16-20-47-46-utc-scaled.jpg","width":2560,"height":1681,"caption":"A hand places a wooden block labeled Our on top of other blocks that read core values. The setting features a simple table with a neutral background."},{"@type":"WebSite","@id":"https:\/\/pl.f-chain.com\/#website","url":"https:\/\/pl.f-chain.com\/","name":"FCHAIN","description":"Financial Chain Corporation - Global","potentialAction":[{"@type":"SearchAction","target":{"@type":"EntryPoint","urlTemplate":"https:\/\/pl.f-chain.com\/?s={search_term_string}"},"query-input":{"@type":"PropertyValueSpecification","valueRequired":true,"valueName":"search_term_string"}}],"inLanguage":"pl-PL"}]}},"_links":{"self":[{"href":"https:\/\/pl.f-chain.com\/pl\/wp-json\/wp\/v2\/pages\/9275","targetHints":{"allow":["GET"]}}],"collection":[{"href":"https:\/\/pl.f-chain.com\/pl\/wp-json\/wp\/v2\/pages"}],"about":[{"href":"https:\/\/pl.f-chain.com\/pl\/wp-json\/wp\/v2\/types\/page"}],"author":[{"embeddable":true,"href":"https:\/\/pl.f-chain.com\/pl\/wp-json\/wp\/v2\/users\/5"}],"replies":[{"embeddable":true,"href":"https:\/\/pl.f-chain.com\/pl\/wp-json\/wp\/v2\/comments?post=9275"}],"version-history":[{"count":2,"href":"https:\/\/pl.f-chain.com\/pl\/wp-json\/wp\/v2\/pages\/9275\/revisions"}],"predecessor-version":[{"id":9277,"href":"https:\/\/pl.f-chain.com\/pl\/wp-json\/wp\/v2\/pages\/9275\/revisions\/9277"}],"wp:featuredmedia":[{"embeddable":true,"href":"https:\/\/pl.f-chain.com\/pl\/wp-json\/wp\/v2\/media\/9273"}],"wp:attachment":[{"href":"https:\/\/pl.f-chain.com\/pl\/wp-json\/wp\/v2\/media?parent=9275"}],"curies":[{"name":"wp","href":"https:\/\/api.w.org\/{rel}","templated":true}]}}