{"id":9066,"date":"2024-07-09T04:04:36","date_gmt":"2024-07-09T01:04:36","guid":{"rendered":"https:\/\/pl.f-chain.com\/?page_id=9066"},"modified":"2024-07-09T04:04:36","modified_gmt":"2024-07-09T01:04:36","slug":"uslugi-rekrutacyjne-w-polsce","status":"publish","type":"page","link":"https:\/\/pl.f-chain.com\/pl\/uslugi-outsourcingu-i-outstaffingu-w-polsce-pomoga-kazdej-firmie\/uslugi-rekrutacyjne-w-polsce\/","title":{"rendered":"Us\u0142ugi rekrutacyjne w Polsce"},"content":{"rendered":"<div class=\"wpb-content-wrapper\"><p>[vc_row][vc_column][vc_column_text css_animation=&#8221;fadeInLeft&#8221;]<span style=\"font-weight: 400;\">Wzajemne powi\u0105zanie proces\u00f3w biznesowych wida\u0107 szczeg\u00f3lnie dobrze, gdy pomy\u015blimy o konieczno\u015bci znalezienia nowych pracownik\u00f3w. W tym czasie cz\u0119\u015b\u0107 zada\u0144 przekazywana jest w r\u0119ce os\u00f3b, kt\u00f3re nie s\u0105 zaznajomione z ich specyfik\u0105. W konsekwencji &#8211; wydajno\u015b\u0107 pracy spada, a lista nierozwi\u0105zanych zada\u0144 ro\u015bnie.<\/span><\/p>\n<p><span style=\"font-weight: 400;\">Zapomnienie o takich trudno\u015bciach jest ca\u0142kiem realistyczne. <\/span><b>Rekruterzy <\/b><span style=\"font-weight: 400;\">zajmuj\u0105 si\u0119 likwidacj\u0105 wakat\u00f3w, kt\u00f3re powstaj\u0105 podczas skalowania lub reorganizacji. Lista us\u0142ug obejmuje nie tylko selekcj\u0119 kandydat\u00f3w, ale tak\u017ce analiz\u0119 wska\u017anik\u00f3w wydajno\u015bci dzia\u0142u. Jest zbyt wcze\u015bnie, aby zdecydowa\u0107, kt\u00f3re z tych us\u0142ug b\u0119d\u0105 potrzebne Twojej firmie, ale dodatkowe informacje pomog\u0105 Ci oceni\u0107 Twoje obecne potrzeby.<\/span>[\/vc_column_text][\/vc_column][\/vc_row][vc_row content_placement=&#8221;middle&#8221;][vc_column width=&#8221;1\/2&#8243;][vc_column_text css_animation=&#8221;fadeInLeft&#8221;]<\/p>\n<h2><b>Elementy procesu rekrutacji<\/b><\/h2>\n<p><span style=\"font-weight: 400;\">Aby unikn\u0105\u0107 sp\u0119dzania du\u017cej ilo\u015bci czasu na poszukiwaniu kandydat\u00f3w, <\/span><b>agencje zatrudnienia<\/b><span style=\"font-weight: 400;\"> stosuj\u0105 pewne sztuczki. Studiowanie kwestionariuszy nie jest najtrudniejszym zadaniem, ale najpierw trzeba zebra\u0107 odpowiedni\u0105 liczb\u0119 CV. Aby osi\u0105gn\u0105\u0107 efekt, <\/span><b>agencje rekrutacyjne w Polsce dla obcokrajowc\u00f3w<\/b><span style=\"font-weight: 400;\">:<\/span><\/p>\n<ul>\n<li style=\"font-weight: 400;\" aria-level=\"1\"><span style=\"font-weight: 400;\">zbiera i analizuje informacje o dost\u0119pno\u015bci wolnych miejsc pracy i specyfice danego stanowiska;<\/span><\/li>\n<li style=\"font-weight: 400;\" aria-level=\"1\"><span style=\"font-weight: 400;\">rozpowszechnia informacje o firmie, kt\u00f3ra jest zainteresowana zatrudnieniem pracownik\u00f3w i otwartych wakatach;<\/span><\/li>\n<li style=\"font-weight: 400;\" aria-level=\"1\"><span style=\"font-weight: 400;\">prowadzi poszukiwania z wykorzystaniem w\u0142asnej bazy danych kandydat\u00f3w, a tak\u017ce innych \u017ar\u00f3de\u0142 (portale spo\u0142eczno\u015bciowe, fora, gie\u0142dy pracy);<\/span><\/li>\n<li style=\"font-weight: 400;\" aria-level=\"1\"><span style=\"font-weight: 400;\">zapewnia wymagan\u0105 liczb\u0119 kandydat\u00f3w, kt\u00f3rzy przeszli wst\u0119pn\u0105 selekcj\u0119 na podstawie wymaga\u0144 klienta;<\/span><\/li>\n<li style=\"font-weight: 400;\" aria-level=\"1\"><span style=\"font-weight: 400;\">koordynuje warunki p\u0142atno\u015bci i pracy, utrzymuje komunikacj\u0119 mi\u0119dzy firm\u0105 a pracownikiem.<\/span><\/li>\n<\/ul>\n<p><span style=\"font-weight: 400;\">W\u015br\u00f3d zalet <\/span><b>outsourcingu us\u0142ug rekrutacyjnych<\/b><span style=\"font-weight: 400;\"> nale\u017cy wymieni\u0107 szybko\u015b\u0107 pracy specjalist\u00f3w. Dost\u0119pno\u015b\u0107 bazy danych kandydat\u00f3w i specjalist\u00f3w w w\u0105skich dziedzinach pozwala na wykonanie zadania w kr\u00f3tkim czasie.<\/span><\/p>\n<h3><b>Praca rekrutacyjna: opcje \u015bwiadczenia us\u0142ug<\/b><\/h3>\n<p><span style=\"font-weight: 400;\">Kompetentna alokacja zasob\u00f3w jest g\u0142\u00f3wnym powodem wsp\u00f3\u0142pracy z <\/span><b>agencj\u0105 zatrudnienia<\/b><span style=\"font-weight: 400;\">. Poniewa\u017c takie firmy specjalizuj\u0105 si\u0119 w wyszukiwaniu kandydat\u00f3w, powierza si\u0119 im wyb\u00f3r pracownik\u00f3w na:<\/span><\/p>\n<ul>\n<li style=\"font-weight: 400;\" aria-level=\"1\"><span style=\"font-weight: 400;\">stanowisk niskiego i \u015bredniego szczebla, kt\u00f3re nie wymagaj\u0105 wysokich kwalifikacji lub specjalistycznego wykszta\u0142cenia;<\/span><\/li>\n<li style=\"font-weight: 400;\" aria-level=\"1\"><span style=\"font-weight: 400;\">przyw\u00f3dztwa i zarz\u0105dzania (na poziomie podstawowym i \u015brednim) z udokumentowanym do\u015bwiadczeniem;<\/span><\/li>\n<li style=\"font-weight: 400;\" aria-level=\"1\"><span style=\"font-weight: 400;\">stanowiska kierownicze wy\u017cszego szczebla, takie jak mened\u017cerowie wy\u017cszego szczebla i wyspecjalizowani specjali\u015bci;<\/span><\/li>\n<li style=\"font-weight: 400;\" aria-level=\"1\"><span style=\"font-weight: 400;\">rekrutacja po zwolnieniach z firm konkuruj\u0105cych z firm\u0105 klienta.<\/span><\/li>\n<\/ul>\n<p><span style=\"font-weight: 400;\">Ze wzgl\u0119du na cz\u0119stotliwo\u015b\u0107 otrzymywania takich zapyta\u0144, <\/span><b>us\u0142ugi rekrutacyjne w Polsce<\/b><span style=\"font-weight: 400;\"> s\u0105 poszukiwane i istotne. Poniewa\u017c wszelkie op\u00f3\u017anienia nie przynios\u0105 najlepszych rezultat\u00f3w, poszukiwanie pracy nale\u017cy pozostawi\u0107 ekspertom.<\/span>[\/vc_column_text][\/vc_column][vc_column width=&#8221;1\/2&#8243;][vc_single_image image=&#8221;950&#8243; img_size=&#8221;full&#8221; css_animation=&#8221;fadeInDown&#8221;][\/vc_column][\/vc_row][vc_row content_placement=&#8221;middle&#8221;][vc_column width=&#8221;1\/2&#8243;][vc_single_image image=&#8221;954&#8243; img_size=&#8221;full&#8221; css_animation=&#8221;fadeInDown&#8221;][\/vc_column][vc_column width=&#8221;1\/2&#8243;][vc_column_text css_animation=&#8221;fadeInUp&#8221;]<\/p>\n<h2><b>Outsourcing us\u0142ug rekrutacyjnych: atrakcyjne r\u00f3\u017cnice<\/b><\/h2>\n<p><span style=\"font-weight: 400;\">Zlecanie zada\u0144 <\/span><b>agencji zatrudnienia<\/b><span style=\"font-weight: 400;\"> nie jest dla nikogo zaskoczeniem, poniewa\u017c <\/span><b>biznes w Polsce<\/b><span style=\"font-weight: 400;\"> rozwija si\u0119 bardzo szybko. Coraz wi\u0119cej firm jest zainteresowanych oszcz\u0119dzaniem swoich zasob\u00f3w i dlatego preferuje <\/span><b>outsourcing us\u0142ug rekrutacyjnych<\/b><span style=\"font-weight: 400;\">. Do wykorzystania tego nowoczesnego podej\u015bcia w swojej pracy motywuj\u0105 nast\u0119puj\u0105ce r\u00f3\u017cnice:<\/span><\/p>\n<ul>\n<li style=\"font-weight: 400;\" aria-level=\"1\"><span style=\"font-weight: 400;\">oszcz\u0119dno\u015b\u0107 zasob\u00f3w ludzkich dzi\u0119ki pozyskaniu specjalist\u00f3w \u201ez zewn\u0105trz\u201d;<\/span><\/li>\n<li style=\"font-weight: 400;\" aria-level=\"1\"><span style=\"font-weight: 400;\">oszcz\u0119dno\u015bci finansowe dzi\u0119ki szybkim wynikom, wysokiemu profesjonalizmowi i gwarancji rezultatu;<\/span><\/li>\n<li style=\"font-weight: 400;\" aria-level=\"1\"><span style=\"font-weight: 400;\">alokacja zasob\u00f3w z uwzgl\u0119dnieniem poziomu \u015bwiadomo\u015bci i wymaganych wska\u017anik\u00f3w wydajno\u015bci.<\/span><\/li>\n<\/ul>\n<p><span style=\"font-weight: 400;\">Wsp\u00f3\u0142praca z rekruterami spoza firmy pozwala na wykorzystanie ju\u017c zatrudnionych pracownik\u00f3w przy zachowaniu ich wydajno\u015bci.\u00a0<\/span><\/p>\n<h3><b>Znaczenie wiedzy specjalistycznej w zakresie zatrudnienia<\/b><\/h3>\n<p><span style=\"font-weight: 400;\">Ocena zdolno\u015bci i umiej\u0119tno\u015bci kandydata jest jednym z zada\u0144, kt\u00f3re musz\u0105 wykona\u0107 rekruterzy. W tym celu analizowane s\u0105 CV, aby okre\u015bli\u0107, czy <\/span><b>potencjalni pracownicy<\/b><span style=\"font-weight: 400;\"> spe\u0142niaj\u0105 wymagania. Niekiedy analiza wymaga du\u017co czasu, kt\u00f3rym dysponuj\u0105 pracownicy agencji outsourcingowej.<\/span>[\/vc_column_text][\/vc_column][\/vc_row][vc_row content_placement=&#8221;middle&#8221;][vc_column width=&#8221;1\/2&#8243;][vc_column_text css_animation=&#8221;fadeInLeft&#8221;]<\/p>\n<h2><b>Ile os\u00f3b pracuje w zespole rekrutacyjnym<\/b><\/h2>\n<p><span style=\"font-weight: 400;\">Nie nale\u017cy oczekiwa\u0107 prostej odpowiedzi, poniewa\u017c wiele zale\u017cy od cz\u0119stotliwo\u015bci wakat\u00f3w w firmie i szeregu innych cech.\u00a0 Aby okre\u015bli\u0107 niezb\u0119dn\u0105 wielko\u015b\u0107 zespo\u0142u, nale\u017cy zrozumie\u0107, \u017ce efektywna praca wymaga:<\/span><\/p>\n<ul>\n<li style=\"font-weight: 400;\" aria-level=\"1\"><span style=\"font-weight: 400;\">mened\u017cera ds. rekrutacji;<\/span><\/li>\n<li style=\"font-weight: 400;\" aria-level=\"1\"><span style=\"font-weight: 400;\">mened\u017cera, kt\u00f3ry okre\u015bli potrzeb\u0119 zatrudnienia nowych pracownik\u00f3w;<\/span><\/li>\n<li style=\"font-weight: 400;\" aria-level=\"1\"><span style=\"font-weight: 400;\">marketingowca do rozpowszechniania informacji o wakacie;<\/span><\/li>\n<li style=\"font-weight: 400;\" aria-level=\"1\"><span style=\"font-weight: 400;\">analityk do przeprowadzania due diligence i oceny wydajno\u015bci;<\/span><\/li>\n<li style=\"font-weight: 400;\" aria-level=\"1\"><span style=\"font-weight: 400;\">asystent mened\u017cera koordynuj\u0105cy harmonogram rozm\u00f3w kwalifikacyjnych.<\/span><\/li>\n<\/ul>\n<p><span style=\"font-weight: 400;\">Du\u017cy zesp\u00f3\u0142 jest potrzebny, gdy selekcja kandydat\u00f3w jest wymagana na wielu poziomach. Korzystaj\u0105c z zasob\u00f3w kilku do\u015bwiadczonych <\/span><b>rekruter\u00f3w<\/b><span style=\"font-weight: 400;\">, mo\u017cliwe jest poszukiwanie ponad 10 pracownik\u00f3w w tym samym czasie.\u00a0<\/span>[\/vc_column_text][\/vc_column][vc_column width=&#8221;1\/2&#8243;][vc_single_image image=&#8221;1020&#8243; img_size=&#8221;full&#8221; css_animation=&#8221;fadeInDown&#8221;][\/vc_column][\/vc_row][vc_row][vc_column][vc_column_text css_animation=&#8221;fadeInRight&#8221;]<\/p>\n<h2><b>Us\u0142uga wyszukiwania i selekcji<\/b><\/h2>\n<p><span style=\"font-weight: 400;\">Opr\u00f3cz pozyskiwania kandydat\u00f3w, mened\u017cer obawia si\u0119 delegowania tej odpowiedzialno\u015bci na firmy zewn\u0119trzne. Om\u00f3wienie kluczowych wymaga\u0144, w tym termin\u00f3w i kwalifikacji do zamkni\u0119cia wakatu, pomo\u017ce oceni\u0107, czy <\/span><b>rekrutacja <\/b><span style=\"font-weight: 400;\">jest skuteczna.<\/span>[\/vc_column_text][\/vc_column][\/vc_row]<\/p>\n<\/div>","protected":false},"excerpt":{"rendered":"<p>[vc_row][vc_column][vc_column_text css_animation=&#8221;fadeInLeft&#8221;]Wzajemne powi\u0105zanie proces\u00f3w biznesowych wida\u0107 szczeg\u00f3lnie dobrze, gdy pomy\u015blimy o konieczno\u015bci znalezienia nowych pracownik\u00f3w. W tym czasie cz\u0119\u015b\u0107 zada\u0144 przekazywana jest w r\u0119ce os\u00f3b, kt\u00f3re nie s\u0105 zaznajomione z ich specyfik\u0105. W konsekwencji &#8211; wydajno\u015b\u0107 pracy spada, a lista nierozwi\u0105zanych zada\u0144 ro\u015bnie. Zapomnienie o takich trudno\u015bciach jest ca\u0142kiem realistyczne. Rekruterzy zajmuj\u0105 si\u0119 likwidacj\u0105 wakat\u00f3w,<\/p>\n","protected":false},"author":4,"featured_media":0,"parent":9032,"menu_order":0,"comment_status":"closed","ping_status":"closed","template":"","meta":{"_acf_changed":false,"_lmt_disableupdate":"","_lmt_disable":"","footnotes":""},"class_list":["post-9066","page","type-page","status-publish","hentry"],"acf":[],"yoast_head":"<!-- This site is optimized with the Yoast SEO plugin v27.3 - https:\/\/yoast.com\/product\/yoast-seo-wordpress\/ -->\n<title>Us\u0142ugi rekrutacyjne w Polsce<\/title>\n<meta name=\"description\" content=\"Jedn\u0105 z kluczowych korzy\u015bci outsourcingu us\u0142ug rekrutacyjnych jest szybko\u015b\u0107 dzia\u0142ania profesjonalist\u00f3w z FCHAIN. Dzi\u0119ki dost\u0119powi do rozbudowanych baz kandydat\u00f3w oraz specjalistycznej wiedzy, mo\u017cemy realizowa\u0107 zadania w rekordowo kr\u00f3tkim czasie.\" \/>\n<meta name=\"robots\" content=\"index, follow, max-snippet:-1, max-image-preview:large, max-video-preview:-1\" \/>\n<link rel=\"canonical\" href=\"https:\/\/pl.f-chain.com\/pl\/uslugi-outsourcingu-i-outstaffingu-w-polsce-pomoga-kazdej-firmie\/uslugi-rekrutacyjne-w-polsce\/\" \/>\n<meta property=\"og:locale\" content=\"pl_PL\" \/>\n<meta property=\"og:type\" content=\"article\" \/>\n<meta property=\"og:title\" content=\"Us\u0142ugi rekrutacyjne w Polsce\" \/>\n<meta property=\"og:description\" content=\"Jedn\u0105 z kluczowych korzy\u015bci outsourcingu us\u0142ug rekrutacyjnych jest szybko\u015b\u0107 dzia\u0142ania profesjonalist\u00f3w z FCHAIN. Dzi\u0119ki dost\u0119powi do rozbudowanych baz kandydat\u00f3w oraz specjalistycznej wiedzy, mo\u017cemy realizowa\u0107 zadania w rekordowo kr\u00f3tkim czasie.\" \/>\n<meta property=\"og:url\" content=\"https:\/\/pl.f-chain.com\/pl\/uslugi-outsourcingu-i-outstaffingu-w-polsce-pomoga-kazdej-firmie\/uslugi-rekrutacyjne-w-polsce\/\" \/>\n<meta property=\"og:site_name\" content=\"FCHAIN\" \/>\n<meta name=\"twitter:card\" content=\"summary_large_image\" \/>\n<meta name=\"twitter:label1\" content=\"Szacowany czas czytania\" \/>\n\t<meta name=\"twitter:data1\" content=\"4 minuty\" \/>\n<script type=\"application\/ld+json\" class=\"yoast-schema-graph\">{\"@context\":\"https:\\\/\\\/schema.org\",\"@graph\":[{\"@type\":\"WebPage\",\"@id\":\"https:\\\/\\\/pl.f-chain.com\\\/pl\\\/uslugi-outsourcingu-i-outstaffingu-w-polsce-pomoga-kazdej-firmie\\\/uslugi-rekrutacyjne-w-polsce\\\/\",\"url\":\"https:\\\/\\\/pl.f-chain.com\\\/pl\\\/uslugi-outsourcingu-i-outstaffingu-w-polsce-pomoga-kazdej-firmie\\\/uslugi-rekrutacyjne-w-polsce\\\/\",\"name\":\"Us\u0142ugi rekrutacyjne w Polsce\",\"isPartOf\":{\"@id\":\"https:\\\/\\\/pl.f-chain.com\\\/#website\"},\"datePublished\":\"2024-07-09T01:04:36+00:00\",\"description\":\"Jedn\u0105 z kluczowych korzy\u015bci outsourcingu us\u0142ug rekrutacyjnych jest szybko\u015b\u0107 dzia\u0142ania profesjonalist\u00f3w z FCHAIN. Dzi\u0119ki dost\u0119powi do rozbudowanych baz kandydat\u00f3w oraz specjalistycznej wiedzy, mo\u017cemy realizowa\u0107 zadania w rekordowo kr\u00f3tkim czasie.\",\"breadcrumb\":{\"@id\":\"https:\\\/\\\/pl.f-chain.com\\\/pl\\\/uslugi-outsourcingu-i-outstaffingu-w-polsce-pomoga-kazdej-firmie\\\/uslugi-rekrutacyjne-w-polsce\\\/#breadcrumb\"},\"inLanguage\":\"pl-PL\",\"potentialAction\":[{\"@type\":\"ReadAction\",\"target\":[\"https:\\\/\\\/pl.f-chain.com\\\/pl\\\/uslugi-outsourcingu-i-outstaffingu-w-polsce-pomoga-kazdej-firmie\\\/uslugi-rekrutacyjne-w-polsce\\\/\"]}]},{\"@type\":\"BreadcrumbList\",\"@id\":\"https:\\\/\\\/pl.f-chain.com\\\/pl\\\/uslugi-outsourcingu-i-outstaffingu-w-polsce-pomoga-kazdej-firmie\\\/uslugi-rekrutacyjne-w-polsce\\\/#breadcrumb\",\"itemListElement\":[{\"@type\":\"ListItem\",\"position\":1,\"name\":\"Us\u0142ugi outsourcingu i outstaffingu\",\"item\":\"https:\\\/\\\/pl.f-chain.com\\\/pl\\\/uslugi-outsourcingu-i-outstaffingu-w-polsce-pomoga-kazdej-firmie\\\/\"},{\"@type\":\"ListItem\",\"position\":2,\"name\":\"Us\u0142ugi rekrutacyjne w Polsce\"}]},{\"@type\":\"WebSite\",\"@id\":\"https:\\\/\\\/pl.f-chain.com\\\/#website\",\"url\":\"https:\\\/\\\/pl.f-chain.com\\\/\",\"name\":\"FCHAIN\",\"description\":\"Financial Chain Corporation - Global\",\"potentialAction\":[{\"@type\":\"SearchAction\",\"target\":{\"@type\":\"EntryPoint\",\"urlTemplate\":\"https:\\\/\\\/pl.f-chain.com\\\/?s={search_term_string}\"},\"query-input\":{\"@type\":\"PropertyValueSpecification\",\"valueRequired\":true,\"valueName\":\"search_term_string\"}}],\"inLanguage\":\"pl-PL\"}]}<\/script>\n<!-- \/ Yoast SEO plugin. -->","yoast_head_json":{"title":"Us\u0142ugi rekrutacyjne w Polsce","description":"Jedn\u0105 z kluczowych korzy\u015bci outsourcingu us\u0142ug rekrutacyjnych jest szybko\u015b\u0107 dzia\u0142ania profesjonalist\u00f3w z FCHAIN. Dzi\u0119ki dost\u0119powi do rozbudowanych baz kandydat\u00f3w oraz specjalistycznej wiedzy, mo\u017cemy realizowa\u0107 zadania w rekordowo kr\u00f3tkim czasie.","robots":{"index":"index","follow":"follow","max-snippet":"max-snippet:-1","max-image-preview":"max-image-preview:large","max-video-preview":"max-video-preview:-1"},"canonical":"https:\/\/pl.f-chain.com\/pl\/uslugi-outsourcingu-i-outstaffingu-w-polsce-pomoga-kazdej-firmie\/uslugi-rekrutacyjne-w-polsce\/","og_locale":"pl_PL","og_type":"article","og_title":"Us\u0142ugi rekrutacyjne w Polsce","og_description":"Jedn\u0105 z kluczowych korzy\u015bci outsourcingu us\u0142ug rekrutacyjnych jest szybko\u015b\u0107 dzia\u0142ania profesjonalist\u00f3w z FCHAIN. Dzi\u0119ki dost\u0119powi do rozbudowanych baz kandydat\u00f3w oraz specjalistycznej wiedzy, mo\u017cemy realizowa\u0107 zadania w rekordowo kr\u00f3tkim czasie.","og_url":"https:\/\/pl.f-chain.com\/pl\/uslugi-outsourcingu-i-outstaffingu-w-polsce-pomoga-kazdej-firmie\/uslugi-rekrutacyjne-w-polsce\/","og_site_name":"FCHAIN","twitter_card":"summary_large_image","twitter_misc":{"Szacowany czas czytania":"4 minuty"},"schema":{"@context":"https:\/\/schema.org","@graph":[{"@type":"WebPage","@id":"https:\/\/pl.f-chain.com\/pl\/uslugi-outsourcingu-i-outstaffingu-w-polsce-pomoga-kazdej-firmie\/uslugi-rekrutacyjne-w-polsce\/","url":"https:\/\/pl.f-chain.com\/pl\/uslugi-outsourcingu-i-outstaffingu-w-polsce-pomoga-kazdej-firmie\/uslugi-rekrutacyjne-w-polsce\/","name":"Us\u0142ugi rekrutacyjne w Polsce","isPartOf":{"@id":"https:\/\/pl.f-chain.com\/#website"},"datePublished":"2024-07-09T01:04:36+00:00","description":"Jedn\u0105 z kluczowych korzy\u015bci outsourcingu us\u0142ug rekrutacyjnych jest szybko\u015b\u0107 dzia\u0142ania profesjonalist\u00f3w z FCHAIN. Dzi\u0119ki dost\u0119powi do rozbudowanych baz kandydat\u00f3w oraz specjalistycznej wiedzy, mo\u017cemy realizowa\u0107 zadania w rekordowo kr\u00f3tkim czasie.","breadcrumb":{"@id":"https:\/\/pl.f-chain.com\/pl\/uslugi-outsourcingu-i-outstaffingu-w-polsce-pomoga-kazdej-firmie\/uslugi-rekrutacyjne-w-polsce\/#breadcrumb"},"inLanguage":"pl-PL","potentialAction":[{"@type":"ReadAction","target":["https:\/\/pl.f-chain.com\/pl\/uslugi-outsourcingu-i-outstaffingu-w-polsce-pomoga-kazdej-firmie\/uslugi-rekrutacyjne-w-polsce\/"]}]},{"@type":"BreadcrumbList","@id":"https:\/\/pl.f-chain.com\/pl\/uslugi-outsourcingu-i-outstaffingu-w-polsce-pomoga-kazdej-firmie\/uslugi-rekrutacyjne-w-polsce\/#breadcrumb","itemListElement":[{"@type":"ListItem","position":1,"name":"Us\u0142ugi outsourcingu i outstaffingu","item":"https:\/\/pl.f-chain.com\/pl\/uslugi-outsourcingu-i-outstaffingu-w-polsce-pomoga-kazdej-firmie\/"},{"@type":"ListItem","position":2,"name":"Us\u0142ugi rekrutacyjne w Polsce"}]},{"@type":"WebSite","@id":"https:\/\/pl.f-chain.com\/#website","url":"https:\/\/pl.f-chain.com\/","name":"FCHAIN","description":"Financial Chain Corporation - Global","potentialAction":[{"@type":"SearchAction","target":{"@type":"EntryPoint","urlTemplate":"https:\/\/pl.f-chain.com\/?s={search_term_string}"},"query-input":{"@type":"PropertyValueSpecification","valueRequired":true,"valueName":"search_term_string"}}],"inLanguage":"pl-PL"}]}},"_links":{"self":[{"href":"https:\/\/pl.f-chain.com\/pl\/wp-json\/wp\/v2\/pages\/9066","targetHints":{"allow":["GET"]}}],"collection":[{"href":"https:\/\/pl.f-chain.com\/pl\/wp-json\/wp\/v2\/pages"}],"about":[{"href":"https:\/\/pl.f-chain.com\/pl\/wp-json\/wp\/v2\/types\/page"}],"author":[{"embeddable":true,"href":"https:\/\/pl.f-chain.com\/pl\/wp-json\/wp\/v2\/users\/4"}],"replies":[{"embeddable":true,"href":"https:\/\/pl.f-chain.com\/pl\/wp-json\/wp\/v2\/comments?post=9066"}],"version-history":[{"count":1,"href":"https:\/\/pl.f-chain.com\/pl\/wp-json\/wp\/v2\/pages\/9066\/revisions"}],"predecessor-version":[{"id":9067,"href":"https:\/\/pl.f-chain.com\/pl\/wp-json\/wp\/v2\/pages\/9066\/revisions\/9067"}],"up":[{"embeddable":true,"href":"https:\/\/pl.f-chain.com\/pl\/wp-json\/wp\/v2\/pages\/9032"}],"wp:attachment":[{"href":"https:\/\/pl.f-chain.com\/pl\/wp-json\/wp\/v2\/media?parent=9066"}],"curies":[{"name":"wp","href":"https:\/\/api.w.org\/{rel}","templated":true}]}}