{"id":9061,"date":"2024-07-09T03:55:16","date_gmt":"2024-07-09T00:55:16","guid":{"rendered":"https:\/\/pl.f-chain.com\/?page_id=9061"},"modified":"2025-02-17T11:20:02","modified_gmt":"2025-02-17T08:20:02","slug":"uslugi-payroll","status":"publish","type":"page","link":"https:\/\/pl.f-chain.com\/pl\/uslugi-outsourcingu-i-outstaffingu-w-polsce-pomoga-kazdej-firmie\/uslugi-payroll\/","title":{"rendered":"Us\u0142ugi Payroll"},"content":{"rendered":"<div class=\"wpb-content-wrapper\"><p>[vc_row equal_height=&#8221;yes&#8221; content_placement=&#8221;middle&#8221;][vc_column][vc_column_text css_animation=&#8221;fadeInLeft&#8221;]<\/p>\n<h3>Zarz\u0105dzanie wynagrodzeniami mo\u017ce zabiera\u0107 du\u017co czasu i by\u0107 skomplikowanym obowi\u0105zkiem dla firm ka\u017cdej wielko\u015bci. Nasze us\u0142ugi p\u0142acowe zosta\u0142y zaprojektowane, aby u\u0142atwi\u0107 sprawy, zapewniaj\u0105c, \u017ce pracowniki otrzymuj\u0105 wynagrodzenie dok\u0142adnie i na czas, przy jednoczesnym zachowaniu zgodno\u015bci z lokalnymi i pa\u0144stwowymi przepisami podatkowymi.<\/h3>\n<p>[\/vc_column_text][\/vc_column][\/vc_row][vc_row equal_height=&#8221;yes&#8221; content_placement=&#8221;middle&#8221;][vc_column width=&#8221;1\/2&#8243;][vc_column_text css_animation=&#8221;fadeInDown&#8221;]<\/p>\n<h3>Nasze us\u0142ugi p\u0142acowe obejmuj\u0105:<\/h3>\n<ul>\n<li><strong>Przetwarzanie wynagrodze\u0144:<\/strong> Zajmujemy si\u0119 wszystkimi aspektami p\u0142ac, w tym obliczeniem wynagrodze\u0144, potr\u0105ceniami podatkowymi, premiami i prowizjami.<\/li>\n<li><strong>Potr\u0105cenia podatkowe i raportowanie:<\/strong> Zapewniamy, \u017ce wszystkie wymagania podatkowe na poziomie pa\u0144stwowym i lokalnym s\u0105 spe\u0142nione, w tym sk\u0142adanie deklaracji podatkowych i dostarczanie niezb\u0119dnych dokument\u00f3w.<\/li>\n<li><strong>\u015awiadczenia pracownicze i potr\u0105cenia:<\/strong> Zarz\u0105dzamy \u015bwiadczeniami, takimi jak sk\u0142adki emerytalne, ubezpieczenie zdrowotne, bonusy i inne potr\u0105cenia.<\/li>\n<li><strong>Przelew bezpo\u015bredni i paski wynagrodzenia:<\/strong> Pracowniki b\u0119d\u0105 korzysta\u0107 z wygody przelewu bezpo\u015bredniego, a na \u017c\u0105danie mo\u017cemy wygienirowa\u0107 paski wynagrodzenia.<\/li>\n<li><strong>Zgodno\u015b\u0107 z przepisami i raportowanie:<\/strong> Zapewniamy, \u017ce wynagrodzenia s\u0105 w pe\u0142ni zgodne z zmieniaj\u0105cymi si\u0119 przepisami prawnymi i regulacjami, w tym nowymi przepisami podatkowymi i wymaganiami raportowymi.<\/li>\n<li><strong>Indywidualne rozwi\u0105zania:<\/strong> Oferujemy rozwi\u0105zania p\u0142acowe, aby dostosowa\u0107 si\u0119 do unikalnych wymaga\u0144 Twojej firmy, niezale\u017cnie od tego, czy jeste\u015b ma\u0142ym startupem, czy du\u017c\u0105 korporacj\u0105.<\/li>\n<\/ul>\n<p>&nbsp;<\/p>\n<h3>Zajmiemy si\u0119 rozliczeniem wynagrodze\u0144, dzi\u0119ki czemu pa\u0144stwo m\u00f3ge skupi\u0107 si\u0119 na prowadzeniu biznesu z poczuciem spokoju, wiedz\u0105c, \u017ce proces rozlicze\u0144 wynagrodze\u0144 jest dok\u0142adny, efektywny i zgodny z przepisami.<\/h3>\n<p>[\/vc_column_text][\/vc_column][vc_column width=&#8221;1\/2&#8243;][vc_single_image image=&#8221;578&#8243; img_size=&#8221;full&#8221; css_animation=&#8221;fadeInRight&#8221;][\/vc_column][\/vc_row]<\/p>\n<\/div>","protected":false},"excerpt":{"rendered":"<p>[vc_row equal_height=&#8221;yes&#8221; content_placement=&#8221;middle&#8221;][vc_column][vc_column_text css_animation=&#8221;fadeInLeft&#8221;] Zarz\u0105dzanie wynagrodzeniami mo\u017ce zabiera\u0107 du\u017co czasu i by\u0107 skomplikowanym obowi\u0105zkiem dla firm ka\u017cdej wielko\u015bci. Nasze us\u0142ugi p\u0142acowe zosta\u0142y zaprojektowane, aby u\u0142atwi\u0107 sprawy, zapewniaj\u0105c, \u017ce pracowniki otrzymuj\u0105 wynagrodzenie dok\u0142adnie i na czas, przy jednoczesnym zachowaniu zgodno\u015bci z lokalnymi i pa\u0144stwowymi przepisami podatkowymi. [\/vc_column_text][\/vc_column][\/vc_row][vc_row equal_height=&#8221;yes&#8221; content_placement=&#8221;middle&#8221;][vc_column width=&#8221;1\/2&#8243;][vc_column_text css_animation=&#8221;fadeInDown&#8221;] Nasze us\u0142ugi p\u0142acowe obejmuj\u0105: Przetwarzanie<\/p>\n","protected":false},"author":4,"featured_media":0,"parent":9032,"menu_order":0,"comment_status":"closed","ping_status":"closed","template":"","meta":{"_acf_changed":false,"_lmt_disableupdate":"no","_lmt_disable":"","footnotes":""},"class_list":["post-9061","page","type-page","status-publish","hentry"],"acf":[],"yoast_head":"<!-- This site is optimized with the Yoast SEO plugin v27.3 - https:\/\/yoast.com\/product\/yoast-seo-wordpress\/ -->\n<title>Us\u0142ugi Payroll<\/title>\n<meta name=\"description\" content=\"Zarz\u0105dzaj\u0105c funduszami p\u0142ac, ka\u017cdy prze\u0142o\u017cony podejmuje ogromne ryzyko, zajmuj\u0105c si\u0119 skomplikowanymi aktywami, raportami i obliczeniami bez wykwalifikowanego wsparcia ksi\u0119gowego.\" \/>\n<meta name=\"robots\" content=\"index, follow, max-snippet:-1, max-image-preview:large, max-video-preview:-1\" \/>\n<link rel=\"canonical\" href=\"https:\/\/pl.f-chain.com\/pl\/uslugi-outsourcingu-i-outstaffingu-w-polsce-pomoga-kazdej-firmie\/uslugi-payroll\/\" \/>\n<meta property=\"og:locale\" content=\"pl_PL\" \/>\n<meta property=\"og:type\" content=\"article\" \/>\n<meta property=\"og:title\" content=\"Us\u0142ugi Payroll\" \/>\n<meta property=\"og:description\" content=\"Zarz\u0105dzaj\u0105c funduszami p\u0142ac, ka\u017cdy prze\u0142o\u017cony podejmuje ogromne ryzyko, zajmuj\u0105c si\u0119 skomplikowanymi aktywami, raportami i obliczeniami bez wykwalifikowanego wsparcia ksi\u0119gowego.\" \/>\n<meta property=\"og:url\" content=\"https:\/\/pl.f-chain.com\/pl\/uslugi-outsourcingu-i-outstaffingu-w-polsce-pomoga-kazdej-firmie\/uslugi-payroll\/\" \/>\n<meta property=\"og:site_name\" content=\"FCHAIN\" \/>\n<meta property=\"article:modified_time\" content=\"2025-02-17T08:20:02+00:00\" \/>\n<meta name=\"twitter:card\" content=\"summary_large_image\" \/>\n<meta name=\"twitter:label1\" content=\"Szacowany czas czytania\" \/>\n\t<meta name=\"twitter:data1\" content=\"2 minuty\" \/>\n<script type=\"application\/ld+json\" class=\"yoast-schema-graph\">{\"@context\":\"https:\\\/\\\/schema.org\",\"@graph\":[{\"@type\":\"WebPage\",\"@id\":\"https:\\\/\\\/pl.f-chain.com\\\/pl\\\/uslugi-outsourcingu-i-outstaffingu-w-polsce-pomoga-kazdej-firmie\\\/uslugi-payroll\\\/\",\"url\":\"https:\\\/\\\/pl.f-chain.com\\\/pl\\\/uslugi-outsourcingu-i-outstaffingu-w-polsce-pomoga-kazdej-firmie\\\/uslugi-payroll\\\/\",\"name\":\"Us\u0142ugi Payroll\",\"isPartOf\":{\"@id\":\"https:\\\/\\\/pl.f-chain.com\\\/#website\"},\"datePublished\":\"2024-07-09T00:55:16+00:00\",\"dateModified\":\"2025-02-17T08:20:02+00:00\",\"description\":\"Zarz\u0105dzaj\u0105c funduszami p\u0142ac, ka\u017cdy prze\u0142o\u017cony podejmuje ogromne ryzyko, zajmuj\u0105c si\u0119 skomplikowanymi aktywami, raportami i obliczeniami bez wykwalifikowanego wsparcia ksi\u0119gowego.\",\"breadcrumb\":{\"@id\":\"https:\\\/\\\/pl.f-chain.com\\\/pl\\\/uslugi-outsourcingu-i-outstaffingu-w-polsce-pomoga-kazdej-firmie\\\/uslugi-payroll\\\/#breadcrumb\"},\"inLanguage\":\"pl-PL\",\"potentialAction\":[{\"@type\":\"ReadAction\",\"target\":[\"https:\\\/\\\/pl.f-chain.com\\\/pl\\\/uslugi-outsourcingu-i-outstaffingu-w-polsce-pomoga-kazdej-firmie\\\/uslugi-payroll\\\/\"]}]},{\"@type\":\"BreadcrumbList\",\"@id\":\"https:\\\/\\\/pl.f-chain.com\\\/pl\\\/uslugi-outsourcingu-i-outstaffingu-w-polsce-pomoga-kazdej-firmie\\\/uslugi-payroll\\\/#breadcrumb\",\"itemListElement\":[{\"@type\":\"ListItem\",\"position\":1,\"name\":\"Us\u0142ugi outsourcingu i outstaffingu\",\"item\":\"https:\\\/\\\/pl.f-chain.com\\\/pl\\\/uslugi-outsourcingu-i-outstaffingu-w-polsce-pomoga-kazdej-firmie\\\/\"},{\"@type\":\"ListItem\",\"position\":2,\"name\":\"Us\u0142ugi Payroll\"}]},{\"@type\":\"WebSite\",\"@id\":\"https:\\\/\\\/pl.f-chain.com\\\/#website\",\"url\":\"https:\\\/\\\/pl.f-chain.com\\\/\",\"name\":\"FCHAIN\",\"description\":\"Financial Chain Corporation - Global\",\"potentialAction\":[{\"@type\":\"SearchAction\",\"target\":{\"@type\":\"EntryPoint\",\"urlTemplate\":\"https:\\\/\\\/pl.f-chain.com\\\/?s={search_term_string}\"},\"query-input\":{\"@type\":\"PropertyValueSpecification\",\"valueRequired\":true,\"valueName\":\"search_term_string\"}}],\"inLanguage\":\"pl-PL\"}]}<\/script>\n<!-- \/ Yoast SEO plugin. -->","yoast_head_json":{"title":"Us\u0142ugi Payroll","description":"Zarz\u0105dzaj\u0105c funduszami p\u0142ac, ka\u017cdy prze\u0142o\u017cony podejmuje ogromne ryzyko, zajmuj\u0105c si\u0119 skomplikowanymi aktywami, raportami i obliczeniami bez wykwalifikowanego wsparcia ksi\u0119gowego.","robots":{"index":"index","follow":"follow","max-snippet":"max-snippet:-1","max-image-preview":"max-image-preview:large","max-video-preview":"max-video-preview:-1"},"canonical":"https:\/\/pl.f-chain.com\/pl\/uslugi-outsourcingu-i-outstaffingu-w-polsce-pomoga-kazdej-firmie\/uslugi-payroll\/","og_locale":"pl_PL","og_type":"article","og_title":"Us\u0142ugi Payroll","og_description":"Zarz\u0105dzaj\u0105c funduszami p\u0142ac, ka\u017cdy prze\u0142o\u017cony podejmuje ogromne ryzyko, zajmuj\u0105c si\u0119 skomplikowanymi aktywami, raportami i obliczeniami bez wykwalifikowanego wsparcia ksi\u0119gowego.","og_url":"https:\/\/pl.f-chain.com\/pl\/uslugi-outsourcingu-i-outstaffingu-w-polsce-pomoga-kazdej-firmie\/uslugi-payroll\/","og_site_name":"FCHAIN","article_modified_time":"2025-02-17T08:20:02+00:00","twitter_card":"summary_large_image","twitter_misc":{"Szacowany czas czytania":"2 minuty"},"schema":{"@context":"https:\/\/schema.org","@graph":[{"@type":"WebPage","@id":"https:\/\/pl.f-chain.com\/pl\/uslugi-outsourcingu-i-outstaffingu-w-polsce-pomoga-kazdej-firmie\/uslugi-payroll\/","url":"https:\/\/pl.f-chain.com\/pl\/uslugi-outsourcingu-i-outstaffingu-w-polsce-pomoga-kazdej-firmie\/uslugi-payroll\/","name":"Us\u0142ugi Payroll","isPartOf":{"@id":"https:\/\/pl.f-chain.com\/#website"},"datePublished":"2024-07-09T00:55:16+00:00","dateModified":"2025-02-17T08:20:02+00:00","description":"Zarz\u0105dzaj\u0105c funduszami p\u0142ac, ka\u017cdy prze\u0142o\u017cony podejmuje ogromne ryzyko, zajmuj\u0105c si\u0119 skomplikowanymi aktywami, raportami i obliczeniami bez wykwalifikowanego wsparcia ksi\u0119gowego.","breadcrumb":{"@id":"https:\/\/pl.f-chain.com\/pl\/uslugi-outsourcingu-i-outstaffingu-w-polsce-pomoga-kazdej-firmie\/uslugi-payroll\/#breadcrumb"},"inLanguage":"pl-PL","potentialAction":[{"@type":"ReadAction","target":["https:\/\/pl.f-chain.com\/pl\/uslugi-outsourcingu-i-outstaffingu-w-polsce-pomoga-kazdej-firmie\/uslugi-payroll\/"]}]},{"@type":"BreadcrumbList","@id":"https:\/\/pl.f-chain.com\/pl\/uslugi-outsourcingu-i-outstaffingu-w-polsce-pomoga-kazdej-firmie\/uslugi-payroll\/#breadcrumb","itemListElement":[{"@type":"ListItem","position":1,"name":"Us\u0142ugi outsourcingu i outstaffingu","item":"https:\/\/pl.f-chain.com\/pl\/uslugi-outsourcingu-i-outstaffingu-w-polsce-pomoga-kazdej-firmie\/"},{"@type":"ListItem","position":2,"name":"Us\u0142ugi Payroll"}]},{"@type":"WebSite","@id":"https:\/\/pl.f-chain.com\/#website","url":"https:\/\/pl.f-chain.com\/","name":"FCHAIN","description":"Financial Chain Corporation - Global","potentialAction":[{"@type":"SearchAction","target":{"@type":"EntryPoint","urlTemplate":"https:\/\/pl.f-chain.com\/?s={search_term_string}"},"query-input":{"@type":"PropertyValueSpecification","valueRequired":true,"valueName":"search_term_string"}}],"inLanguage":"pl-PL"}]}},"_links":{"self":[{"href":"https:\/\/pl.f-chain.com\/pl\/wp-json\/wp\/v2\/pages\/9061","targetHints":{"allow":["GET"]}}],"collection":[{"href":"https:\/\/pl.f-chain.com\/pl\/wp-json\/wp\/v2\/pages"}],"about":[{"href":"https:\/\/pl.f-chain.com\/pl\/wp-json\/wp\/v2\/types\/page"}],"author":[{"embeddable":true,"href":"https:\/\/pl.f-chain.com\/pl\/wp-json\/wp\/v2\/users\/4"}],"replies":[{"embeddable":true,"href":"https:\/\/pl.f-chain.com\/pl\/wp-json\/wp\/v2\/comments?post=9061"}],"version-history":[{"count":3,"href":"https:\/\/pl.f-chain.com\/pl\/wp-json\/wp\/v2\/pages\/9061\/revisions"}],"predecessor-version":[{"id":9284,"href":"https:\/\/pl.f-chain.com\/pl\/wp-json\/wp\/v2\/pages\/9061\/revisions\/9284"}],"up":[{"embeddable":true,"href":"https:\/\/pl.f-chain.com\/pl\/wp-json\/wp\/v2\/pages\/9032"}],"wp:attachment":[{"href":"https:\/\/pl.f-chain.com\/pl\/wp-json\/wp\/v2\/media?parent=9061"}],"curies":[{"name":"wp","href":"https:\/\/api.w.org\/{rel}","templated":true}]}}