{"id":9057,"date":"2024-07-09T03:39:21","date_gmt":"2024-07-09T00:39:21","guid":{"rendered":"https:\/\/pl.f-chain.com\/?page_id=9057"},"modified":"2024-07-09T03:39:21","modified_gmt":"2024-07-09T00:39:21","slug":"wykonywanie-i-redagowanie-umow-w-polsce","status":"publish","type":"page","link":"https:\/\/pl.f-chain.com\/pl\/wykonywanie-i-redagowanie-umow-w-polsce\/","title":{"rendered":"Wykonywanie i redagowanie um\u00f3w w Polsce"},"content":{"rendered":"<div class=\"wpb-content-wrapper\"><p>[vc_row][vc_column][vc_column_text css_animation=&#8221;fadeInLeft&#8221;]<span style=\"font-weight: 400;\">Ka\u017cda firma od momentu swojego powstania staje przed konieczno\u015bci\u0105 przygotowania wielu r\u00f3\u017cnych dokument\u00f3w. <\/span><b>Tworzenie i egzekwowanie um\u00f3w<\/b><span style=\"font-weight: 400;\"> jest jednym z kluczowych moment\u00f3w w \u017cyciu ka\u017cdej firmy. Dlatego bardzo wa\u017cne jest przestrzeganie wszystkich wymog\u00f3w prawnych i zasad podczas ich sporz\u0105dzania. Zazwyczaj umowy s\u0105 sporz\u0105dzane wed\u0142ug standardowego szablonu. Wyj\u0105tek &#8211; umowy dotycz\u0105ce rejestracji ma\u0142\u017ce\u0144stwa, rozwodu, utrzymania dzieci, kwestii maj\u0105tkowych.<\/span>[\/vc_column_text][\/vc_column][\/vc_row][vc_row equal_height=&#8221;yes&#8221; content_placement=&#8221;middle&#8221;][vc_column width=&#8221;1\/2&#8243;][vc_column_text css_animation=&#8221;fadeInLeft&#8221;]<\/p>\n<h2><b>Tworzenie i egzekwowanie um\u00f3w<\/b><\/h2>\n<p><span style=\"font-weight: 400;\">Relacje biznesowe mi\u0119dzy firmami s\u0105 regulowane przez prawo um\u00f3w. Wymaga ono <\/span><b>zawierania um\u00f3w<\/b><span style=\"font-weight: 400;\"> przez obie strony. Umowa jest zazwyczaj zawierana na pi\u015bmie. Umowy mog\u0105 zawiera\u0107 pewne postanowienia uzgodnione przez obie strony, a tak\u017ce mog\u0105 im towarzyszy\u0107 uzupe\u0142nienia i zmiany w ramach prawnych. Najcz\u0119stsze umowy zawierane s\u0105 w takich dziedzinach jak:<\/span><\/p>\n<ul>\n<li style=\"font-weight: 400;\" aria-level=\"1\"><span style=\"font-weight: 400;\">nieruchomo\u015bci;<\/span><\/li>\n<li style=\"font-weight: 400;\" aria-level=\"1\"><span style=\"font-weight: 400;\">prawa rodzinne i prawa dziecka;<\/span><\/li>\n<li style=\"font-weight: 400;\" aria-level=\"1\"><span style=\"font-weight: 400;\">kwestie spadkowe;<\/span><\/li>\n<li style=\"font-weight: 400;\" aria-level=\"1\"><span style=\"font-weight: 400;\">stosunki korporacyjne i inne.<\/span><\/li>\n<\/ul>\n<p><span style=\"font-weight: 400;\">W celu kompetentnego <\/span><b>wykonywania i redagowania um\u00f3w w Polsce<\/b><span style=\"font-weight: 400;\"> konieczne jest zwr\u00f3cenie si\u0119 do do\u015bwiadczonych prawnik\u00f3w, kt\u00f3rzy mog\u0105 zapewni\u0107 klientom <\/span><b>us\u0142ugi prawne<\/b><span style=\"font-weight: 400;\"> na najwy\u017cszym poziomie.<\/span><\/p>\n<h3><b>Umowy urz\u0119dowe w Warszawie<\/b><\/h3>\n<p><span style=\"font-weight: 400;\">Podpisanie ka\u017cdej oficjalnej umowy odbywa si\u0119 w ramach obowi\u0105zuj\u0105cego prawa. A <\/span><b>wykonanie um\u00f3w<\/b><span style=\"font-weight: 400;\"> jest obowi\u0105zkowe dla wszystkich uczestnik\u00f3w, kt\u00f3rzy podpisali ten dokument. Aby unikn\u0105\u0107 spor\u00f3w s\u0105dowych, obie strony dok\u0142adnie rozwa\u017caj\u0105 i uzgadniaj\u0105 ka\u017cdy punkt. Wszystko odbywa si\u0119 zgodnie ze wszystkimi normami prawnymi. Je\u015bli jednak pojawiaj\u0105 si\u0119 kwestie sporne, cz\u0119sto konieczne jest zwr\u00f3cenie si\u0119 o pomoc do zewn\u0119trznych specjalist\u00f3w.<\/span>[\/vc_column_text][\/vc_column][vc_column width=&#8221;1\/2&#8243;][vc_single_image image=&#8221;9052&#8243; img_size=&#8221;full&#8221; css_animation=&#8221;fadeInRight&#8221;][\/vc_column][\/vc_row][vc_row equal_height=&#8221;yes&#8221; content_placement=&#8221;middle&#8221;][vc_column width=&#8221;1\/2&#8243;][vc_single_image image=&#8221;9048&#8243; img_size=&#8221;full&#8221; css_animation=&#8221;fadeInDown&#8221;][\/vc_column][vc_column width=&#8221;1\/2&#8243;][vc_column_text css_animation=&#8221;fadeInRight&#8221;]<\/p>\n<h2><b>Notarialne po\u015bwiadczenie um\u00f3w<\/b><\/h2>\n<p><span style=\"font-weight: 400;\">Przy zawieraniu um\u00f3w, a tak\u017ce przy <\/span><b>sporz\u0105dzaniu oficjalnych um\u00f3w notarialnych<\/b><span style=\"font-weight: 400;\"> w Polsce, nale\u017cy zwr\u00f3ci\u0107 si\u0119 do wykwalifikowanych notariuszy. S\u0105 oni kompetentni w pracy z umowami z r\u00f3\u017cnych dziedzin i mog\u0105 pom\u00f3c w kwestiach dziedziczenia, podzia\u0142u maj\u0105tku, rejestracji nieruchomo\u015bci i wielu innych. Notarialne po\u015bwiadczenie lub podpisanie dokument\u00f3w przez notariusza jest niezb\u0119dne przy sporz\u0105dzaniu um\u00f3w ma\u0142\u017ce\u0144skich, <\/span><b>um\u00f3w sprzeda\u017cy<\/b><span style=\"font-weight: 400;\"> i dziedziczenia maj\u0105tku rzeczowego. Zg\u0142aszaj\u0105c si\u0119 do takiego specjalisty, mo\u017cesz mie\u0107 pewno\u015b\u0107, \u017ce wszystkie dokumenty zostan\u0105 wykonane prawid\u0142owo, a Twoje interesy &#8211; rzetelnie zabezpieczone.<\/span><\/p>\n<h3><b>Dokumentacja umowy<\/b><\/h3>\n<p><span style=\"font-weight: 400;\">Prawnik pomaga w <\/span><b>tworzeniu um\u00f3w<\/b><span style=\"font-weight: 400;\">, ale proces ten wi\u0105\u017ce si\u0119 z pewnymi formalno\u015bciami. Przed sporz\u0105dzeniem umowy omawia si\u0119, czy b\u0119dzie to umowa ustna na papierze, czy <\/span><b>notarialne po\u015bwiadczenie um\u00f3w w Warszawie<\/b><span style=\"font-weight: 400;\">.<\/span><\/p>\n<p><span style=\"font-weight: 400;\">Po sporz\u0105dzeniu umowy, jest ona dok\u0142adnie kalkulowana, aby w przysz\u0142o\u015bci, z powodu b\u0142\u0119d\u00f3w, nie by\u0142o konieczno\u015bci<\/span><b> jej rozwi\u0105zywania<\/b><span style=\"font-weight: 400;\">. Bior\u0105c pod uwag\u0119 takie aspekty jak przedmiot, warunki, terminy obowi\u0105zywania, obowi\u0105zki stron. Je\u015bli jest to dokument finansowy, pod uwag\u0119 brane s\u0105 zyski podlegaj\u0105ce opodatkowaniu, c\u0142a, VAT, wydatki itp.<\/span><\/p>\n<p><span style=\"font-weight: 400;\">B\u0142\u0119dy w umowach prawnych cz\u0119sto wynikaj\u0105 z niekompetencji przedsi\u0119biorc\u00f3w, nieznajomo\u015bci prawa i przepis\u00f3w. Aby unikn\u0105\u0107 takich problem\u00f3w, nale\u017cy skontaktowa\u0107 si\u0119 z prawnikami rzetelnej, sprawdzonej, wyspecjalizowanej firmy.<\/span>[\/vc_column_text][\/vc_column][\/vc_row][vc_row equal_height=&#8221;yes&#8221; content_placement=&#8221;middle&#8221;][vc_column width=&#8221;1\/2&#8243;][vc_column_text css_animation=&#8221;fadeInDown&#8221;]<\/p>\n<h2><b>Umowy inwestycyjne<\/b><\/h2>\n<p><span style=\"font-weight: 400;\">Je\u015bli chodzi o inwestowanie w polsk\u0105 gospodark\u0119, pa\u0144stwo nie rozr\u00f3\u017cnia swoich obywateli od obcokrajowc\u00f3w i nak\u0142ada jedynie <\/span><b>wymogi formalnoprawne<\/b><span style=\"font-weight: 400;\">. Jest to bardzo korzystne dla potencjalnych inwestor\u00f3w, kt\u00f3rzy s\u0105 gotowi kupi\u0107 nieruchomo\u015b\u0107 lub dokona\u0107 wp\u0142aty na cele charytatywne. Dzi\u0119ki stale rozwijaj\u0105cej si\u0119 gospodarce, kraj oferuje mo\u017cliwo\u015bci inwestowania w obszarach takich jak nieruchomo\u015bci, motoryzacja, rolnictwo, przemys\u0142 spo\u017cywczy itp. Zalety inwestowania w Polsce, kt\u00f3ra jest krajem UE, obejmuj\u0105 du\u017cy zas\u00f3b kapita\u0142u, dost\u0119pno\u015b\u0107 si\u0142y roboczej o r\u00f3\u017cnych kwalifikacjach, wysoki poziom innowacyjno\u015bci, bezpiecze\u0144stwo i komfort \u017cycia, nauki i pracy.<\/span><\/p>\n<h3><b>Rozwi\u0105zanie umowy<\/b><\/h3>\n<p><span style=\"font-weight: 400;\">W przypadku zaistnienia okoliczno\u015bci wymagaj\u0105cych rozwi\u0105zania umowy, np. w zakresie prowadzonej dzia\u0142alno\u015bci gospodarczej, konieczne jest kompetentne podej\u015bcie do tej kwestii. Polskie prawo przewiduje pewne sposoby rozwi\u0105zywania um\u00f3w. Je\u015bli jest to np. umowa sprzeda\u017cy lub umowa o dzie\u0142o, jedna ze stron ma prawo rozwi\u0105za\u0107 j\u0105 wed\u0142ug w\u0142asnego uznania, je\u015bli druga strona nie wywi\u0105zuje si\u0119 ze swoich obowi\u0105zk\u00f3w lub ra\u017c\u0105co je narusza. W przypadku innych um\u00f3w konieczne jest zapoznanie si\u0119 z odr\u0119bnymi klauzulami i <\/span><b>wymogami formalno prawnymi<\/b><span style=\"font-weight: 400;\">, ale zawsze nale\u017cy dzia\u0142a\u0107 na polu prawnym.<\/span><\/p>\n<p><span style=\"font-weight: 400;\">Zesp\u00f3\u0142 profesjonalist\u00f3w FChain pomo\u017ce rozwi\u0105za\u0107 wszelkie kwestie zwi\u0105zane z <\/span><b>realizacj\u0105 um\u00f3w<\/b><span style=\"font-weight: 400;\"> i innymi powi\u0105zanymi zagadnieniami. Wsp\u00f3\u0142pracuj\u0105c ze specjalistami firmy, klienci mog\u0105 by\u0107 pewni jako\u015bci \u015bwiadczonych us\u0142ug.<\/span><\/p>\n<p><span style=\"font-weight: 400;\">R\u00f3wnie\u017c na naszej stronie internetowej mo\u017cna znale\u017a\u0107 <\/span><b>najcz\u0119\u015bciej zadawane pytania dotycz\u0105ce um\u00f3w w Polsce<\/b><span style=\"font-weight: 400;\">, na kt\u00f3re odpowiedzi mog\u0105 by\u0107 przydatne.<\/span>[\/vc_column_text][\/vc_column][vc_column width=&#8221;1\/2&#8243;][vc_single_image image=&#8221;9050&#8243; img_size=&#8221;full&#8221;][\/vc_column][\/vc_row]<\/p>\n<\/div>","protected":false},"excerpt":{"rendered":"<p>[vc_row][vc_column][vc_column_text css_animation=&#8221;fadeInLeft&#8221;]Ka\u017cda firma od momentu swojego powstania staje przed konieczno\u015bci\u0105 przygotowania wielu r\u00f3\u017cnych dokument\u00f3w. Tworzenie i egzekwowanie um\u00f3w jest jednym z kluczowych moment\u00f3w w \u017cyciu ka\u017cdej firmy. Dlatego bardzo wa\u017cne jest przestrzeganie wszystkich wymog\u00f3w prawnych i zasad podczas ich sporz\u0105dzania. Zazwyczaj umowy s\u0105 sporz\u0105dzane wed\u0142ug standardowego szablonu. Wyj\u0105tek &#8211; umowy dotycz\u0105ce rejestracji ma\u0142\u017ce\u0144stwa, rozwodu, utrzymania<\/p>\n","protected":false},"author":4,"featured_media":0,"parent":0,"menu_order":0,"comment_status":"closed","ping_status":"closed","template":"","meta":{"_acf_changed":false,"_lmt_disableupdate":"","_lmt_disable":"","footnotes":""},"class_list":["post-9057","page","type-page","status-publish","hentry"],"acf":[],"yoast_head":"<!-- This site is optimized with the Yoast SEO plugin v27.3 - https:\/\/yoast.com\/product\/yoast-seo-wordpress\/ -->\n<title>Wykonywanie i redagowanie um\u00f3w w Polsce<\/title>\n<meta name=\"description\" content=\"Relacje biznesowe pomi\u0119dzy sp\u00f3\u0142kami reguluj\u0105 przepisy prawa um\u00f3w. Wymaga to realizacji um\u00f3w przez obie strony. FCHAIN \u200b\u200bpomo\u017ce!\" \/>\n<meta name=\"robots\" content=\"index, follow, max-snippet:-1, max-image-preview:large, max-video-preview:-1\" \/>\n<link rel=\"canonical\" href=\"https:\/\/pl.f-chain.com\/pl\/wykonywanie-i-redagowanie-umow-w-polsce\/\" \/>\n<meta property=\"og:locale\" content=\"pl_PL\" \/>\n<meta property=\"og:type\" content=\"article\" \/>\n<meta property=\"og:title\" content=\"Wykonywanie i redagowanie um\u00f3w w Polsce\" \/>\n<meta property=\"og:description\" content=\"Relacje biznesowe pomi\u0119dzy sp\u00f3\u0142kami reguluj\u0105 przepisy prawa um\u00f3w. Wymaga to realizacji um\u00f3w przez obie strony. FCHAIN \u200b\u200bpomo\u017ce!\" \/>\n<meta property=\"og:url\" content=\"https:\/\/pl.f-chain.com\/pl\/wykonywanie-i-redagowanie-umow-w-polsce\/\" \/>\n<meta property=\"og:site_name\" content=\"FCHAIN\" \/>\n<meta name=\"twitter:card\" content=\"summary_large_image\" \/>\n<meta name=\"twitter:label1\" content=\"Szacowany czas czytania\" \/>\n\t<meta name=\"twitter:data1\" content=\"5 minut\" \/>\n<script type=\"application\/ld+json\" class=\"yoast-schema-graph\">{\"@context\":\"https:\\\/\\\/schema.org\",\"@graph\":[{\"@type\":\"WebPage\",\"@id\":\"https:\\\/\\\/pl.f-chain.com\\\/pl\\\/wykonywanie-i-redagowanie-umow-w-polsce\\\/\",\"url\":\"https:\\\/\\\/pl.f-chain.com\\\/pl\\\/wykonywanie-i-redagowanie-umow-w-polsce\\\/\",\"name\":\"Wykonywanie i redagowanie um\u00f3w w Polsce\",\"isPartOf\":{\"@id\":\"https:\\\/\\\/pl.f-chain.com\\\/#website\"},\"datePublished\":\"2024-07-09T00:39:21+00:00\",\"description\":\"Relacje biznesowe pomi\u0119dzy sp\u00f3\u0142kami reguluj\u0105 przepisy prawa um\u00f3w. Wymaga to realizacji um\u00f3w przez obie strony. FCHAIN \u200b\u200bpomo\u017ce!\",\"inLanguage\":\"pl-PL\",\"potentialAction\":[{\"@type\":\"ReadAction\",\"target\":[\"https:\\\/\\\/pl.f-chain.com\\\/pl\\\/wykonywanie-i-redagowanie-umow-w-polsce\\\/\"]}]},{\"@type\":\"WebSite\",\"@id\":\"https:\\\/\\\/pl.f-chain.com\\\/#website\",\"url\":\"https:\\\/\\\/pl.f-chain.com\\\/\",\"name\":\"FCHAIN\",\"description\":\"Financial Chain Corporation - Global\",\"potentialAction\":[{\"@type\":\"SearchAction\",\"target\":{\"@type\":\"EntryPoint\",\"urlTemplate\":\"https:\\\/\\\/pl.f-chain.com\\\/?s={search_term_string}\"},\"query-input\":{\"@type\":\"PropertyValueSpecification\",\"valueRequired\":true,\"valueName\":\"search_term_string\"}}],\"inLanguage\":\"pl-PL\"}]}<\/script>\n<!-- \/ Yoast SEO plugin. -->","yoast_head_json":{"title":"Wykonywanie i redagowanie um\u00f3w w Polsce","description":"Relacje biznesowe pomi\u0119dzy sp\u00f3\u0142kami reguluj\u0105 przepisy prawa um\u00f3w. Wymaga to realizacji um\u00f3w przez obie strony. FCHAIN \u200b\u200bpomo\u017ce!","robots":{"index":"index","follow":"follow","max-snippet":"max-snippet:-1","max-image-preview":"max-image-preview:large","max-video-preview":"max-video-preview:-1"},"canonical":"https:\/\/pl.f-chain.com\/pl\/wykonywanie-i-redagowanie-umow-w-polsce\/","og_locale":"pl_PL","og_type":"article","og_title":"Wykonywanie i redagowanie um\u00f3w w Polsce","og_description":"Relacje biznesowe pomi\u0119dzy sp\u00f3\u0142kami reguluj\u0105 przepisy prawa um\u00f3w. Wymaga to realizacji um\u00f3w przez obie strony. FCHAIN \u200b\u200bpomo\u017ce!","og_url":"https:\/\/pl.f-chain.com\/pl\/wykonywanie-i-redagowanie-umow-w-polsce\/","og_site_name":"FCHAIN","twitter_card":"summary_large_image","twitter_misc":{"Szacowany czas czytania":"5 minut"},"schema":{"@context":"https:\/\/schema.org","@graph":[{"@type":"WebPage","@id":"https:\/\/pl.f-chain.com\/pl\/wykonywanie-i-redagowanie-umow-w-polsce\/","url":"https:\/\/pl.f-chain.com\/pl\/wykonywanie-i-redagowanie-umow-w-polsce\/","name":"Wykonywanie i redagowanie um\u00f3w w Polsce","isPartOf":{"@id":"https:\/\/pl.f-chain.com\/#website"},"datePublished":"2024-07-09T00:39:21+00:00","description":"Relacje biznesowe pomi\u0119dzy sp\u00f3\u0142kami reguluj\u0105 przepisy prawa um\u00f3w. Wymaga to realizacji um\u00f3w przez obie strony. FCHAIN \u200b\u200bpomo\u017ce!","inLanguage":"pl-PL","potentialAction":[{"@type":"ReadAction","target":["https:\/\/pl.f-chain.com\/pl\/wykonywanie-i-redagowanie-umow-w-polsce\/"]}]},{"@type":"WebSite","@id":"https:\/\/pl.f-chain.com\/#website","url":"https:\/\/pl.f-chain.com\/","name":"FCHAIN","description":"Financial Chain Corporation - Global","potentialAction":[{"@type":"SearchAction","target":{"@type":"EntryPoint","urlTemplate":"https:\/\/pl.f-chain.com\/?s={search_term_string}"},"query-input":{"@type":"PropertyValueSpecification","valueRequired":true,"valueName":"search_term_string"}}],"inLanguage":"pl-PL"}]}},"_links":{"self":[{"href":"https:\/\/pl.f-chain.com\/pl\/wp-json\/wp\/v2\/pages\/9057","targetHints":{"allow":["GET"]}}],"collection":[{"href":"https:\/\/pl.f-chain.com\/pl\/wp-json\/wp\/v2\/pages"}],"about":[{"href":"https:\/\/pl.f-chain.com\/pl\/wp-json\/wp\/v2\/types\/page"}],"author":[{"embeddable":true,"href":"https:\/\/pl.f-chain.com\/pl\/wp-json\/wp\/v2\/users\/4"}],"replies":[{"embeddable":true,"href":"https:\/\/pl.f-chain.com\/pl\/wp-json\/wp\/v2\/comments?post=9057"}],"version-history":[{"count":1,"href":"https:\/\/pl.f-chain.com\/pl\/wp-json\/wp\/v2\/pages\/9057\/revisions"}],"predecessor-version":[{"id":9058,"href":"https:\/\/pl.f-chain.com\/pl\/wp-json\/wp\/v2\/pages\/9057\/revisions\/9058"}],"wp:attachment":[{"href":"https:\/\/pl.f-chain.com\/pl\/wp-json\/wp\/v2\/media?parent=9057"}],"curies":[{"name":"wp","href":"https:\/\/api.w.org\/{rel}","templated":true}]}}