{"id":9041,"date":"2024-07-09T02:45:57","date_gmt":"2024-07-08T23:45:57","guid":{"rendered":"https:\/\/pl.f-chain.com\/?page_id=9041"},"modified":"2024-08-12T17:05:39","modified_gmt":"2024-08-12T14:05:39","slug":"likwidacja-spolki-w-polsce","status":"publish","type":"page","link":"https:\/\/pl.f-chain.com\/pl\/likwidacja-spolki-w-polsce\/","title":{"rendered":"Likwidacja sp\u00f3\u0142ki w Polsce"},"content":{"rendered":"<div class=\"wpb-content-wrapper\"><p>[vc_row][vc_column][vc_column_text css_animation=&#8221;fadeInLeft&#8221;]<span style=\"font-weight: 400;\">Zgodnie z prawem, <\/span><b>likwidacja sp\u00f3\u0142ki w Polsce<\/b><span style=\"font-weight: 400;\"> mo\u017ce by\u0107 przeprowadzona na dwa sposoby: dobrowolnie i przymusowo. W pierwszym przypadku procedura obejmuje przej\u015bcie dyrektora na emerytur\u0119 lub jest uruchamiana, gdy firma nie s\u0142u\u017cy ju\u017c \u017cadnemu u\u017cytecznemu celowi. Mo\u017ce ona zosta\u0107 zainicjowana na zgromadzeniu wy\u0142\u0105cznie przez uczestnik\u00f3w sp\u00f3\u0142ki (za\u0142o\u017cycieli, wsp\u00f3lnik\u00f3w). Przymusowe <\/span><b>rozwi\u0105zanie sp\u00f3\u0142ki<\/b><span style=\"font-weight: 400;\"> jest zazwyczaj inicjowane przez wierzycieli i jest przeprowadzane po posiedzeniu s\u0105du. Takie rozwi\u0105zanie ma miejsce, gdy sp\u00f3\u0142ka nie mo\u017ce kontynuowa\u0107 swojej dzia\u0142alno\u015bci z powod\u00f3w finansowych. Og\u00f3lnym celem tego procesu jest zapewnienie dywidendy wszystkim znanym wierzycielom Jest to co\u015b, co inwestorzy musz\u0105 wiedzie\u0107 na etapie otwierania nowej firmy.<\/span>[\/vc_column_text][\/vc_column][\/vc_row][vc_row equal_height=&#8221;yes&#8221; content_placement=&#8221;middle&#8221;][vc_column width=&#8221;1\/2&#8243;][vc_column_text css_animation=&#8221;fadeInLeft&#8221;]<\/p>\n<h2><b>Likwidacja podmiotu prawnego<\/b><\/h2>\n<p><span style=\"font-weight: 400;\">Cz\u0119sto zdarza si\u0119, \u017ce firma nie jest w stanie sp\u0142aci\u0107 swoich d\u0142ug\u00f3w i znajduje si\u0119 w z\u0142ej sytuacji. Wtedy wierzyciele mog\u0105 rozpocz\u0105\u0107 przymusowe rozwi\u0105zanie. W tym celu sk\u0142adaj\u0105 wniosek do s\u0105du i zg\u0142aszaj\u0105, \u017ce sp\u00f3\u0142ka jest im winna okre\u015blon\u0105 kwot\u0119, ale nie jest w stanie jej zap\u0142aci\u0107. Procedura jest podobna do dobrowolnej, ale likwidator jest wyznaczany przez s\u0105d i kontroluje ca\u0142y proces. Istnieje r\u00f3wnie\u017c inna procedura, w ramach kt\u00f3rej dyrektorzy niewyp\u0142acalnej sp\u00f3\u0142ki samodzielnie wybieraj\u0105 i wyznaczaj\u0105 zarz\u0105dc\u0119. W trakcie tego procesu istnieje sta\u0142y kontakt z ksi\u0119gowymi w celu zapewnienia, \u017ce pozosta\u0142e aktywa zostan\u0105 odpowiednio rozdzielone mi\u0119dzy wierzycieli sp\u00f3\u0142ki. W takim przypadku warto skorzysta\u0107 z us\u0142ugi <\/span><b>likwidacji sp\u00f3\u0142ki<\/b><span style=\"font-weight: 400;\">. W trakcie procesu specjalista przygotuje raporty i inn\u0105 dokumentacj\u0119 finansow\u0105 zgodnie z obowi\u0105zuj\u0105cym w Polsce prawem.\u00a0<\/span><\/p>\n<h3><b>Us\u0142ugi likwidacyjne<\/b><\/h3>\n<p><span style=\"font-weight: 400;\">Poniewa\u017c <\/span><b>likwidacja sp\u00f3\u0142ki<\/b><span style=\"font-weight: 400;\"> to powa\u017cny proces, jego obs\u0142ug\u0119 warto powierzy\u0107 do\u015bwiadczonym prawnikom. B\u0119d\u0105 oni w stanie zapewni\u0107 zgodno\u015b\u0107 ze wszystkimi wymogami prawnymi i przygotowa\u0107 wszystkie dokumenty uzupe\u0142niaj\u0105ce, a po zako\u0144czeniu procedury powiadomi\u0105 wszystkie odpowiednie organy i ewentualnych wierzycieli o statusie sp\u00f3\u0142ki. Pomog\u0105 r\u00f3wnie\u017c w przygotowaniu wszystkich raport\u00f3w ksi\u0119gowych i doradz\u0105, jak dysponowa\u0107 bilansem likwidacyjnym.<\/span><\/p>\n<p><span style=\"font-weight: 400;\">Gdy wszystkie wymogi prawne zostan\u0105 spe\u0142nione, prawnicy wyrejestruj\u0105 sp\u00f3\u0142k\u0119 z rejestru handlowego i wykonaj\u0105 wszystkie inne <\/span><b>us\u0142ugi likwidacyjne<\/b><span style=\"font-weight: 400;\">, aby zako\u0144czy\u0107 proces.<\/span>[\/vc_column_text][\/vc_column][vc_column width=&#8221;1\/2&#8243;][vc_single_image image=&#8221;8951&#8243; img_size=&#8221;full&#8221; css_animation=&#8221;fadeInRight&#8221;][\/vc_column][\/vc_row][vc_row equal_height=&#8221;yes&#8221; content_placement=&#8221;middle&#8221;][vc_column width=&#8221;1\/2&#8243;][vc_single_image image=&#8221;8945&#8243; img_size=&#8221;full&#8221; css_animation=&#8221;fadeInDown&#8221;][\/vc_column][vc_column width=&#8221;1\/2&#8243;][vc_column_text css_animation=&#8221;fadeInRight&#8221;]<\/p>\n<h2><b>Rozwi\u0105zanie dzia\u0142alno\u015bci gospodarczej<\/b><\/h2>\n<p><span style=\"font-weight: 400;\">Aby pomy\u015blnie przeprowadzi\u0107 t\u0119 procedur\u0119, konieczne jest skorzystanie z <\/span><b>us\u0142ugi likwidacji sp\u00f3\u0142ki w Polsce<\/b><span style=\"font-weight: 400;\">. Specjali\u015bci przygotuj\u0105 niezb\u0119dne dokumenty i przed\u0142o\u017c\u0105 je w\u0142a\u015bciwemu organowi do rozpatrzenia. Wa\u017cne jest jednak, aby zrozumie\u0107, \u017ce <\/span><b>proces likwidacji<\/b><span style=\"font-weight: 400;\"> nie jest szybki i mo\u017ce trwa\u0107 ponad rok, a w niekt\u00f3rych przypadkach mo\u017ce trwa\u0107 d\u0142u\u017cej.<\/span><\/p>\n<h3><b>Rozwi\u0105zanie sp\u00f3\u0142ki<\/b><\/h3>\n<p><span style=\"font-weight: 400;\">Rozwi\u0105zanie sp\u00f3\u0142ki zasadniczo oznacza jej usuni\u0119cie z oficjalnego rejestru Izby Rejestrowej. W rzeczywisto\u015bci przestaje ona istnie\u0107 prawnie. Rozwi\u0105zanie sp\u00f3\u0142ki jest w przewa\u017caj\u0105cej mierze procesem dobrowolnym, ale w niekt\u00f3rych przypadkach mo\u017ce zosta\u0107 zainicjowane zewn\u0119trznie z powodu niewywi\u0105zania si\u0119 przez sp\u00f3\u0142k\u0119 z jej zobowi\u0105za\u0144, w tym zobowi\u0105za\u0144 finansowych. Wniosek mo\u017cna z\u0142o\u017cy\u0107 online. Nale\u017cy r\u00f3wnie\u017c ui\u015bci\u0107 op\u0142at\u0119 za <\/span><b>us\u0142ugi likwidacyjne<\/b><span style=\"font-weight: 400;\">.<\/span>[\/vc_column_text][\/vc_column][\/vc_row][vc_row equal_height=&#8221;yes&#8221; content_placement=&#8221;middle&#8221;][vc_column width=&#8221;1\/2&#8243;][vc_column_text css_animation=&#8221;fadeInUp&#8221;]<\/p>\n<h2><b>Kroki przygotowawcze do likwidacji<\/b><\/h2>\n<p><span style=\"font-weight: 400;\">Aby rozwi\u0105za\u0107 firm\u0119 lub sp\u00f3\u0142k\u0119, nale\u017cy wykona\u0107 nast\u0119puj\u0105ce kroki:<\/span><\/p>\n<ul>\n<li style=\"font-weight: 400;\" aria-level=\"1\"><span style=\"font-weight: 400;\">Przygotowa\u0107 uchwa\u0142\u0119 okre\u015blaj\u0105c\u0105 pow\u00f3d rozwi\u0105zania;<\/span><\/li>\n<li style=\"font-weight: 400;\" aria-level=\"1\"><span style=\"font-weight: 400;\">po\u015bwiadczy\u0107 dokument notarialnie;<\/span><\/li>\n<li style=\"font-weight: 400;\" aria-level=\"1\"><span style=\"font-weight: 400;\">wys\u0142a\u0107 zawiadomienie do rejestru handlowego kraju;<\/span><\/li>\n<li style=\"font-weight: 400;\" aria-level=\"1\"><span style=\"font-weight: 400;\">przeprowadzi\u0107 anulowanie um\u00f3w z klientami i um\u00f3w o \u015bwiadczenie us\u0142ug otrzymanych przez sp\u00f3\u0142k\u0119;<\/span><\/li>\n<li style=\"font-weight: 400;\" aria-level=\"1\"><span style=\"font-weight: 400;\">przygotowanie zwolnienia pracownik\u00f3w zgodnie z umowami o prac\u0119;<\/span><\/li>\n<li style=\"font-weight: 400;\" aria-level=\"1\"><span style=\"font-weight: 400;\">\u015bledzenie zatwierdzenia <\/span><b>rozwi\u0105zania firmy <\/b><span style=\"font-weight: 400;\">w rejestrze handlowym.<\/span><\/li>\n<\/ul>\n<p><span style=\"font-weight: 400;\">Spe\u0142nienie wszystkich powy\u017cszych punkt\u00f3w pomo\u017ce w\u0142a\u015bcicielowi utrzyma\u0107 nienagann\u0105 reputacj\u0119 biznesow\u0105 i unikn\u0105\u0107 problem\u00f3w z prawem. <\/span><b>Proces likwidacji sp\u00f3\u0142ki<\/b><span style=\"font-weight: 400;\"> trwa oko\u0142o roku i uznaje si\u0119 go za zako\u0144czony, gdy sp\u00f3\u0142ka ca\u0142kowicie zaprzestanie dzia\u0142alno\u015bci i zostanie wykre\u015blona z Rejestru Handlowego.\u00a0<\/span><\/p>\n<h3><b>Status sp\u00f3\u0142ki w likwidacji<\/b><\/h3>\n<p><span style=\"font-weight: 400;\">Obecnie <\/span><b>procedurom likwidacyjnym sp\u00f3\u0142ek w Polsce<\/b><span style=\"font-weight: 400;\"> towarzyszy sprzeda\u017c aktyw\u00f3w w celu sp\u0142aty d\u0142ug\u00f3w wobec wierzycieli i oficjalne zamkni\u0119cie dzia\u0142alno\u015bci. W tym czasie nazwa sp\u00f3\u0142ki pozostaje w rejestrze handlowym, ale jej status zmienia si\u0119 na \u201eLikwidacja\u201d. Usuni\u0119cie nazwy nast\u0119puje oko\u0142o trzech miesi\u0119cy po zako\u0144czeniu rozwi\u0105zania.<\/span><\/p>\n<p><span style=\"font-weight: 400;\">Rozumiej\u0105c wszystkie osobliwo\u015bci procedury, znaj\u0105c jej specyfik\u0119 i etapy realizacji, znacznie \u0142atwiej jest przej\u015b\u0107 przez ca\u0142y proces od pocz\u0105tku do ko\u0144ca. Jest to znacznie d\u0142u\u017csze ni\u017c rozpocz\u0119cie dzia\u0142alno\u015bci gospodarczej, ale z pomoc\u0105 do\u015bwiadczonych prawnik\u00f3w p\u00f3jdzie g\u0142adko i spokojnie. Wa\u017cne jest, aby zwr\u00f3ci\u0107 si\u0119 do profesjonalist\u00f3w i nie martwi\u0107 si\u0119 o \u017cadne niepo\u017c\u0105dane konsekwencje lub niepokryte zobowi\u0105zania wobec zainteresowanych stron.<\/span>[\/vc_column_text][\/vc_column][vc_column width=&#8221;1\/2&#8243;][vc_single_image image=&#8221;8948&#8243; img_size=&#8221;full&#8221;][\/vc_column][\/vc_row]<\/p>\n<\/div>","protected":false},"excerpt":{"rendered":"<p>[vc_row][vc_column][vc_column_text css_animation=&#8221;fadeInLeft&#8221;]Zgodnie z prawem, likwidacja sp\u00f3\u0142ki w Polsce mo\u017ce by\u0107 przeprowadzona na dwa sposoby: dobrowolnie i przymusowo. W pierwszym przypadku procedura obejmuje przej\u015bcie dyrektora na emerytur\u0119 lub jest uruchamiana, gdy firma nie s\u0142u\u017cy ju\u017c \u017cadnemu u\u017cytecznemu celowi. Mo\u017ce ona zosta\u0107 zainicjowana na zgromadzeniu wy\u0142\u0105cznie przez uczestnik\u00f3w sp\u00f3\u0142ki (za\u0142o\u017cycieli, wsp\u00f3lnik\u00f3w). Przymusowe rozwi\u0105zanie sp\u00f3\u0142ki jest zazwyczaj inicjowane<\/p>\n","protected":false},"author":4,"featured_media":0,"parent":0,"menu_order":0,"comment_status":"closed","ping_status":"closed","template":"","meta":{"_acf_changed":false,"_lmt_disableupdate":"no","_lmt_disable":"","footnotes":""},"class_list":["post-9041","page","type-page","status-publish","hentry"],"acf":[],"yoast_head":"<!-- This site is optimized with the Yoast SEO plugin v27.3 - https:\/\/yoast.com\/product\/yoast-seo-wordpress\/ -->\n<title>Likwidacja sp\u00f3\u0142ki w Polsce<\/title>\n<meta name=\"description\" content=\"Aby skutecznie przeprowadzi\u0107 proces likwidacji, FCHAIN \u200b\u200bzaleca skorzystanie z us\u0142ugi likwidacji sp\u00f3\u0142ki w Polsce\" \/>\n<meta name=\"robots\" content=\"index, follow, max-snippet:-1, max-image-preview:large, max-video-preview:-1\" \/>\n<link rel=\"canonical\" href=\"https:\/\/pl.f-chain.com\/pl\/likwidacja-spolki-w-polsce\/\" \/>\n<meta property=\"og:locale\" content=\"pl_PL\" \/>\n<meta property=\"og:type\" content=\"article\" \/>\n<meta property=\"og:title\" content=\"Likwidacja sp\u00f3\u0142ki w Polsce\" \/>\n<meta property=\"og:description\" content=\"Aby skutecznie przeprowadzi\u0107 proces likwidacji, FCHAIN \u200b\u200bzaleca skorzystanie z us\u0142ugi likwidacji sp\u00f3\u0142ki w Polsce\" \/>\n<meta property=\"og:url\" content=\"https:\/\/pl.f-chain.com\/pl\/likwidacja-spolki-w-polsce\/\" \/>\n<meta property=\"og:site_name\" content=\"FCHAIN\" \/>\n<meta property=\"article:modified_time\" content=\"2024-08-12T14:05:39+00:00\" \/>\n<meta name=\"twitter:card\" content=\"summary_large_image\" \/>\n<meta name=\"twitter:label1\" content=\"Szacowany czas czytania\" \/>\n\t<meta name=\"twitter:data1\" content=\"3 minuty\" \/>\n<script type=\"application\/ld+json\" class=\"yoast-schema-graph\">{\"@context\":\"https:\\\/\\\/schema.org\",\"@graph\":[{\"@type\":\"WebPage\",\"@id\":\"https:\\\/\\\/pl.f-chain.com\\\/pl\\\/likwidacja-spolki-w-polsce\\\/\",\"url\":\"https:\\\/\\\/pl.f-chain.com\\\/pl\\\/likwidacja-spolki-w-polsce\\\/\",\"name\":\"Likwidacja sp\u00f3\u0142ki w Polsce\",\"isPartOf\":{\"@id\":\"https:\\\/\\\/pl.f-chain.com\\\/#website\"},\"datePublished\":\"2024-07-08T23:45:57+00:00\",\"dateModified\":\"2024-08-12T14:05:39+00:00\",\"description\":\"Aby skutecznie przeprowadzi\u0107 proces likwidacji, FCHAIN \u200b\u200bzaleca skorzystanie z us\u0142ugi likwidacji sp\u00f3\u0142ki w Polsce\",\"inLanguage\":\"pl-PL\",\"potentialAction\":[{\"@type\":\"ReadAction\",\"target\":[\"https:\\\/\\\/pl.f-chain.com\\\/pl\\\/likwidacja-spolki-w-polsce\\\/\"]}]},{\"@type\":\"WebSite\",\"@id\":\"https:\\\/\\\/pl.f-chain.com\\\/#website\",\"url\":\"https:\\\/\\\/pl.f-chain.com\\\/\",\"name\":\"FCHAIN\",\"description\":\"Financial Chain Corporation - Global\",\"potentialAction\":[{\"@type\":\"SearchAction\",\"target\":{\"@type\":\"EntryPoint\",\"urlTemplate\":\"https:\\\/\\\/pl.f-chain.com\\\/?s={search_term_string}\"},\"query-input\":{\"@type\":\"PropertyValueSpecification\",\"valueRequired\":true,\"valueName\":\"search_term_string\"}}],\"inLanguage\":\"pl-PL\"}]}<\/script>\n<!-- \/ Yoast SEO plugin. -->","yoast_head_json":{"title":"Likwidacja sp\u00f3\u0142ki w Polsce","description":"Aby skutecznie przeprowadzi\u0107 proces likwidacji, FCHAIN \u200b\u200bzaleca skorzystanie z us\u0142ugi likwidacji sp\u00f3\u0142ki w Polsce","robots":{"index":"index","follow":"follow","max-snippet":"max-snippet:-1","max-image-preview":"max-image-preview:large","max-video-preview":"max-video-preview:-1"},"canonical":"https:\/\/pl.f-chain.com\/pl\/likwidacja-spolki-w-polsce\/","og_locale":"pl_PL","og_type":"article","og_title":"Likwidacja sp\u00f3\u0142ki w Polsce","og_description":"Aby skutecznie przeprowadzi\u0107 proces likwidacji, FCHAIN \u200b\u200bzaleca skorzystanie z us\u0142ugi likwidacji sp\u00f3\u0142ki w Polsce","og_url":"https:\/\/pl.f-chain.com\/pl\/likwidacja-spolki-w-polsce\/","og_site_name":"FCHAIN","article_modified_time":"2024-08-12T14:05:39+00:00","twitter_card":"summary_large_image","twitter_misc":{"Szacowany czas czytania":"3 minuty"},"schema":{"@context":"https:\/\/schema.org","@graph":[{"@type":"WebPage","@id":"https:\/\/pl.f-chain.com\/pl\/likwidacja-spolki-w-polsce\/","url":"https:\/\/pl.f-chain.com\/pl\/likwidacja-spolki-w-polsce\/","name":"Likwidacja sp\u00f3\u0142ki w Polsce","isPartOf":{"@id":"https:\/\/pl.f-chain.com\/#website"},"datePublished":"2024-07-08T23:45:57+00:00","dateModified":"2024-08-12T14:05:39+00:00","description":"Aby skutecznie przeprowadzi\u0107 proces likwidacji, FCHAIN \u200b\u200bzaleca skorzystanie z us\u0142ugi likwidacji sp\u00f3\u0142ki w Polsce","inLanguage":"pl-PL","potentialAction":[{"@type":"ReadAction","target":["https:\/\/pl.f-chain.com\/pl\/likwidacja-spolki-w-polsce\/"]}]},{"@type":"WebSite","@id":"https:\/\/pl.f-chain.com\/#website","url":"https:\/\/pl.f-chain.com\/","name":"FCHAIN","description":"Financial Chain Corporation - Global","potentialAction":[{"@type":"SearchAction","target":{"@type":"EntryPoint","urlTemplate":"https:\/\/pl.f-chain.com\/?s={search_term_string}"},"query-input":{"@type":"PropertyValueSpecification","valueRequired":true,"valueName":"search_term_string"}}],"inLanguage":"pl-PL"}]}},"_links":{"self":[{"href":"https:\/\/pl.f-chain.com\/pl\/wp-json\/wp\/v2\/pages\/9041","targetHints":{"allow":["GET"]}}],"collection":[{"href":"https:\/\/pl.f-chain.com\/pl\/wp-json\/wp\/v2\/pages"}],"about":[{"href":"https:\/\/pl.f-chain.com\/pl\/wp-json\/wp\/v2\/types\/page"}],"author":[{"embeddable":true,"href":"https:\/\/pl.f-chain.com\/pl\/wp-json\/wp\/v2\/users\/4"}],"replies":[{"embeddable":true,"href":"https:\/\/pl.f-chain.com\/pl\/wp-json\/wp\/v2\/comments?post=9041"}],"version-history":[{"count":2,"href":"https:\/\/pl.f-chain.com\/pl\/wp-json\/wp\/v2\/pages\/9041\/revisions"}],"predecessor-version":[{"id":9174,"href":"https:\/\/pl.f-chain.com\/pl\/wp-json\/wp\/v2\/pages\/9041\/revisions\/9174"}],"wp:attachment":[{"href":"https:\/\/pl.f-chain.com\/pl\/wp-json\/wp\/v2\/media?parent=9041"}],"curies":[{"name":"wp","href":"https:\/\/api.w.org\/{rel}","templated":true}]}}