{"id":9036,"date":"2024-07-09T01:55:42","date_gmt":"2024-07-08T22:55:42","guid":{"rendered":"https:\/\/pl.f-chain.com\/?page_id=9036"},"modified":"2024-07-09T04:07:55","modified_gmt":"2024-07-09T01:07:55","slug":"uslugi-hr-w-zakresie-rekrutacji","status":"publish","type":"page","link":"https:\/\/pl.f-chain.com\/pl\/uslugi-hr-w-zakresie-rekrutacji\/","title":{"rendered":"Us\u0142ugi HR w zakresie rekrutacji"},"content":{"rendered":"<div class=\"wpb-content-wrapper\"><p>[vc_row][vc_column][vc_column_text css_animation=&#8221;fadeInLeft&#8221;]<span style=\"font-weight: 400;\">Jak zrozumie\u0107, \u017ce pracownik pracuje na swoim miejscu i nie przer\u00f3s\u0142 zajmowanego stanowiska? Na to pytanie mo\u017ce odpowiedzie\u0107 do\u015bwiadczony pracownik, kt\u00f3ry sp\u0119dzi\u0142 du\u017co czasu na przeprowadzaniu rozm\u00f3w kwalifikacyjnych, sprawdzaniu potencjalnych kandydat\u00f3w i zatrudnianiu najlepszych kandydat\u00f3w do pracy. Maj\u0105c to na uwadze, <\/span><b>us\u0142ugi HR w Polsce<\/b><span style=\"font-weight: 400;\"> staj\u0105 si\u0119 natychmiast istotne i obiecuj\u0105ce. Warto jednak lepiej zrozumie\u0107 ich obowi\u0105zki i mo\u017cliwo\u015bci przed zdobyciem nowego do\u015bwiadczenia z HR.<\/span>[\/vc_column_text][\/vc_column][\/vc_row][vc_row equal_height=&#8221;yes&#8221; content_placement=&#8221;middle&#8221;][vc_column width=&#8221;1\/2&#8243;][vc_column_text css_animation=&#8221;fadeInDown&#8221;]<\/p>\n<h2><b>Co oferuje dostawca us\u0142ug HR<\/b><\/h2>\n<p><span style=\"font-weight: 400;\">Znalezienie nowych pracownik\u00f3w jest zawsze czasoch\u0142onne, je\u015bli firma jest zainteresowana wsp\u00f3\u0142prac\u0105 z <\/span><b>wysoko wykwalifikowanymi specjalistami<\/b><span style=\"font-weight: 400;\">. Czas potrzebny na selekcj\u0119 kandydat\u00f3w mo\u017ce i powinien zosta\u0107 skr\u00f3cony. W tym celu dost\u0119pne s\u0105 proste rozwi\u0105zania, kt\u00f3re nale\u017cy oceni\u0107 na podstawie ich zalet:<\/span><\/p>\n<ul>\n<li style=\"font-weight: 400;\" aria-level=\"1\"><span style=\"font-weight: 400;\">oszcz\u0119dno\u015b\u0107 czasu dzi\u0119ki przekazaniu obowi\u0105zk\u00f3w <\/span><b>specjalistom HR<\/b><span style=\"font-weight: 400;\"> posiadaj\u0105cym odpowiednie umiej\u0119tno\u015bci i wiedz\u0119;<\/span><\/li>\n<li style=\"font-weight: 400;\" aria-level=\"1\"><span style=\"font-weight: 400;\">brak konieczno\u015bci redystrybucji zada\u0144, poniewa\u017c poszukiwanie kandydat\u00f3w nie jest odpowiednim zaj\u0119ciem dla np. programisty;<\/span><\/li>\n<li style=\"font-weight: 400;\" aria-level=\"1\"><span style=\"font-weight: 400;\">gwarantowane wyniki, na kt\u00f3re nie trzeba czeka\u0107 tygodniami lub miesi\u0105cami;<\/span><\/li>\n<li style=\"font-weight: 400;\" aria-level=\"1\"><span style=\"font-weight: 400;\">dost\u0119pno\u015b\u0107 bazy danych z informacjami o potencjalnych kandydatach z do\u015bwiadczeniem w w\u0105skich obszarach.<\/span><\/li>\n<\/ul>\n<p><span style=\"font-weight: 400;\">Alokacja zasob\u00f3w <\/span><b>mi\u0119dzynarodowych firm<\/b><span style=\"font-weight: 400;\"> jest bardziej korzystna ni\u017c si\u0119 wydaje. Opr\u00f3cz prostoty tego rozwi\u0105zania, istnieje mo\u017cliwo\u015b\u0107 uzyskania szczeg\u00f3\u0142owego CV i upewnienia si\u0119, \u017ce nowy pracownik poradzi sobie z powierzonymi obowi\u0105zkami. Zajmuje si\u0119 tym <\/span><b>firma doradztwa personalnego.<\/b><\/p>\n<h3><b>Outsourcing pracownik\u00f3w w Warszawie dla kompetentnego zarz\u0105dzania<\/b><\/h3>\n<p><span style=\"font-weight: 400;\">Dob\u00f3r kandydat\u00f3w na dane stanowisko to jedna z funkcji konsultanta HR. Opr\u00f3cz tego specjalista wykonuje inne zadania zwi\u0105zane z tworzeniem kultury organizacyjnej i zarz\u0105dzaniem personelem. Nie ma potrzeby zatrudniania nikogo poza niezb\u0119dnymi<\/span><b> pracownikami zdalnymi<\/b><span style=\"font-weight: 400;\">.<\/span><\/p>\n<p><b>Outsourcing <\/b><span style=\"font-weight: 400;\">to spos\u00f3b na w\u0142a\u015bciw\u0105 alokacj\u0119 \u015brodk\u00f3w. Zawierana jest umowa o wsp\u00f3\u0142pracy w celu wykonania okre\u015blonego zadania. Po otrzymaniu rezultatu firma nie jest zobowi\u0105zana do utrzymywania \u201enieobowi\u0105zkowego\u201d dzia\u0142u. Warto r\u00f3wnie\u017c doda\u0107, \u017ce <\/span><b>zarejestrowany pracodawca <\/b><span style=\"font-weight: 400;\">otrzymuje inne korzy\u015bci &#8211; szybkie przetwarzanie wniosk\u00f3w, gwarancj\u0119 realizacji i jako\u015bci rekrutacji.<\/span><\/p>\n<h2><b>Profesjonalne wsparcie HR: kiedy poprosi\u0107 o pomoc<\/b><\/h2>\n<p><span style=\"font-weight: 400;\">O tym, kiedy potrzebna jest profesjonalna pomoc, mo\u017cna si\u0119 przekona\u0107, patrz\u0105c na list\u0119 zada\u0144, kt\u00f3re ma do wykonania pracodawca. Poniewa\u017c wynaj\u0119ty pracownik jest potrzebny nie tylko do znalezienia <\/span><b>pracownik\u00f3w zdalnych<\/b><span style=\"font-weight: 400;\">, konieczne jest por\u00f3wnanie oferowanych us\u0142ug i mo\u017cliwo\u015bci dzia\u0142u outsourcingu.<\/span><\/p>\n<p><span style=\"font-weight: 400;\">Dla uproszczenia warto podkre\u015bli\u0107 g\u0142\u00f3wne powody, kt\u00f3re wskazuj\u0105 na potrzeb\u0119 skorzystania z pomocy z zewn\u0105trz:<\/span><\/p>\n<ul>\n<li style=\"font-weight: 400;\" aria-level=\"1\"><span style=\"font-weight: 400;\">Brak czasu na poszukiwanie kandydat\u00f3w i przetwarzanie CV;<\/span><\/li>\n<li style=\"font-weight: 400;\" aria-level=\"1\"><span style=\"font-weight: 400;\">planowanie rozszerzenia dzia\u0142alno\u015bci firmy;<\/span><\/li>\n<li style=\"font-weight: 400;\" aria-level=\"1\"><span style=\"font-weight: 400;\">otwieranie nowych oddzia\u0142\u00f3w w s\u0105siednich miastach;<\/span><\/li>\n<li style=\"font-weight: 400;\" aria-level=\"1\"><span style=\"font-weight: 400;\">ch\u0119\u0107 stworzenia nowoczesnej kultury korporacyjnej.<\/span><\/li>\n<\/ul>\n<p><span style=\"font-weight: 400;\">Planowanie szkole\u0144 pracownik\u00f3w i ustalanie harmonogram\u00f3w jest r\u00f3wnie\u017c obs\u0142ugiwane przez outsourcing <\/span><b>us\u0142ug kadrowych<\/b><span style=\"font-weight: 400;\">. Specjalistom mo\u017cna przydzieli\u0107 te zadania, kt\u00f3re wp\u0142ywaj\u0105 na efektywno\u015b\u0107 personelu. Pozwala to kontrolowa\u0107 obci\u0105\u017cenie prac\u0105 i uzyskiwa\u0107 lepsze wyniki.<\/span>[\/vc_column_text][\/vc_column][vc_column width=&#8221;1\/2&#8243;][vc_single_image image=&#8221;741&#8243; img_size=&#8221;full&#8221; css_animation=&#8221;fadeInUp&#8221;][\/vc_column][\/vc_row][vc_row equal_height=&#8221;yes&#8221; content_placement=&#8221;middle&#8221;][vc_column width=&#8221;1\/2&#8243;][vc_single_image image=&#8221;687&#8243; img_size=&#8221;full&#8221; css_animation=&#8221;fadeInLeft&#8221;][\/vc_column][vc_column width=&#8221;1\/2&#8243;][vc_column_text css_animation=&#8221;fadeInRight&#8221;]<\/p>\n<h2><b>Cel analityki HR<\/b><\/h2>\n<p><span style=\"font-weight: 400;\">Gromadzenie i przetwarzanie danych o pracownikach jest nie mniej wa\u017cnym aspektem w pracy firm. Specjali\u015bci maj\u0105cy dost\u0119p do tych informacji podejmuj\u0105 \u015bwiadome decyzje. W tym celu wykorzystuj\u0105 wska\u017aniki rotacji pracownik\u00f3w i d\u0142ugo\u015b\u0107 ich cyklu \u017cycia.<\/span><\/p>\n<p><b>Dostawca us\u0142ug HR<\/b><span style=\"font-weight: 400;\"> jest zainteresowany popraw\u0105 atmosfery pracy w zespole. W rezultacie udaje mu si\u0119 zwr\u00f3ci\u0107 uwag\u0119 na problematyczne kwestie, znale\u017a\u0107 sposoby ich rozwi\u0105zania i zwi\u0119kszy\u0107 produktywno\u015b\u0107. Nie trzeba dodawa\u0107, \u017ce sukces firmy zale\u017cy od dobrego samopoczucia poszczeg\u00f3lnych pracownik\u00f3w.<\/span><\/p>\n<h3><b>Jak przeprowadzana jest analiza HR<\/b><\/h3>\n<p><span style=\"font-weight: 400;\">Wyniki bada\u0144 wp\u0142ywaj\u0105 na strategi\u0119 doboru pracownik\u00f3w. Informacje o wska\u017anikach pomog\u0105 podj\u0105\u0107 \u015bwiadom\u0105 decyzj\u0119 popart\u0105 analityk\u0105. Aby przeprowadzi\u0107 analiz\u0119 <\/span><b>rekord\u00f3w pracownik\u00f3w<\/b><span style=\"font-weight: 400;\">, nale\u017cy:<\/span><\/p>\n<ul>\n<li style=\"font-weight: 400;\" aria-level=\"1\"><span style=\"font-weight: 400;\">poda\u0107 informacje na temat d\u0142ugo\u015bci cyklu \u017cycia pracownika;<\/span><\/li>\n<li style=\"font-weight: 400;\" aria-level=\"1\"><span style=\"font-weight: 400;\">okre\u015bli\u0107 wiek, dane demograficzne i inne wska\u017aniki, kt\u00f3re czasami prowadz\u0105 do nieporozumie\u0144;<\/span><\/li>\n<li style=\"font-weight: 400;\" aria-level=\"1\"><span style=\"font-weight: 400;\">przeprowadzi\u0107 badania satysfakcji.<\/span><\/li>\n<\/ul>\n<p><span style=\"font-weight: 400;\">Korzystaj\u0105c z rzeczywistych danych, znacznie \u0142atwiej jest zidentyfikowa\u0107 problemy i skierowa\u0107 wysi\u0142ki w celu ich naprawienia.<\/span>[\/vc_column_text][\/vc_column][\/vc_row][vc_row equal_height=&#8221;yes&#8221; content_placement=&#8221;middle&#8221;][vc_column width=&#8221;1\/2&#8243;][vc_column_text css_animation=&#8221;fadeInDown&#8221;]<\/p>\n<h2><b>Pracownicy zdalni s\u0105 r\u00f3wnie\u017c wa\u017cni<\/b><\/h2>\n<p><span style=\"font-weight: 400;\">Coraz wi\u0119cej firm poszukuje pracownik\u00f3w, kt\u00f3rzy pracuj\u0105 zdalnie. Aby znale\u017a\u0107 kandydat\u00f3w, konieczne jest przestudiowanie tysi\u0119cy kwestionariuszy zamieszczonych na gie\u0142dach pracy i w zasobach. W pozbyciu si\u0119 tej trudno\u015bci pomo\u017ce wsp\u00f3\u0142praca z rzetelnym HR specjalist\u0105 w rekrutacji <\/span><b>pracownik\u00f3w zdalnych<\/b><span style=\"font-weight: 400;\">. Dok\u0142adna weryfikacja i szybkie wyniki to dobre powody, by zwr\u00f3ci\u0107 si\u0119 o pomoc do profesjonalisty.<\/span>[\/vc_column_text][\/vc_column][vc_column width=&#8221;1\/2&#8243;][vc_single_image image=&#8221;742&#8243; img_size=&#8221;full&#8221; css_animation=&#8221;fadeInRight&#8221;][\/vc_column][\/vc_row]<\/p>\n<\/div>","protected":false},"excerpt":{"rendered":"<p>[vc_row][vc_column][vc_column_text css_animation=&#8221;fadeInLeft&#8221;]Jak zrozumie\u0107, \u017ce pracownik pracuje na swoim miejscu i nie przer\u00f3s\u0142 zajmowanego stanowiska? Na to pytanie mo\u017ce odpowiedzie\u0107 do\u015bwiadczony pracownik, kt\u00f3ry sp\u0119dzi\u0142 du\u017co czasu na przeprowadzaniu rozm\u00f3w kwalifikacyjnych, sprawdzaniu potencjalnych kandydat\u00f3w i zatrudnianiu najlepszych kandydat\u00f3w do pracy. Maj\u0105c to na uwadze, us\u0142ugi HR w Polsce staj\u0105 si\u0119 natychmiast istotne i obiecuj\u0105ce. Warto jednak lepiej<\/p>\n","protected":false},"author":4,"featured_media":0,"parent":0,"menu_order":0,"comment_status":"closed","ping_status":"closed","template":"","meta":{"_acf_changed":false,"_lmt_disableupdate":"no","_lmt_disable":"","footnotes":""},"class_list":["post-9036","page","type-page","status-publish","hentry"],"acf":[],"yoast_head":"<!-- This site is optimized with the Yoast SEO plugin v27.3 - https:\/\/yoast.com\/product\/yoast-seo-wordpress\/ -->\n<title>Us\u0142ugi HR w zakresie rekrutacji<\/title>\n<meta name=\"description\" content=\"Wsp\u00f3\u0142praca z rzetelnym HR-em specjalizuj\u0105cym si\u0119 w rekrutacji pracownik\u00f3w zdalnych mo\u017ce pom\u00f3c Ci pozby\u0107 si\u0119 tej trudno\u015bci. Dok\u0142adne badanie przesiewowe i szybkie wyniki to dobry pow\u00f3d, aby zwr\u00f3ci\u0107 si\u0119 o pomoc do profesjonalisty.\" \/>\n<meta name=\"robots\" content=\"index, follow, max-snippet:-1, max-image-preview:large, max-video-preview:-1\" \/>\n<link rel=\"canonical\" href=\"https:\/\/pl.f-chain.com\/pl\/uslugi-hr-w-zakresie-rekrutacji\/\" \/>\n<meta property=\"og:locale\" content=\"pl_PL\" \/>\n<meta property=\"og:type\" content=\"article\" \/>\n<meta property=\"og:title\" content=\"Us\u0142ugi HR w zakresie rekrutacji\" \/>\n<meta property=\"og:description\" content=\"Wsp\u00f3\u0142praca z rzetelnym HR-em specjalizuj\u0105cym si\u0119 w rekrutacji pracownik\u00f3w zdalnych mo\u017ce pom\u00f3c Ci pozby\u0107 si\u0119 tej trudno\u015bci. Dok\u0142adne badanie przesiewowe i szybkie wyniki to dobry pow\u00f3d, aby zwr\u00f3ci\u0107 si\u0119 o pomoc do profesjonalisty.\" \/>\n<meta property=\"og:url\" content=\"https:\/\/pl.f-chain.com\/pl\/uslugi-hr-w-zakresie-rekrutacji\/\" \/>\n<meta property=\"og:site_name\" content=\"FCHAIN\" \/>\n<meta property=\"article:modified_time\" content=\"2024-07-09T01:07:55+00:00\" \/>\n<meta name=\"twitter:card\" content=\"summary_large_image\" \/>\n<meta name=\"twitter:label1\" content=\"Szacowany czas czytania\" \/>\n\t<meta name=\"twitter:data1\" content=\"4 minuty\" \/>\n<script type=\"application\/ld+json\" class=\"yoast-schema-graph\">{\"@context\":\"https:\\\/\\\/schema.org\",\"@graph\":[{\"@type\":\"WebPage\",\"@id\":\"https:\\\/\\\/pl.f-chain.com\\\/pl\\\/uslugi-hr-w-zakresie-rekrutacji\\\/\",\"url\":\"https:\\\/\\\/pl.f-chain.com\\\/pl\\\/uslugi-hr-w-zakresie-rekrutacji\\\/\",\"name\":\"Us\u0142ugi HR w zakresie rekrutacji\",\"isPartOf\":{\"@id\":\"https:\\\/\\\/pl.f-chain.com\\\/#website\"},\"datePublished\":\"2024-07-08T22:55:42+00:00\",\"dateModified\":\"2024-07-09T01:07:55+00:00\",\"description\":\"Wsp\u00f3\u0142praca z rzetelnym HR-em specjalizuj\u0105cym si\u0119 w rekrutacji pracownik\u00f3w zdalnych mo\u017ce pom\u00f3c Ci pozby\u0107 si\u0119 tej trudno\u015bci. Dok\u0142adne badanie przesiewowe i szybkie wyniki to dobry pow\u00f3d, aby zwr\u00f3ci\u0107 si\u0119 o pomoc do profesjonalisty.\",\"inLanguage\":\"pl-PL\",\"potentialAction\":[{\"@type\":\"ReadAction\",\"target\":[\"https:\\\/\\\/pl.f-chain.com\\\/pl\\\/uslugi-hr-w-zakresie-rekrutacji\\\/\"]}]},{\"@type\":\"WebSite\",\"@id\":\"https:\\\/\\\/pl.f-chain.com\\\/#website\",\"url\":\"https:\\\/\\\/pl.f-chain.com\\\/\",\"name\":\"FCHAIN\",\"description\":\"Financial Chain Corporation - Global\",\"potentialAction\":[{\"@type\":\"SearchAction\",\"target\":{\"@type\":\"EntryPoint\",\"urlTemplate\":\"https:\\\/\\\/pl.f-chain.com\\\/?s={search_term_string}\"},\"query-input\":{\"@type\":\"PropertyValueSpecification\",\"valueRequired\":true,\"valueName\":\"search_term_string\"}}],\"inLanguage\":\"pl-PL\"}]}<\/script>\n<!-- \/ Yoast SEO plugin. -->","yoast_head_json":{"title":"Us\u0142ugi HR w zakresie rekrutacji","description":"Wsp\u00f3\u0142praca z rzetelnym HR-em specjalizuj\u0105cym si\u0119 w rekrutacji pracownik\u00f3w zdalnych mo\u017ce pom\u00f3c Ci pozby\u0107 si\u0119 tej trudno\u015bci. Dok\u0142adne badanie przesiewowe i szybkie wyniki to dobry pow\u00f3d, aby zwr\u00f3ci\u0107 si\u0119 o pomoc do profesjonalisty.","robots":{"index":"index","follow":"follow","max-snippet":"max-snippet:-1","max-image-preview":"max-image-preview:large","max-video-preview":"max-video-preview:-1"},"canonical":"https:\/\/pl.f-chain.com\/pl\/uslugi-hr-w-zakresie-rekrutacji\/","og_locale":"pl_PL","og_type":"article","og_title":"Us\u0142ugi HR w zakresie rekrutacji","og_description":"Wsp\u00f3\u0142praca z rzetelnym HR-em specjalizuj\u0105cym si\u0119 w rekrutacji pracownik\u00f3w zdalnych mo\u017ce pom\u00f3c Ci pozby\u0107 si\u0119 tej trudno\u015bci. Dok\u0142adne badanie przesiewowe i szybkie wyniki to dobry pow\u00f3d, aby zwr\u00f3ci\u0107 si\u0119 o pomoc do profesjonalisty.","og_url":"https:\/\/pl.f-chain.com\/pl\/uslugi-hr-w-zakresie-rekrutacji\/","og_site_name":"FCHAIN","article_modified_time":"2024-07-09T01:07:55+00:00","twitter_card":"summary_large_image","twitter_misc":{"Szacowany czas czytania":"4 minuty"},"schema":{"@context":"https:\/\/schema.org","@graph":[{"@type":"WebPage","@id":"https:\/\/pl.f-chain.com\/pl\/uslugi-hr-w-zakresie-rekrutacji\/","url":"https:\/\/pl.f-chain.com\/pl\/uslugi-hr-w-zakresie-rekrutacji\/","name":"Us\u0142ugi HR w zakresie rekrutacji","isPartOf":{"@id":"https:\/\/pl.f-chain.com\/#website"},"datePublished":"2024-07-08T22:55:42+00:00","dateModified":"2024-07-09T01:07:55+00:00","description":"Wsp\u00f3\u0142praca z rzetelnym HR-em specjalizuj\u0105cym si\u0119 w rekrutacji pracownik\u00f3w zdalnych mo\u017ce pom\u00f3c Ci pozby\u0107 si\u0119 tej trudno\u015bci. Dok\u0142adne badanie przesiewowe i szybkie wyniki to dobry pow\u00f3d, aby zwr\u00f3ci\u0107 si\u0119 o pomoc do profesjonalisty.","inLanguage":"pl-PL","potentialAction":[{"@type":"ReadAction","target":["https:\/\/pl.f-chain.com\/pl\/uslugi-hr-w-zakresie-rekrutacji\/"]}]},{"@type":"WebSite","@id":"https:\/\/pl.f-chain.com\/#website","url":"https:\/\/pl.f-chain.com\/","name":"FCHAIN","description":"Financial Chain Corporation - Global","potentialAction":[{"@type":"SearchAction","target":{"@type":"EntryPoint","urlTemplate":"https:\/\/pl.f-chain.com\/?s={search_term_string}"},"query-input":{"@type":"PropertyValueSpecification","valueRequired":true,"valueName":"search_term_string"}}],"inLanguage":"pl-PL"}]}},"_links":{"self":[{"href":"https:\/\/pl.f-chain.com\/pl\/wp-json\/wp\/v2\/pages\/9036","targetHints":{"allow":["GET"]}}],"collection":[{"href":"https:\/\/pl.f-chain.com\/pl\/wp-json\/wp\/v2\/pages"}],"about":[{"href":"https:\/\/pl.f-chain.com\/pl\/wp-json\/wp\/v2\/types\/page"}],"author":[{"embeddable":true,"href":"https:\/\/pl.f-chain.com\/pl\/wp-json\/wp\/v2\/users\/4"}],"replies":[{"embeddable":true,"href":"https:\/\/pl.f-chain.com\/pl\/wp-json\/wp\/v2\/comments?post=9036"}],"version-history":[{"count":1,"href":"https:\/\/pl.f-chain.com\/pl\/wp-json\/wp\/v2\/pages\/9036\/revisions"}],"predecessor-version":[{"id":9037,"href":"https:\/\/pl.f-chain.com\/pl\/wp-json\/wp\/v2\/pages\/9036\/revisions\/9037"}],"wp:attachment":[{"href":"https:\/\/pl.f-chain.com\/pl\/wp-json\/wp\/v2\/media?parent=9036"}],"curies":[{"name":"wp","href":"https:\/\/api.w.org\/{rel}","templated":true}]}}