{"id":9032,"date":"2024-07-09T01:16:26","date_gmt":"2024-07-08T22:16:26","guid":{"rendered":"https:\/\/pl.f-chain.com\/?page_id=9032"},"modified":"2025-08-09T10:16:26","modified_gmt":"2025-08-09T07:16:26","slug":"uslugi-outsourcingu-i-outstaffingu-w-polsce-pomoga-kazdej-firmie","status":"publish","type":"page","link":"https:\/\/pl.f-chain.com\/pl\/uslugi-outsourcingu-i-outstaffingu-w-polsce-pomoga-kazdej-firmie\/","title":{"rendered":"Us\u0142ugi outsourcingu i outstaffingu"},"content":{"rendered":"<div class=\"wpb-content-wrapper\"><p>[vc_row][vc_column][vc_column_text css_animation=&#8221;fadeInLeft&#8221;]Prowadzenie ksi\u0119gowo\u015bci w ka\u017cdej firmie zale\u017cy od formy prawnej samego przedsi\u0119biorstwa. O ile w przypadku ma\u0142ych firm i plac\u00f3wek handlowych mo\u017ce wystarczy\u0107 jeden lub dw\u00f3ch specjalist\u00f3w, o tyle w przypadku du\u017cego przedsi\u0119biorstwa ca\u0142y dzia\u0142 mo\u017ce okaza\u0107 si\u0119 niewystarczaj\u0105cy.<\/p>\n<p>Nie zawsze op\u0142aca si\u0119 utrzymywa\u0107 us\u0142ugi ksi\u0119gowe lub indywidualnych pracownik\u00f3w w pa\u0144stwie, poniewa\u017c przepisy przewiduj\u0105 dla nich okre\u015blone podatki i \u015bwiadczenia. Specjalne us\u0142ugi outsourcingu i outstaffingu w Polsce pomog\u0105 kompetentnie zorganizowa\u0107 biznes, a tak\u017ce rozwi\u0105za\u0107 kwestie zwi\u0105zane z potrzeb\u0105 dodatkowego personelu.[\/vc_column_text][\/vc_column][\/vc_row][vc_row content_placement=&#8221;middle&#8221;][vc_column width=&#8221;1\/2&#8243;][vc_column_text css_animation=&#8221;fadeInDown&#8221;]<\/p>\n<h2><b>Rozw\u00f3j pracownik\u00f3w a potrzeby organizacji<\/b><\/h2>\n<p><span style=\"font-weight: 400;\">Zapotrzebowanie na si\u0142\u0119 robocz\u0105 istnieje w ka\u017cdym przedsi\u0119biorstwie. Zwi\u0119kszone zapotrzebowanie na pracownik\u00f3w jest szczeg\u00f3lnie typowe dla start-up\u00f3w i organizacji, kt\u00f3re stale zwi\u0119kszaj\u0105 swoje moce produkcyjne. Zatrudnianie sta\u0142ych pracownik\u00f3w w firmie nie zawsze jest jednak op\u0142acalne, dlatego firmy coraz cz\u0119\u015bciej si\u0119gaj\u0105 po <\/span><span style=\"font-weight: 400;\">outstaffing w Warszawie<\/span><span style=\"font-weight: 400;\">. Praca freelancer\u00f3w ma szereg zalet w por\u00f3wnaniu z utrzymywaniem sta\u0142ego personelu. W\u015br\u00f3d nich na szczeg\u00f3ln\u0105 uwag\u0119 zas\u0142uguj\u0105:<\/span><\/p>\n<ul>\n<li style=\"font-weight: 400;\" aria-level=\"1\"><span style=\"font-weight: 400;\">zmniejszenie obci\u0105\u017ce\u0144 podatkowych;<\/span><\/li>\n<li style=\"font-weight: 400;\" aria-level=\"1\"><span style=\"font-weight: 400;\">optymalizacja pracy dzia\u0142u HR;<\/span><\/li>\n<li style=\"font-weight: 400;\" aria-level=\"1\"><span style=\"font-weight: 400;\">mniejsza interakcja ze s\u0142u\u017cbami regulacyjnymi;<\/span><\/li>\n<li style=\"font-weight: 400;\" aria-level=\"1\"><span style=\"font-weight: 400;\">mniejsze wydatki na sta\u0142ych pracownik\u00f3w;<\/span><\/li>\n<li style=\"font-weight: 400;\" aria-level=\"1\"><span style=\"font-weight: 400;\">mniejsze prawdopodobie\u0144stwo wyst\u0105pienia sytuacji konfliktowych z podw\u0142adnymi itp.\u00a0<\/span><\/li>\n<\/ul>\n<p><span style=\"font-weight: 400;\">Wszystkie te zalety nale\u017cy wzi\u0105\u0107 pod uwag\u0119, je\u015bli firma d\u0105\u017cy do ograniczenia wydatk\u00f3w na pracownik\u00f3w etatowych, a tak\u017ce chce powierzy\u0107 zadania rekrutacyjne profesjonalistom, zawieraj\u0105c z nimi d\u0142ugoterminow\u0105 umow\u0119.\u00a0<\/span><\/p>\n<h3><b>Outsourcing czy personel<\/b><b> \u2013 wyb\u00f3r nale\u017cy do Ciebie<\/b><\/h3>\n<p><span style=\"font-weight: 400;\">Je\u015bli administracja firmy ma trudno\u015bci ze znalezieniem pracownik\u00f3w z do\u015bwiadczeniem, a utrzymanie personelu jest do\u015b\u0107 kosztowne, warto postawi\u0107 na us\u0142ugi outsourcingowe. Zw\u0142aszcza je\u015bli chodzi o ksi\u0119gowo\u015b\u0107. A wtedy wykwalifikowani wykonawcy wykonuj\u0105 prac\u0119 bardziej jako\u015bciowo, a mened\u017cer b\u0119dzie m\u00f3g\u0142 zaoszcz\u0119dzi\u0107 pieni\u0105dze.\u00a0<\/span><\/p>\n<p><span style=\"font-weight: 400;\">Co wybra\u0107, <\/span><span style=\"font-weight: 400;\">outsourcing czy personel<\/span><span style=\"font-weight: 400;\">? Aby odpowiedzie\u0107 na to pytanie, nale\u017cy przeanalizowa\u0107 dzia\u0142alno\u015b\u0107 swojej organizacji, zwracaj\u0105c szczeg\u00f3ln\u0105 uwag\u0119 na koszty utrzymania pracownik\u00f3w.<\/span>[\/vc_column_text][\/vc_column][vc_column width=&#8221;1\/2&#8243;][vc_single_image image=&#8221;1018&#8243; img_size=&#8221;full&#8221; css_animation=&#8221;fadeInRight&#8221;][\/vc_column][\/vc_row][vc_row content_placement=&#8221;middle&#8221;][vc_column width=&#8221;1\/2&#8243;][vc_single_image image=&#8221;939&#8243; img_size=&#8221;full&#8221; css_animation=&#8221;fadeInDown&#8221;][\/vc_column][vc_column width=&#8221;1\/2&#8243;][vc_column_text css_animation=&#8221;fadeInUp&#8221;]<\/p>\n<h2><b>Outsourcing i us\u0142ugi doradcze<\/b><b> s\u0105 przydatne dla ka\u017cdej firmy<\/b><\/h2>\n<p><span style=\"font-weight: 400;\">Ka\u017cda nowoczesna organizacja mo\u017ce skorzysta\u0107 na cz\u0119\u015bciowym delegowaniu obowi\u0105zk\u00f3w swoich pracownik\u00f3w do firmy outsourcingowej. Takie podej\u015bcie odci\u0105\u017ca szeregowych pracownik\u00f3w i zmniejsza zapotrzebowanie na bardzo liczn\u0105 kadr\u0119. Jednocze\u015bnie administracja klienta outsourcingowego b\u0119dzie mog\u0142a bardziej racjonalnie rozdziela\u0107 \u015brodki na utrzymanie personelu. \u015awiadcz\u0105c <\/span><span style=\"font-weight: 400;\">us\u0142ugi outsourcingowe<\/span><span style=\"font-weight: 400;\">, firma nie tylko udost\u0119pnia swoich specjalist\u00f3w innej firmie, ale tak\u017ce \u015bwiadczy us\u0142ugi doradcze uczestnikom biznesowym, kt\u00f3rzy chc\u0105 usprawni\u0107 swoj\u0105 ksi\u0119gowo\u015b\u0107 lub prac\u0119 innych dzia\u0142\u00f3w.\u00a0<\/span><\/p>\n<h3><b>Niezawodne, tanie firmy <\/b><b>outsourcingowe \u015bwiadcz\u0105ce us\u0142ugi offshoringu<\/b><b>\u00a0\u00a0<\/b><\/h3>\n<p><span style=\"font-weight: 400;\">Biznes outsourcingowy jest do\u015b\u0107 op\u0142acalny. Zapotrzebowanie na <\/span><span style=\"font-weight: 400;\">us\u0142ugi outsourcingu i outstaffingu<\/span><span style=\"font-weight: 400;\"> w ostatnim czasie znacznie wzros\u0142o zar\u00f3wno w Polsce, jak i w innych krajach. Takie dzia\u0142ania pozwalaj\u0105 znacznie obni\u017cy\u0107 koszty rekrutacji i wynagrodzenia pracownik\u00f3w.\u00a0<\/span><\/p>\n<p><span style=\"font-weight: 400;\">Obecnie firmy produkcyjne i handlowe maj\u0105 mo\u017cliwo\u015b\u0107 nie tylko delegowania swoich zada\u0144 firmom zewn\u0119trznym, ale tak\u017ce przeniesienia cz\u0119\u015bci w\u0142asnej dzia\u0142alno\u015bci za granic\u0119. Offshore&#8217;owe firmy \u015bwiadcz\u0105ce <\/span><span style=\"font-weight: 400;\">us\u0142ugi outsourcingu<\/span><span style=\"font-weight: 400;\"> s\u0105 gotowe zaoferowa\u0107 wykwalifikowany personel\u00a0 i inny cenny potencja\u0142 swoim klientom d\u0105\u017c\u0105cym do szybkiego rozwoju i zwi\u0119kszenia rentowno\u015bci.<\/span>[\/vc_column_text][\/vc_column][\/vc_row][vc_row][vc_column][vc_column_text css_animation=&#8221;fadeInRight&#8221;]<\/p>\n<h2><b>Us\u0142ugi Payroll outsource<\/b><b> usprawniaj\u0105 prowadzenie dokumentacji kadrowej<\/b><\/h2>\n<p><span style=\"font-weight: 400;\">Ka\u017cda firma potrzebuje terminowej i prawid\u0142owej listy p\u0142ac. Nie ka\u017cda organizacja chce jednak zatrudnia\u0107 do tego celu osobnego pracownika lub utrzymywa\u0107 ca\u0142y personel. Dlatego te\u017c ka\u017cdy w\u0142a\u015bciciel firmy mo\u017ce dzi\u015b skorzysta\u0107 z us\u0142ug organizacji outsourcingowej, kt\u00f3ra zajmuje si\u0119 p\u0142acami i innymi zadaniami zwi\u0105zanymi z ksi\u0119gowo\u015bci\u0105 kadrow\u0105. Jej do\u015bwiadczeni pracownicy wykonaj\u0105 wszystkie niezb\u0119dne obliczenia, zapewniaj\u0105c klientowi oczekiwany rezultat. Korzy\u015bci materialne i oszcz\u0119dno\u015b\u0107 czasu s\u0105 oczywiste dla wszystkich, kt\u00f3rzy zlecili swoje zadania kadrowe na zewn\u0105trz.\u00a0\u00a0<\/span><\/p>\n<h3><b>Najlepsze <\/b><b>rozwi\u0105zania outsourcingowe<\/b><b> dla Twojej firmy<\/b><\/h3>\n<p><span style=\"font-weight: 400;\">Us\u0142ugi stron trzecich nie ograniczaj\u0105 si\u0119 do <\/span><span style=\"font-weight: 400;\">us\u0142ug <\/span><span style=\"font-weight: 400;\">ksi\u0119gowych, p\u0142acowych i <\/span><span style=\"font-weight: 400;\">kadrowych<\/span><span style=\"font-weight: 400;\">. Dzi\u015b zainteresowani klienci mog\u0105 wybra\u0107 dowoln\u0105 opcj\u0119 outsourcingu. Trudno jest przeceni\u0107 pomoc dobrze wyszkolonych profesjonalist\u00f3w \u015bwiadczon\u0105 r\u00f3\u017cnym w\u0142a\u015bcicielom firm. Dlatego ka\u017cde rozwi\u0105zanie outsourcingowe mo\u017ce okaza\u0107 si\u0119 korzystne ekonomicznie dla konsumenta takiej us\u0142ugi.\u00a0\u00a0<\/span>[\/vc_column_text][\/vc_column][\/vc_row]<\/p>\n<\/div>","protected":false},"excerpt":{"rendered":"<p>[vc_row][vc_column][vc_column_text css_animation=&#8221;fadeInLeft&#8221;]Prowadzenie ksi\u0119gowo\u015bci w ka\u017cdej firmie zale\u017cy od formy prawnej samego przedsi\u0119biorstwa. O ile w przypadku ma\u0142ych firm i plac\u00f3wek handlowych mo\u017ce wystarczy\u0107 jeden lub dw\u00f3ch specjalist\u00f3w, o tyle w przypadku du\u017cego przedsi\u0119biorstwa ca\u0142y dzia\u0142 mo\u017ce okaza\u0107 si\u0119 niewystarczaj\u0105cy. Nie zawsze op\u0142aca si\u0119 utrzymywa\u0107 us\u0142ugi ksi\u0119gowe lub indywidualnych pracownik\u00f3w w pa\u0144stwie, poniewa\u017c przepisy przewiduj\u0105 dla<\/p>\n","protected":false},"author":4,"featured_media":0,"parent":0,"menu_order":0,"comment_status":"closed","ping_status":"closed","template":"","meta":{"_acf_changed":false,"_lmt_disableupdate":"no","_lmt_disable":"","footnotes":""},"class_list":["post-9032","page","type-page","status-publish","hentry"],"acf":[],"yoast_head":"<!-- This site is optimized with the Yoast SEO plugin v27.3 - https:\/\/yoast.com\/product\/yoast-seo-wordpress\/ -->\n<title>Us\u0142ugi outsourcingu i outstaffingu -<\/title>\n<meta name=\"description\" content=\"Us\u0142ugi outsourcingu i outstaffingu FCHAIN \u200b\u200bw Polsce pomog\u0105 kompetentnie zorganizowa\u0107 biznes, a tak\u017ce rozwi\u0105za\u0107 problemy zwi\u0105zane z zapotrzebowaniem na dodatkow\u0105 kadr\u0119.\" \/>\n<meta name=\"robots\" content=\"index, follow, max-snippet:-1, max-image-preview:large, max-video-preview:-1\" \/>\n<link rel=\"canonical\" href=\"https:\/\/pl.f-chain.com\/pl\/uslugi-outsourcingu-i-outstaffingu-w-polsce-pomoga-kazdej-firmie\/\" \/>\n<meta property=\"og:locale\" content=\"pl_PL\" \/>\n<meta property=\"og:type\" content=\"article\" \/>\n<meta property=\"og:title\" content=\"Us\u0142ugi outsourcingu i outstaffingu -\" \/>\n<meta property=\"og:description\" content=\"Us\u0142ugi outsourcingu i outstaffingu FCHAIN \u200b\u200bw Polsce pomog\u0105 kompetentnie zorganizowa\u0107 biznes, a tak\u017ce rozwi\u0105za\u0107 problemy zwi\u0105zane z zapotrzebowaniem na dodatkow\u0105 kadr\u0119.\" \/>\n<meta property=\"og:url\" content=\"https:\/\/pl.f-chain.com\/pl\/uslugi-outsourcingu-i-outstaffingu-w-polsce-pomoga-kazdej-firmie\/\" \/>\n<meta property=\"og:site_name\" content=\"FCHAIN\" \/>\n<meta property=\"article:modified_time\" content=\"2025-08-09T07:16:26+00:00\" \/>\n<meta name=\"twitter:card\" content=\"summary_large_image\" \/>\n<meta name=\"twitter:label1\" content=\"Szacowany czas czytania\" \/>\n\t<meta name=\"twitter:data1\" content=\"4 minuty\" \/>\n<script type=\"application\/ld+json\" class=\"yoast-schema-graph\">{\"@context\":\"https:\\\/\\\/schema.org\",\"@graph\":[{\"@type\":\"WebPage\",\"@id\":\"https:\\\/\\\/pl.f-chain.com\\\/pl\\\/uslugi-outsourcingu-i-outstaffingu-w-polsce-pomoga-kazdej-firmie\\\/\",\"url\":\"https:\\\/\\\/pl.f-chain.com\\\/pl\\\/uslugi-outsourcingu-i-outstaffingu-w-polsce-pomoga-kazdej-firmie\\\/\",\"name\":\"Us\u0142ugi outsourcingu i outstaffingu -\",\"isPartOf\":{\"@id\":\"https:\\\/\\\/pl.f-chain.com\\\/#website\"},\"datePublished\":\"2024-07-08T22:16:26+00:00\",\"dateModified\":\"2025-08-09T07:16:26+00:00\",\"description\":\"Us\u0142ugi outsourcingu i outstaffingu FCHAIN \u200b\u200bw Polsce pomog\u0105 kompetentnie zorganizowa\u0107 biznes, a tak\u017ce rozwi\u0105za\u0107 problemy zwi\u0105zane z zapotrzebowaniem na dodatkow\u0105 kadr\u0119.\",\"inLanguage\":\"pl-PL\",\"potentialAction\":[{\"@type\":\"ReadAction\",\"target\":[\"https:\\\/\\\/pl.f-chain.com\\\/pl\\\/uslugi-outsourcingu-i-outstaffingu-w-polsce-pomoga-kazdej-firmie\\\/\"]}]},{\"@type\":\"WebSite\",\"@id\":\"https:\\\/\\\/pl.f-chain.com\\\/#website\",\"url\":\"https:\\\/\\\/pl.f-chain.com\\\/\",\"name\":\"FCHAIN\",\"description\":\"Financial Chain Corporation - Global\",\"potentialAction\":[{\"@type\":\"SearchAction\",\"target\":{\"@type\":\"EntryPoint\",\"urlTemplate\":\"https:\\\/\\\/pl.f-chain.com\\\/?s={search_term_string}\"},\"query-input\":{\"@type\":\"PropertyValueSpecification\",\"valueRequired\":true,\"valueName\":\"search_term_string\"}}],\"inLanguage\":\"pl-PL\"}]}<\/script>\n<!-- \/ Yoast SEO plugin. -->","yoast_head_json":{"title":"Us\u0142ugi outsourcingu i outstaffingu -","description":"Us\u0142ugi outsourcingu i outstaffingu FCHAIN \u200b\u200bw Polsce pomog\u0105 kompetentnie zorganizowa\u0107 biznes, a tak\u017ce rozwi\u0105za\u0107 problemy zwi\u0105zane z zapotrzebowaniem na dodatkow\u0105 kadr\u0119.","robots":{"index":"index","follow":"follow","max-snippet":"max-snippet:-1","max-image-preview":"max-image-preview:large","max-video-preview":"max-video-preview:-1"},"canonical":"https:\/\/pl.f-chain.com\/pl\/uslugi-outsourcingu-i-outstaffingu-w-polsce-pomoga-kazdej-firmie\/","og_locale":"pl_PL","og_type":"article","og_title":"Us\u0142ugi outsourcingu i outstaffingu -","og_description":"Us\u0142ugi outsourcingu i outstaffingu FCHAIN \u200b\u200bw Polsce pomog\u0105 kompetentnie zorganizowa\u0107 biznes, a tak\u017ce rozwi\u0105za\u0107 problemy zwi\u0105zane z zapotrzebowaniem na dodatkow\u0105 kadr\u0119.","og_url":"https:\/\/pl.f-chain.com\/pl\/uslugi-outsourcingu-i-outstaffingu-w-polsce-pomoga-kazdej-firmie\/","og_site_name":"FCHAIN","article_modified_time":"2025-08-09T07:16:26+00:00","twitter_card":"summary_large_image","twitter_misc":{"Szacowany czas czytania":"4 minuty"},"schema":{"@context":"https:\/\/schema.org","@graph":[{"@type":"WebPage","@id":"https:\/\/pl.f-chain.com\/pl\/uslugi-outsourcingu-i-outstaffingu-w-polsce-pomoga-kazdej-firmie\/","url":"https:\/\/pl.f-chain.com\/pl\/uslugi-outsourcingu-i-outstaffingu-w-polsce-pomoga-kazdej-firmie\/","name":"Us\u0142ugi outsourcingu i outstaffingu -","isPartOf":{"@id":"https:\/\/pl.f-chain.com\/#website"},"datePublished":"2024-07-08T22:16:26+00:00","dateModified":"2025-08-09T07:16:26+00:00","description":"Us\u0142ugi outsourcingu i outstaffingu FCHAIN \u200b\u200bw Polsce pomog\u0105 kompetentnie zorganizowa\u0107 biznes, a tak\u017ce rozwi\u0105za\u0107 problemy zwi\u0105zane z zapotrzebowaniem na dodatkow\u0105 kadr\u0119.","inLanguage":"pl-PL","potentialAction":[{"@type":"ReadAction","target":["https:\/\/pl.f-chain.com\/pl\/uslugi-outsourcingu-i-outstaffingu-w-polsce-pomoga-kazdej-firmie\/"]}]},{"@type":"WebSite","@id":"https:\/\/pl.f-chain.com\/#website","url":"https:\/\/pl.f-chain.com\/","name":"FCHAIN","description":"Financial Chain Corporation - Global","potentialAction":[{"@type":"SearchAction","target":{"@type":"EntryPoint","urlTemplate":"https:\/\/pl.f-chain.com\/?s={search_term_string}"},"query-input":{"@type":"PropertyValueSpecification","valueRequired":true,"valueName":"search_term_string"}}],"inLanguage":"pl-PL"}]}},"_links":{"self":[{"href":"https:\/\/pl.f-chain.com\/pl\/wp-json\/wp\/v2\/pages\/9032","targetHints":{"allow":["GET"]}}],"collection":[{"href":"https:\/\/pl.f-chain.com\/pl\/wp-json\/wp\/v2\/pages"}],"about":[{"href":"https:\/\/pl.f-chain.com\/pl\/wp-json\/wp\/v2\/types\/page"}],"author":[{"embeddable":true,"href":"https:\/\/pl.f-chain.com\/pl\/wp-json\/wp\/v2\/users\/4"}],"replies":[{"embeddable":true,"href":"https:\/\/pl.f-chain.com\/pl\/wp-json\/wp\/v2\/comments?post=9032"}],"version-history":[{"count":2,"href":"https:\/\/pl.f-chain.com\/pl\/wp-json\/wp\/v2\/pages\/9032\/revisions"}],"predecessor-version":[{"id":9316,"href":"https:\/\/pl.f-chain.com\/pl\/wp-json\/wp\/v2\/pages\/9032\/revisions\/9316"}],"wp:attachment":[{"href":"https:\/\/pl.f-chain.com\/pl\/wp-json\/wp\/v2\/media?parent=9032"}],"curies":[{"name":"wp","href":"https:\/\/api.w.org\/{rel}","templated":true}]}}