{"id":9027,"date":"2024-07-08T17:05:33","date_gmt":"2024-07-08T14:05:33","guid":{"rendered":"https:\/\/pl.f-chain.com\/?page_id=9027"},"modified":"2025-08-09T11:23:20","modified_gmt":"2025-08-09T08:23:20","slug":"reyestracya-spulek-of-i-przedsiebiorcuv-individualnickh-v-polsce","status":"publish","type":"page","link":"https:\/\/pl.f-chain.com\/pl\/uslugi-prawne-w-warszawie\/reyestracya-spulek-of-i-przedsiebiorcuv-individualnickh-v-polsce\/","title":{"rendered":"Rejestracja sp\u00f3\u0142ek I przedsi\u0119biorc\u00f3w indywidualnych"},"content":{"rendered":"<div class=\"wpb-content-wrapper\"><p>[vc_row][vc_column][vc_column_text css_animation=&#8221;fadeInLeft&#8221;]<\/p>\n<h2><b>Rejestracja sp\u00f3\u0142ek i indywidualnych przedsi\u0119biorc\u00f3w w Polsce: pierwszy krok do sukcesu<\/b><\/h2>\n<p><span style=\"font-weight: 400;\">Biznesmen\u00f3w z ca\u0142ego \u015bwiata przyci\u0105ga kraj o wielowiekowym dziedzictwie kulturowym i szybko rozwijaj\u0105cej si\u0119 gospodarce. <\/span><span style=\"font-weight: 400;\">Rejestracja sp\u00f3\u0142ek<\/span><span style=\"font-weight: 400;\"> w Polsce to prosty i skuteczny spos\u00f3b na rozpocz\u0119cie dzia\u0142alno\u015bci w kraju, kt\u00f3ry s\u0142ynie z ducha przedsi\u0119biorczo\u015bci i sprzyjaj\u0105cego klimatu biznesowego. Co sprawia, \u017ce ten region jest tak atrakcyjny dla biznesu?<\/span>[\/vc_column_text][\/vc_column][\/vc_row][vc_row][vc_column width=&#8221;1\/2&#8243;][vc_column_text css_animation=&#8221;fadeInUp&#8221;]<\/p>\n<h2><b>Rejestracja indywidualnej firmy: od pomys\u0142u do rzeczywisto\u015bci<\/b><\/h2>\n<p><span style=\"font-weight: 400;\">W\u0142asna firma to prosty i skuteczny format biznesowy. Potrzebujesz pomocy przy <\/span><span style=\"font-weight: 400;\">rejestracji sp\u00f3\u0142ek i indywidualnych przedsi\u0119biorc\u00f3w w Polsce<\/span><span style=\"font-weight: 400;\">? Post\u0119puj\u0105c zgodnie ze wskaz\u00f3wkami i spe\u0142niaj\u0105c wymogi prawne, mo\u017cesz \u0142atwo <\/span><span style=\"font-weight: 400;\">zarejestrowa\u0107 indywidualn\u0105 firm\u0119<\/span><span style=\"font-weight: 400;\"> i za\u0142o\u017cy\u0107 start-up w Polsce:<\/span><\/p>\n<ol>\n<li style=\"font-weight: 400;\" aria-level=\"1\"><span style=\"font-weight: 400;\">Pierwszym krokiem jest okre\u015blenie g\u0142\u00f3wnych i dodatkowych dzia\u0142a\u0144, kt\u00f3re b\u0119dziesz wykonywa\u0107 w ramach dzia\u0142alno\u015bci.<\/span><\/li>\n<li style=\"font-weight: 400;\" aria-level=\"1\"><span style=\"font-weight: 400;\">Nast\u0119pnie nale\u017cy przygotowa\u0107 dokumenty do <\/span><span style=\"font-weight: 400;\">rejestracji dzia\u0142alno\u015bci gospodarczej<\/span><span style=\"font-weight: 400;\">. Obejmuje to dow\u00f3d osobisty, dane bankowe i dokumenty potwierdzaj\u0105ce prawo do prowadzenia wybranej dzia\u0142alno\u015bci.<\/span><\/li>\n<li style=\"font-weight: 400;\" aria-level=\"1\"><span style=\"font-weight: 400;\">Kolejnym krokiem jest wype\u0142nienie wniosku zgodnie z polskim prawem. We wniosku nale\u017cy zawrze\u0107 informacje o sobie jako przedsi\u0119biorcy, rodzaju dzia\u0142alno\u015bci i obszarze dzia\u0142ania.<\/span><\/li>\n<li style=\"font-weight: 400;\" aria-level=\"1\"><span style=\"font-weight: 400;\">Nast\u0119pnie nale\u017cy z\u0142o\u017cy\u0107 wniosek do odpowiedniego organu rejestracyjnego. W Twoim przypadku jest to urz\u0105d miasta lub wojew\u00f3dztwa.<\/span><\/li>\n<li style=\"font-weight: 400;\" aria-level=\"1\"><span style=\"font-weight: 400;\">Po z\u0142o\u017ceniu wniosku b\u0119dziesz oczekiwa\u0142 na decyzj\u0119 w sprawie <\/span><span style=\"font-weight: 400;\">rejestracji sp\u00f3\u0142ki<\/span><span style=\"font-weight: 400;\">. Po zako\u0144czeniu procesu sp\u00f3\u0142ka zostanie wpisana do rejestru handlowego.<\/span><\/li>\n<li style=\"font-weight: 400;\" aria-level=\"1\"><span style=\"font-weight: 400;\">Pozostaje <\/span><span style=\"font-weight: 400;\">zarejestrowa\u0107 firm\u0119<\/span><span style=\"font-weight: 400;\"> w polskim Urz\u0119dzie Skarbowym i otrzyma\u0107 odpowiedni numer rejestracyjny podatnika.<\/span><\/li>\n<\/ol>\n<p><span style=\"font-weight: 400;\">Niezale\u017cnie od tego, czy jeste\u015b ma\u0142ym przedsi\u0119biorc\u0105, czy du\u017c\u0105 firm\u0105, Polska oferuje perspektywy sukcesu i dobrobytu Twojej firmy.<\/span><\/p>\n<h3><b>W kierunku biznesu: indywidualny proces zak\u0142adania sp\u00f3\u0142ki w Polsce<\/b><\/h3>\n<p><span style=\"font-weight: 400;\">Rejestracja sp\u00f3\u0142ki<\/span><span style=\"font-weight: 400;\"> obejmuje kilka wa\u017cnych etap\u00f3w. Po zako\u0144czeniu formalno\u015bci klient otrzymuje dokument potwierdzaj\u0105cy rejestracj\u0119, kt\u00f3ry umo\u017cliwia mu rozpocz\u0119cie oficjalnej dzia\u0142alno\u015bci w Polsce. Wa\u017cne jest, aby wzi\u0105\u0107 pod uwag\u0119, \u017ce proces ten trwa zwykle od dw\u00f3ch do czterech tygodni. Jednak nowoczesne us\u0142ugi online i porady ekspert\u00f3w mog\u0105 przyspieszy\u0107 ten proces i zapewni\u0107 p\u0142ynniejsze rozpocz\u0119cie dzia\u0142alno\u015bci.<\/span>[\/vc_column_text][\/vc_column][vc_column width=&#8221;1\/2&#8243;][vc_single_image image=&#8221;1163&#8243; img_size=&#8221;full&#8221; css_animation=&#8221;fadeInDown&#8221;][\/vc_column][\/vc_row][vc_row][vc_column width=&#8221;1\/2&#8243;][vc_single_image image=&#8221;1286&#8243; img_size=&#8221;full&#8221; css_animation=&#8221;fadeInLeft&#8221;][\/vc_column][vc_column width=&#8221;1\/2&#8243;][vc_column_text css_animation=&#8221;fadeInRight&#8221;]<\/p>\n<h2><b>Rejestracja indywidualnych przedsi\u0119biorc\u00f3w: droga do sukcesu<\/b><\/h2>\n<p><span style=\"font-weight: 400;\">Osobnym procesem jest <\/span><span style=\"font-weight: 400;\">rejestracja indywidualnych przedsi\u0119biorc\u00f3w<\/span><span style=\"font-weight: 400;\">, kt\u00f3ra r\u00f3wnie\u017c wymaga pewnych krok\u00f3w i formalno\u015bci. Cz\u0119sto rozpoczyna si\u0119 od przygotowania niezb\u0119dnych dokument\u00f3w. Nast\u0119pnie klient wype\u0142nia i sk\u0142ada wniosek o rejestracj\u0119 do odpowiedniego organu. Tam jego wniosek jest rozpatrywany i wydawany jest dokument o <\/span><span style=\"font-weight: 400;\">rejestracji indywidualnego przedsi\u0119biorcy<\/span><span style=\"font-weight: 400;\">. W por\u00f3wnaniu do rejestracji sp\u00f3\u0142ki, mechanizm dzia\u0142ania jest prostszy, ale r\u00f3wnie\u017c wymaga przestrzegania zasad, wymog\u00f3w prawnych i dba\u0142o\u015bci o szczeg\u00f3\u0142y.<\/span><\/p>\n<h3><b>Rejestracja dzia\u0142alno\u015bci gospodarczej<\/b><\/h3>\n<p><span style=\"font-weight: 400;\">Wa\u017cnym etapem tworzenia osoby prawnej jest jej rejestracja. Wybieraj\u0105c format biznesowy, przedsi\u0119biorcy mog\u0105 rozwa\u017cy\u0107 r\u00f3\u017cne opcje:<\/span><\/p>\n<ol>\n<li style=\"font-weight: 400;\" aria-level=\"1\"><b>Sp\u00f3\u0142ka akcyjna (SA lub S.A.)<\/b><span style=\"font-weight: 400;\"> &#8211; jest to struktura sp\u00f3\u0142ki, w kt\u00f3rej kapita\u0142 jest podzielony na akcje. <span data-teams=\"true\">Minimalny kapita\u0142 zak\u0142adowy wymagany dla sp\u00f3\u0142ki akcyjnej (S.A.)w Polsce wynosi 100000 PLN.\u00a0<\/span> Do <\/span><span style=\"font-weight: 400;\">rejestracji sp\u00f3\u0142ki<\/span><span style=\"font-weight: 400;\"> wymagane jest sporz\u0105dzenie statutu, okre\u015blenie struktury kapita\u0142owej i powo\u0142anie organ\u00f3w zarz\u0105dzaj\u0105cych. Po przygotowaniu niezb\u0119dnych dokument\u00f3w, wniosek o rejestracj\u0119 sk\u0142adany jest do Krajowego Rejestru S\u0105dowego, gdzie zostanie rozpatrzony i zarejestrowany.<\/span><\/li>\n<li style=\"font-weight: 400;\" aria-level=\"1\"><b>Sp\u00f3\u0142ka z ograniczon\u0105 odpowiedzialno\u015bci\u0105 (Sp. z o.o)<\/b><span style=\"font-weight: 400;\"> jest form\u0105 dzia\u0142alno\u015bci gospodarczej, w kt\u00f3rej odpowiedzialno\u015b\u0107 jej uczestnik\u00f3w jest ograniczona do wysoko\u015bci ich wk\u0142ad\u00f3w w kapita\u0142 zak\u0142adowy sp\u00f3\u0142ki. <span data-teams=\"true\">Minimalny kapita\u0142 zak\u0142adowy wymagany dla sp\u00f3\u0142ki z ograniczon\u0105 odpowiedzialno\u015bci\u0105 (sp. z o.o.) w Polsce wynosi 5 000 PLN.<\/span> Proces rejestracji jest podobny do poprzedniego.<\/span><\/li>\n<\/ol>\n<p><span style=\"font-weight: 400;\">Wyb\u00f3r zale\u017cy od cel\u00f3w i potrzeb firmy, a obie formy maj\u0105 swoje unikalne zalety i mo\u017cliwo\u015bci rozwoju.<\/span>[\/vc_column_text][\/vc_column][\/vc_row][vc_row][vc_column][vc_column_text css_animation=&#8221;fadeInDown&#8221;]<\/p>\n<h2><b>Zak\u0142adanie sp\u00f3\u0142ki: droga do biznesu w Polsce<\/b><\/h2>\n<p><span style=\"font-weight: 400;\">Rejestracja dzia\u0142alno\u015bci gospodarczej otwiera przed przedsi\u0119biorcami mo\u017cliwo\u015bci rozwoju w\u0142asnego biznesu. Ka\u017cdy etap, od powstania pomys\u0142u do pierwszych krok\u00f3w na rynku, wype\u0142niony jest decyzjami, kt\u00f3re zadecyduj\u0105 o przysz\u0142o\u015bci firmy. To moment, w kt\u00f3rym pomys\u0142y zamieniaj\u0105 si\u0119 w rzeczywisto\u015b\u0107, a marzenia zaczynaj\u0105 przeradza\u0107 si\u0119 w biznesplany. Nie jest to jednak proces \u0142atwy i cz\u0119sto wymaga pomocy profesjonalist\u00f3w, kt\u00f3rzy nie tylko doradz\u0105 w kwestii za\u0142o\u017cenia firmy, ale tak\u017ce pomog\u0105 w wype\u0142nieniu wszystkich dokument\u00f3w. <\/span><span style=\"font-weight: 400;\">Proces zak\u0142adania indywidualnej firmy<\/span><span style=\"font-weight: 400;\"> to nie tylko tworzenie biznesu, to tworzenie przysz\u0142o\u015bci i uciele\u015bnienie ducha przedsi\u0119biorczo\u015bci.<\/span>[\/vc_column_text][\/vc_column][\/vc_row]<\/p>\n<\/div>","protected":false},"excerpt":{"rendered":"<p>[vc_row][vc_column][vc_column_text css_animation=&#8221;fadeInLeft&#8221;] Rejestracja sp\u00f3\u0142ek i indywidualnych przedsi\u0119biorc\u00f3w w Polsce: pierwszy krok do sukcesu Biznesmen\u00f3w z ca\u0142ego \u015bwiata przyci\u0105ga kraj o wielowiekowym dziedzictwie kulturowym i szybko rozwijaj\u0105cej si\u0119 gospodarce. Rejestracja sp\u00f3\u0142ek w Polsce to prosty i skuteczny spos\u00f3b na rozpocz\u0119cie dzia\u0142alno\u015bci w kraju, kt\u00f3ry s\u0142ynie z ducha przedsi\u0119biorczo\u015bci i sprzyjaj\u0105cego klimatu biznesowego. Co sprawia, \u017ce ten<\/p>\n","protected":false},"author":4,"featured_media":0,"parent":8994,"menu_order":0,"comment_status":"closed","ping_status":"closed","template":"","meta":{"_acf_changed":false,"_lmt_disableupdate":"no","_lmt_disable":"","footnotes":""},"class_list":["post-9027","page","type-page","status-publish","hentry"],"acf":[],"yoast_head":"<!-- This site is optimized with the Yoast SEO plugin v27.3 - https:\/\/yoast.com\/product\/yoast-seo-wordpress\/ -->\n<title>Rejestracja sp\u00f3\u0142ek i indywidualnych przedsi\u0119biorc\u00f3w<\/title>\n<meta name=\"description\" content=\"Pomagamy zarejestrowa\u0107 firm\u0119 w Polsce w \u0142atwy i skuteczny spos\u00f3b. Mo\u017cesz rozpocz\u0105\u0107 swoj\u0105 dzia\u0142alno\u015b\u0107 w kraju s\u0142yn\u0105cym z ducha przedsi\u0119biorczo\u015bci i sprzyjaj\u0105cego klimatu biznesowego.\" \/>\n<meta name=\"robots\" content=\"index, follow, max-snippet:-1, max-image-preview:large, max-video-preview:-1\" \/>\n<link rel=\"canonical\" href=\"https:\/\/pl.f-chain.com\/pl\/uslugi-prawne-w-warszawie\/reyestracya-spulek-of-i-przedsiebiorcuv-individualnickh-v-polsce\/\" \/>\n<meta property=\"og:locale\" content=\"pl_PL\" \/>\n<meta property=\"og:type\" content=\"article\" \/>\n<meta property=\"og:title\" content=\"Rejestracja sp\u00f3\u0142ek i indywidualnych przedsi\u0119biorc\u00f3w\" \/>\n<meta property=\"og:description\" content=\"Pomagamy zarejestrowa\u0107 firm\u0119 w Polsce w \u0142atwy i skuteczny spos\u00f3b. Mo\u017cesz rozpocz\u0105\u0107 swoj\u0105 dzia\u0142alno\u015b\u0107 w kraju s\u0142yn\u0105cym z ducha przedsi\u0119biorczo\u015bci i sprzyjaj\u0105cego klimatu biznesowego.\" \/>\n<meta property=\"og:url\" content=\"https:\/\/pl.f-chain.com\/pl\/uslugi-prawne-w-warszawie\/reyestracya-spulek-of-i-przedsiebiorcuv-individualnickh-v-polsce\/\" \/>\n<meta property=\"og:site_name\" content=\"FCHAIN\" \/>\n<meta property=\"article:modified_time\" content=\"2025-08-09T08:23:20+00:00\" \/>\n<meta name=\"twitter:card\" content=\"summary_large_image\" \/>\n<meta name=\"twitter:label1\" content=\"Szacowany czas czytania\" \/>\n\t<meta name=\"twitter:data1\" content=\"4 minuty\" \/>\n<script type=\"application\/ld+json\" class=\"yoast-schema-graph\">{\"@context\":\"https:\\\/\\\/schema.org\",\"@graph\":[{\"@type\":\"WebPage\",\"@id\":\"https:\\\/\\\/pl.f-chain.com\\\/pl\\\/uslugi-prawne-w-warszawie\\\/reyestracya-spulek-of-i-przedsiebiorcuv-individualnickh-v-polsce\\\/\",\"url\":\"https:\\\/\\\/pl.f-chain.com\\\/pl\\\/uslugi-prawne-w-warszawie\\\/reyestracya-spulek-of-i-przedsiebiorcuv-individualnickh-v-polsce\\\/\",\"name\":\"Rejestracja sp\u00f3\u0142ek i indywidualnych przedsi\u0119biorc\u00f3w\",\"isPartOf\":{\"@id\":\"https:\\\/\\\/pl.f-chain.com\\\/#website\"},\"datePublished\":\"2024-07-08T14:05:33+00:00\",\"dateModified\":\"2025-08-09T08:23:20+00:00\",\"description\":\"Pomagamy zarejestrowa\u0107 firm\u0119 w Polsce w \u0142atwy i skuteczny spos\u00f3b. Mo\u017cesz rozpocz\u0105\u0107 swoj\u0105 dzia\u0142alno\u015b\u0107 w kraju s\u0142yn\u0105cym z ducha przedsi\u0119biorczo\u015bci i sprzyjaj\u0105cego klimatu biznesowego.\",\"breadcrumb\":{\"@id\":\"https:\\\/\\\/pl.f-chain.com\\\/pl\\\/uslugi-prawne-w-warszawie\\\/reyestracya-spulek-of-i-przedsiebiorcuv-individualnickh-v-polsce\\\/#breadcrumb\"},\"inLanguage\":\"pl-PL\",\"potentialAction\":[{\"@type\":\"ReadAction\",\"target\":[\"https:\\\/\\\/pl.f-chain.com\\\/pl\\\/uslugi-prawne-w-warszawie\\\/reyestracya-spulek-of-i-przedsiebiorcuv-individualnickh-v-polsce\\\/\"]}]},{\"@type\":\"BreadcrumbList\",\"@id\":\"https:\\\/\\\/pl.f-chain.com\\\/pl\\\/uslugi-prawne-w-warszawie\\\/reyestracya-spulek-of-i-przedsiebiorcuv-individualnickh-v-polsce\\\/#breadcrumb\",\"itemListElement\":[{\"@type\":\"ListItem\",\"position\":1,\"name\":\"Us\u0142ugi prawne w Warszawie\",\"item\":\"https:\\\/\\\/pl.f-chain.com\\\/pl\\\/uslugi-prawne-w-warszawie\\\/\"},{\"@type\":\"ListItem\",\"position\":2,\"name\":\"Rejestracja sp\u00f3\u0142ek I przedsi\u0119biorc\u00f3w indywidualnych\"}]},{\"@type\":\"WebSite\",\"@id\":\"https:\\\/\\\/pl.f-chain.com\\\/#website\",\"url\":\"https:\\\/\\\/pl.f-chain.com\\\/\",\"name\":\"FCHAIN\",\"description\":\"Financial Chain Corporation - Global\",\"potentialAction\":[{\"@type\":\"SearchAction\",\"target\":{\"@type\":\"EntryPoint\",\"urlTemplate\":\"https:\\\/\\\/pl.f-chain.com\\\/?s={search_term_string}\"},\"query-input\":{\"@type\":\"PropertyValueSpecification\",\"valueRequired\":true,\"valueName\":\"search_term_string\"}}],\"inLanguage\":\"pl-PL\"}]}<\/script>\n<!-- \/ Yoast SEO plugin. -->","yoast_head_json":{"title":"Rejestracja sp\u00f3\u0142ek i indywidualnych przedsi\u0119biorc\u00f3w","description":"Pomagamy zarejestrowa\u0107 firm\u0119 w Polsce w \u0142atwy i skuteczny spos\u00f3b. Mo\u017cesz rozpocz\u0105\u0107 swoj\u0105 dzia\u0142alno\u015b\u0107 w kraju s\u0142yn\u0105cym z ducha przedsi\u0119biorczo\u015bci i sprzyjaj\u0105cego klimatu biznesowego.","robots":{"index":"index","follow":"follow","max-snippet":"max-snippet:-1","max-image-preview":"max-image-preview:large","max-video-preview":"max-video-preview:-1"},"canonical":"https:\/\/pl.f-chain.com\/pl\/uslugi-prawne-w-warszawie\/reyestracya-spulek-of-i-przedsiebiorcuv-individualnickh-v-polsce\/","og_locale":"pl_PL","og_type":"article","og_title":"Rejestracja sp\u00f3\u0142ek i indywidualnych przedsi\u0119biorc\u00f3w","og_description":"Pomagamy zarejestrowa\u0107 firm\u0119 w Polsce w \u0142atwy i skuteczny spos\u00f3b. Mo\u017cesz rozpocz\u0105\u0107 swoj\u0105 dzia\u0142alno\u015b\u0107 w kraju s\u0142yn\u0105cym z ducha przedsi\u0119biorczo\u015bci i sprzyjaj\u0105cego klimatu biznesowego.","og_url":"https:\/\/pl.f-chain.com\/pl\/uslugi-prawne-w-warszawie\/reyestracya-spulek-of-i-przedsiebiorcuv-individualnickh-v-polsce\/","og_site_name":"FCHAIN","article_modified_time":"2025-08-09T08:23:20+00:00","twitter_card":"summary_large_image","twitter_misc":{"Szacowany czas czytania":"4 minuty"},"schema":{"@context":"https:\/\/schema.org","@graph":[{"@type":"WebPage","@id":"https:\/\/pl.f-chain.com\/pl\/uslugi-prawne-w-warszawie\/reyestracya-spulek-of-i-przedsiebiorcuv-individualnickh-v-polsce\/","url":"https:\/\/pl.f-chain.com\/pl\/uslugi-prawne-w-warszawie\/reyestracya-spulek-of-i-przedsiebiorcuv-individualnickh-v-polsce\/","name":"Rejestracja sp\u00f3\u0142ek i indywidualnych przedsi\u0119biorc\u00f3w","isPartOf":{"@id":"https:\/\/pl.f-chain.com\/#website"},"datePublished":"2024-07-08T14:05:33+00:00","dateModified":"2025-08-09T08:23:20+00:00","description":"Pomagamy zarejestrowa\u0107 firm\u0119 w Polsce w \u0142atwy i skuteczny spos\u00f3b. Mo\u017cesz rozpocz\u0105\u0107 swoj\u0105 dzia\u0142alno\u015b\u0107 w kraju s\u0142yn\u0105cym z ducha przedsi\u0119biorczo\u015bci i sprzyjaj\u0105cego klimatu biznesowego.","breadcrumb":{"@id":"https:\/\/pl.f-chain.com\/pl\/uslugi-prawne-w-warszawie\/reyestracya-spulek-of-i-przedsiebiorcuv-individualnickh-v-polsce\/#breadcrumb"},"inLanguage":"pl-PL","potentialAction":[{"@type":"ReadAction","target":["https:\/\/pl.f-chain.com\/pl\/uslugi-prawne-w-warszawie\/reyestracya-spulek-of-i-przedsiebiorcuv-individualnickh-v-polsce\/"]}]},{"@type":"BreadcrumbList","@id":"https:\/\/pl.f-chain.com\/pl\/uslugi-prawne-w-warszawie\/reyestracya-spulek-of-i-przedsiebiorcuv-individualnickh-v-polsce\/#breadcrumb","itemListElement":[{"@type":"ListItem","position":1,"name":"Us\u0142ugi prawne w Warszawie","item":"https:\/\/pl.f-chain.com\/pl\/uslugi-prawne-w-warszawie\/"},{"@type":"ListItem","position":2,"name":"Rejestracja sp\u00f3\u0142ek I przedsi\u0119biorc\u00f3w indywidualnych"}]},{"@type":"WebSite","@id":"https:\/\/pl.f-chain.com\/#website","url":"https:\/\/pl.f-chain.com\/","name":"FCHAIN","description":"Financial Chain Corporation - Global","potentialAction":[{"@type":"SearchAction","target":{"@type":"EntryPoint","urlTemplate":"https:\/\/pl.f-chain.com\/?s={search_term_string}"},"query-input":{"@type":"PropertyValueSpecification","valueRequired":true,"valueName":"search_term_string"}}],"inLanguage":"pl-PL"}]}},"_links":{"self":[{"href":"https:\/\/pl.f-chain.com\/pl\/wp-json\/wp\/v2\/pages\/9027","targetHints":{"allow":["GET"]}}],"collection":[{"href":"https:\/\/pl.f-chain.com\/pl\/wp-json\/wp\/v2\/pages"}],"about":[{"href":"https:\/\/pl.f-chain.com\/pl\/wp-json\/wp\/v2\/types\/page"}],"author":[{"embeddable":true,"href":"https:\/\/pl.f-chain.com\/pl\/wp-json\/wp\/v2\/users\/4"}],"replies":[{"embeddable":true,"href":"https:\/\/pl.f-chain.com\/pl\/wp-json\/wp\/v2\/comments?post=9027"}],"version-history":[{"count":6,"href":"https:\/\/pl.f-chain.com\/pl\/wp-json\/wp\/v2\/pages\/9027\/revisions"}],"predecessor-version":[{"id":9317,"href":"https:\/\/pl.f-chain.com\/pl\/wp-json\/wp\/v2\/pages\/9027\/revisions\/9317"}],"up":[{"embeddable":true,"href":"https:\/\/pl.f-chain.com\/pl\/wp-json\/wp\/v2\/pages\/8994"}],"wp:attachment":[{"href":"https:\/\/pl.f-chain.com\/pl\/wp-json\/wp\/v2\/media?parent=9027"}],"curies":[{"name":"wp","href":"https:\/\/api.w.org\/{rel}","templated":true}]}}