{"id":8994,"date":"2024-07-08T01:55:14","date_gmt":"2024-07-07T22:55:14","guid":{"rendered":"https:\/\/pl.f-chain.com\/?page_id=8994"},"modified":"2024-07-08T16:20:21","modified_gmt":"2024-07-08T13:20:21","slug":"uslugi-prawne-w-warszawie","status":"publish","type":"page","link":"https:\/\/pl.f-chain.com\/pl\/uslugi-prawne-w-warszawie\/","title":{"rendered":"Us\u0142ugi prawne w Warszawie"},"content":{"rendered":"<div class=\"wpb-content-wrapper\"><p>[vc_row][vc_column][vc_column_text css_animation=&#8221;fadeInLeft&#8221;]<span style=\"font-weight: 400;\">W dobie technologii cyfrowych i rozwoju mi\u0119dzynarodowego biznesu, us\u0142ugi do\u015bwiadczonych radc\u00f3w prawnych zapewniaj\u0105cych wysokiej jako\u015bci wsparcie przy transakcjach staj\u0105 si\u0119 istotne. Ponadto, <\/span><b>doradztwo prawne<\/b><span style=\"font-weight: 400;\"> jest r\u00f3wnie\u017c niezb\u0119dne do osi\u0105gni\u0119cia sukcesu w biznesie, pozwalaj\u0105c zwyk\u0142ym ludziom i biznesmenom na zdobycie niezb\u0119dnej wiedzy w ka\u017cdej dziedzinie \u017cycia. Sprawdzona <\/span><b>kancelaria prawna w Polsce<\/b><span style=\"font-weight: 400;\"> zapewnia wysokiej jako\u015bci pomoc we wszystkich dziedzinach prawa biznesowego, rodzinnego, cywilnego i innych. <\/span>[\/vc_column_text][\/vc_column][\/vc_row][vc_row equal_height=&#8221;yes&#8221; content_placement=&#8221;middle&#8221;][vc_column width=&#8221;1\/2&#8243;][vc_column_text css_animation=&#8221;fadeInDown&#8221;]<\/p>\n<h2><b>Doradztwo prawne<\/b><\/h2>\n<p><span style=\"font-weight: 400;\">Specjali\u015bci naszej firmy doradz\u0105 wszystkim klientom w r\u00f3\u017cnych kwestiach, kt\u00f3re dotycz\u0105 r\u00f3\u017cnych aspekt\u00f3w \u017cycia. W\u015br\u00f3d nich nale\u017cy podkre\u015bli\u0107:\u00a0<\/span><\/p>\n<ul>\n<li style=\"font-weight: 400;\" aria-level=\"1\"><span style=\"font-weight: 400;\">mi\u0119dzynarodowe stosunki prawne;\u00a0<\/span><\/li>\n<li style=\"font-weight: 400;\" aria-level=\"1\"><span style=\"font-weight: 400;\">sp\u00f3\u0142ki handlowe i ich dzia\u0142alno\u015b\u0107 w Polsce;<\/span><\/li>\n<li style=\"font-weight: 400;\" aria-level=\"1\"><span style=\"font-weight: 400;\">niemaj\u0105tkowe i maj\u0105tkowe prawa osobiste os\u00f3b;\u00a0<\/span><\/li>\n<li style=\"font-weight: 400;\" aria-level=\"1\"><span style=\"font-weight: 400;\">stosunki prawa pracy mi\u0119dzy pracownikiem a pracodawc\u0105;\u00a0<\/span><\/li>\n<li style=\"font-weight: 400;\" aria-level=\"1\"><span style=\"font-weight: 400;\">stosunki rodzinne, obowi\u0105zki ma\u0142\u017conk\u00f3w;<\/span><\/li>\n<li style=\"font-weight: 400;\" aria-level=\"1\"><span style=\"font-weight: 400;\">prawo ubezpiecze\u0144 spo\u0142ecznych;\u00a0<\/span><\/li>\n<li style=\"font-weight: 400;\" aria-level=\"1\"><span style=\"font-weight: 400;\">prawo karne i administracyjne oraz inne niuanse.\u00a0<\/span><\/li>\n<\/ul>\n<p><span style=\"font-weight: 400;\">Wykwalifikowany <\/span><b>konsultant prawny<\/b><span style=\"font-weight: 400;\"> odpowie na wszystkie pytania klient\u00f3w i udzieli profesjonalnej porady, a tak\u017ce mo\u017ce sta\u0107 si\u0119 Twoim przedstawicielem podczas spor\u00f3w s\u0105dowych. R\u00f3wnie\u017c prawnicy pozwol\u0105 ci chroni\u0107 swoje niezbywalne prawa obywatelskie w ka\u017cdym przypadku. Kontaktuj\u0105c si\u0119 z nami, otrzymasz wysoko wykwalifikowan\u0105 pomoc do\u015bwiadczonych prawnik\u00f3w.\u00a0<\/span><\/p>\n<h3><b>System prawny Polska<\/b><\/h3>\n<p><span style=\"font-weight: 400;\">Nasz zesp\u00f3\u0142 profesjonalnych prawnik\u00f3w jest dobrze zorientowany we wszystkich aspektach polskiego systemu prawnego. Dlatego wielu klient\u00f3w, kt\u00f3rzy chc\u0105 za\u0142o\u017cy\u0107 firm\u0119 lub uzyska\u0107 niezb\u0119dn\u0105 porad\u0119, zwraca si\u0119 do naszej firmy w celu uzyskania <\/span><b>us\u0142ug prawnych<\/b><span style=\"font-weight: 400;\">. W\u015br\u00f3d nich s\u0105:\u00a0<\/span><\/p>\n<ul>\n<li style=\"font-weight: 400;\" aria-level=\"1\"><span style=\"font-weight: 400;\">sporz\u0105dzanie i wykonywanie um\u00f3w;\u00a0<\/span><\/li>\n<li style=\"font-weight: 400;\" aria-level=\"1\"><span style=\"font-weight: 400;\">dokumentacyjne wsparcie transakcji;\u00a0<\/span><\/li>\n<li style=\"font-weight: 400;\" aria-level=\"1\"><span style=\"font-weight: 400;\">sporz\u0105dzanie pozw\u00f3w do s\u0105du;\u00a0<\/span><\/li>\n<li style=\"font-weight: 400;\" aria-level=\"1\"><span style=\"font-weight: 400;\">reprezentowanie interes\u00f3w klient\u00f3w;\u00a0<\/span><\/li>\n<li style=\"font-weight: 400;\" aria-level=\"1\"><span style=\"font-weight: 400;\">doradztwo we wszystkich mo\u017cliwych kwestiach.<\/span><\/li>\n<\/ul>\n<p><span style=\"font-weight: 400;\">Us\u0142ugi te s\u0105 \u015bwiadczone \u015bci\u015ble wed\u0142ug polskiego prawa. Nasi prawnicy nie podejmuj\u0105 \u017cadnych nielegalnych dzia\u0142a\u0144, przestrzegaj\u0105 przepis\u00f3w kraju, w kt\u00f3rym pracuj\u0105.\u00a0\u00a0<\/span>[\/vc_column_text][\/vc_column][vc_column width=&#8221;1\/2&#8243;][vc_single_image image=&#8221;8999&#8243; img_size=&#8221;full&#8221; alignment=&#8221;right&#8221; css_animation=&#8221;fadeInUp&#8221;][\/vc_column][\/vc_row][vc_row equal_height=&#8221;yes&#8221; content_placement=&#8221;middle&#8221;][vc_column width=&#8221;1\/2&#8243;][vc_single_image image=&#8221;9002&#8243; img_size=&#8221;full&#8221; alignment=&#8221;right&#8221; css_animation=&#8221;fadeInLeft&#8221;][\/vc_column][vc_column width=&#8221;1\/2&#8243;][vc_column_text css_animation=&#8221;fadeInRight&#8221;]<\/p>\n<h2><b>Firma doradztwa prawnego w Warszawie<\/b><\/h2>\n<p><span style=\"font-weight: 400;\">Je\u015bli potrzebujesz wysokiej jako\u015bci <\/span><b>us\u0142ug prawnych w Polsce<\/b><span style=\"font-weight: 400;\">, radzimy skontaktowa\u0107 si\u0119 z nasz\u0105 firm\u0105. Klienci mog\u0105 liczy\u0107 na:\u00a0<\/span><\/p>\n<ol>\n<li style=\"font-weight: 400;\" aria-level=\"1\"><span style=\"font-weight: 400;\">Wieloletnie do\u015bwiadczenie specjalist\u00f3w. Prawnicy rozwi\u0105zuj\u0105 problemy o dowolnej z\u0142o\u017cono\u015bci, zapewniaj\u0105c kompleksow\u0105 obs\u0142ug\u0119\u00a0<\/span><\/li>\n<li style=\"font-weight: 400;\" aria-level=\"1\"><span style=\"font-weight: 400;\">Szeroki zakres us\u0142ug. Specjali\u015bci \u015bwiadcz\u0105 us\u0142ugi w r\u00f3\u017cnych dziedzinach, od prawa rodzinnego po nieruchomo\u015bci lub rejestracj\u0119 zagranicznych sp\u00f3\u0142ek w Polsce.\u00a0<\/span><\/li>\n<li style=\"font-weight: 400;\" aria-level=\"1\"><span style=\"font-weight: 400;\">Indywidualne podej\u015bcie. Prawnicy dok\u0142adnie analizuj\u0105 ka\u017cd\u0105 konkretn\u0105 sytuacj\u0119, aby zapewni\u0107 skuteczne rozwi\u0105zanie problemu.\u00a0<\/span><\/li>\n<li style=\"font-weight: 400;\" aria-level=\"1\"><span style=\"font-weight: 400;\">Poufno\u015b\u0107. Wiemy, czym jest tajemnica handlowa. Dlatego bez obaw mo\u017cesz powierzy\u0107 nam wszystkie aspekty swojej dzia\u0142alno\u015bci.\u00a0<\/span><\/li>\n<li style=\"font-weight: 400;\" aria-level=\"1\"><span style=\"font-weight: 400;\">Przejrzysto\u015b\u0107. Ka\u017cdy <\/span><b>doradca prawny<\/b><span style=\"font-weight: 400;\"> oferuje przejrzyste warunki wsp\u00f3\u0142pracy z klientem.\u00a0<\/span><\/li>\n<\/ol>\n<p><span style=\"font-weight: 400;\">Ponadto w naszym zespole znajduje si\u0119 grupa ekspert\u00f3w z zakresu prawa mi\u0119dzynarodowego, co pozwala nam rozwi\u0105zywa\u0107 sprawy na wy\u017cszym poziomie.\u00a0<\/span><\/p>\n<h3><b>Wsparcie administracyjne w pe\u0142nym zakresie<\/b><\/h3>\n<p><span style=\"font-weight: 400;\">Ka\u017cda firma potrzebuje personelu. Poszukiwanie i selekcj\u0119 personelu mo\u017cna zleci\u0107 na zewn\u0105trz, je\u015bli nie planujesz zatrudnia\u0107 mened\u017cera HR. Zapewnimy Ci <\/span><b>pomoc prawn\u0105<\/b><span style=\"font-weight: 400;\"> i wsparcie w zakresie outsourcingu proces\u00f3w administracyjnych, biznesowych i zarz\u0105dzania wszystkimi procesami w firmie. Skontaktuj si\u0119 z nami, a zapewnimy Ci pe\u0142en zakres us\u0142ug administracyjnych u\u0142atwiaj\u0105cych funkcjonowanie Twojej firmy. <\/span>[\/vc_column_text][\/vc_column][\/vc_row][vc_row][vc_column width=&#8221;1\/2&#8243;][vc_column_text css_animation=&#8221;fadeInLeft&#8221;]<\/p>\n<h2><b>Mi\u0119dzynarodowe prawo handlowe<\/b><\/h2>\n<p><span style=\"font-weight: 400;\">Nasza firma posiada bogate do\u015bwiadczenie w kompleksowym wsparciu dokumentacyjnym w zakresie handlu mi\u0119dzynarodowego. Nasi prawnicy zapewniaj\u0105 wszystkie niezb\u0119dne <\/span><b>us\u0142ugi prawne<\/b><span style=\"font-weight: 400;\"> dla zagranicznych firm prowadz\u0105cych dzia\u0142alno\u015b\u0107 w Polsce. Doradzimy w wielu kwestiach handlowych i regulacyjnych. Zapewnimy r\u00f3wnie\u017c obron\u0119 i reprezentacj\u0119 interes\u00f3w klient\u00f3w w r\u00f3\u017cnych s\u0105dach, w tym w mi\u0119dzynarodowym arbitra\u017cu handlowym.\u00a0<\/span><\/p>\n<h3><b>Us\u0142ugi korporacyjne<\/b><\/h3>\n<p><span style=\"font-weight: 400;\">Prawo korporacyjne to do\u015b\u0107 drobiazgowa dziedzina. Jego zadania obejmuj\u0105 za\u0142o\u017cenie sp\u00f3\u0142ki, ustanowienie zarz\u0105du korporacyjnego, udzielanie pe\u0142nomocnictw korporacyjnych agentom i udzielanie porad ka\u017cdemu podmiotowi prawnemu dzia\u0142aj\u0105cemu w mi\u0119dzynarodowej jurysdykcji. Takimi sprawami zajmuj\u0105 si\u0119 specjali\u015bci, kt\u00f3rzy maj\u0105 ogromne do\u015bwiadczenie w zarz\u0105dzaniu sp\u00f3\u0142kami. Zajm\u0105 si\u0119 r\u00f3wnie\u017c wszelkimi kwestiami zwi\u0105zanymi z likwidacj\u0105 lub reorganizacj\u0105 podmiotu prawnego.\u00a0<\/span>[\/vc_column_text][\/vc_column][vc_column width=&#8221;1\/2&#8243;][vc_single_image image=&#8221;9008&#8243; img_size=&#8221;full&#8221; css_animation=&#8221;fadeInDown&#8221;][\/vc_column][\/vc_row]<\/p>\n<\/div>","protected":false},"excerpt":{"rendered":"<p>[vc_row][vc_column][vc_column_text css_animation=&#8221;fadeInLeft&#8221;]W dobie technologii cyfrowych i rozwoju mi\u0119dzynarodowego biznesu, us\u0142ugi do\u015bwiadczonych radc\u00f3w prawnych zapewniaj\u0105cych wysokiej jako\u015bci wsparcie przy transakcjach staj\u0105 si\u0119 istotne. Ponadto, doradztwo prawne jest r\u00f3wnie\u017c niezb\u0119dne do osi\u0105gni\u0119cia sukcesu w biznesie, pozwalaj\u0105c zwyk\u0142ym ludziom i biznesmenom na zdobycie niezb\u0119dnej wiedzy w ka\u017cdej dziedzinie \u017cycia. Sprawdzona kancelaria prawna w Polsce zapewnia wysokiej jako\u015bci pomoc<\/p>\n","protected":false},"author":4,"featured_media":0,"parent":0,"menu_order":0,"comment_status":"closed","ping_status":"closed","template":"","meta":{"_acf_changed":false,"_lmt_disableupdate":"no","_lmt_disable":"","footnotes":""},"class_list":["post-8994","page","type-page","status-publish","hentry"],"acf":[],"yoast_head":"<!-- This site is optimized with the Yoast SEO plugin v27.3 - https:\/\/yoast.com\/product\/yoast-seo-wordpress\/ -->\n<title>Us\u0142ugi prawne w Warszawie<\/title>\n<meta name=\"description\" content=\"Us\u0142ugi doradztwa prawnego s\u0105 niezb\u0119dne do osi\u0105gni\u0119cia sukcesu w biznesie, umo\u017cliwiaj\u0105c zwyk\u0142ym ludziom i przedsi\u0119biorcom zdobycie niezb\u0119dnej wiedzy w ka\u017cdej sferze \u017cycia. Sprawdzona kancelaria prawna w Polsce zapewnia wysokiej jako\u015bci pomoc we wszelkich sprawach gospodarczych, rodzinnych, cywilnych i innych.\" \/>\n<meta name=\"robots\" content=\"index, follow, max-snippet:-1, max-image-preview:large, max-video-preview:-1\" \/>\n<link rel=\"canonical\" href=\"https:\/\/pl.f-chain.com\/pl\/uslugi-prawne-w-warszawie\/\" \/>\n<meta property=\"og:locale\" content=\"pl_PL\" \/>\n<meta property=\"og:type\" content=\"article\" \/>\n<meta property=\"og:title\" content=\"Us\u0142ugi prawne w Warszawie\" \/>\n<meta property=\"og:description\" content=\"Us\u0142ugi doradztwa prawnego s\u0105 niezb\u0119dne do osi\u0105gni\u0119cia sukcesu w biznesie, umo\u017cliwiaj\u0105c zwyk\u0142ym ludziom i przedsi\u0119biorcom zdobycie niezb\u0119dnej wiedzy w ka\u017cdej sferze \u017cycia. Sprawdzona kancelaria prawna w Polsce zapewnia wysokiej jako\u015bci pomoc we wszelkich sprawach gospodarczych, rodzinnych, cywilnych i innych.\" \/>\n<meta property=\"og:url\" content=\"https:\/\/pl.f-chain.com\/pl\/uslugi-prawne-w-warszawie\/\" \/>\n<meta property=\"og:site_name\" content=\"FCHAIN\" \/>\n<meta property=\"article:modified_time\" content=\"2024-07-08T13:20:21+00:00\" \/>\n<meta name=\"twitter:card\" content=\"summary_large_image\" \/>\n<meta name=\"twitter:label1\" content=\"Szacowany czas czytania\" \/>\n\t<meta name=\"twitter:data1\" content=\"4 minuty\" \/>\n<script type=\"application\/ld+json\" class=\"yoast-schema-graph\">{\"@context\":\"https:\\\/\\\/schema.org\",\"@graph\":[{\"@type\":\"WebPage\",\"@id\":\"https:\\\/\\\/pl.f-chain.com\\\/pl\\\/uslugi-prawne-w-warszawie\\\/\",\"url\":\"https:\\\/\\\/pl.f-chain.com\\\/pl\\\/uslugi-prawne-w-warszawie\\\/\",\"name\":\"Us\u0142ugi prawne w Warszawie\",\"isPartOf\":{\"@id\":\"https:\\\/\\\/pl.f-chain.com\\\/#website\"},\"datePublished\":\"2024-07-07T22:55:14+00:00\",\"dateModified\":\"2024-07-08T13:20:21+00:00\",\"description\":\"Us\u0142ugi doradztwa prawnego s\u0105 niezb\u0119dne do osi\u0105gni\u0119cia sukcesu w biznesie, umo\u017cliwiaj\u0105c zwyk\u0142ym ludziom i przedsi\u0119biorcom zdobycie niezb\u0119dnej wiedzy w ka\u017cdej sferze \u017cycia. Sprawdzona kancelaria prawna w Polsce zapewnia wysokiej jako\u015bci pomoc we wszelkich sprawach gospodarczych, rodzinnych, cywilnych i innych.\",\"inLanguage\":\"pl-PL\",\"potentialAction\":[{\"@type\":\"ReadAction\",\"target\":[\"https:\\\/\\\/pl.f-chain.com\\\/pl\\\/uslugi-prawne-w-warszawie\\\/\"]}]},{\"@type\":\"WebSite\",\"@id\":\"https:\\\/\\\/pl.f-chain.com\\\/#website\",\"url\":\"https:\\\/\\\/pl.f-chain.com\\\/\",\"name\":\"FCHAIN\",\"description\":\"Financial Chain Corporation - Global\",\"potentialAction\":[{\"@type\":\"SearchAction\",\"target\":{\"@type\":\"EntryPoint\",\"urlTemplate\":\"https:\\\/\\\/pl.f-chain.com\\\/?s={search_term_string}\"},\"query-input\":{\"@type\":\"PropertyValueSpecification\",\"valueRequired\":true,\"valueName\":\"search_term_string\"}}],\"inLanguage\":\"pl-PL\"}]}<\/script>\n<!-- \/ Yoast SEO plugin. -->","yoast_head_json":{"title":"Us\u0142ugi prawne w Warszawie","description":"Us\u0142ugi doradztwa prawnego s\u0105 niezb\u0119dne do osi\u0105gni\u0119cia sukcesu w biznesie, umo\u017cliwiaj\u0105c zwyk\u0142ym ludziom i przedsi\u0119biorcom zdobycie niezb\u0119dnej wiedzy w ka\u017cdej sferze \u017cycia. Sprawdzona kancelaria prawna w Polsce zapewnia wysokiej jako\u015bci pomoc we wszelkich sprawach gospodarczych, rodzinnych, cywilnych i innych.","robots":{"index":"index","follow":"follow","max-snippet":"max-snippet:-1","max-image-preview":"max-image-preview:large","max-video-preview":"max-video-preview:-1"},"canonical":"https:\/\/pl.f-chain.com\/pl\/uslugi-prawne-w-warszawie\/","og_locale":"pl_PL","og_type":"article","og_title":"Us\u0142ugi prawne w Warszawie","og_description":"Us\u0142ugi doradztwa prawnego s\u0105 niezb\u0119dne do osi\u0105gni\u0119cia sukcesu w biznesie, umo\u017cliwiaj\u0105c zwyk\u0142ym ludziom i przedsi\u0119biorcom zdobycie niezb\u0119dnej wiedzy w ka\u017cdej sferze \u017cycia. Sprawdzona kancelaria prawna w Polsce zapewnia wysokiej jako\u015bci pomoc we wszelkich sprawach gospodarczych, rodzinnych, cywilnych i innych.","og_url":"https:\/\/pl.f-chain.com\/pl\/uslugi-prawne-w-warszawie\/","og_site_name":"FCHAIN","article_modified_time":"2024-07-08T13:20:21+00:00","twitter_card":"summary_large_image","twitter_misc":{"Szacowany czas czytania":"4 minuty"},"schema":{"@context":"https:\/\/schema.org","@graph":[{"@type":"WebPage","@id":"https:\/\/pl.f-chain.com\/pl\/uslugi-prawne-w-warszawie\/","url":"https:\/\/pl.f-chain.com\/pl\/uslugi-prawne-w-warszawie\/","name":"Us\u0142ugi prawne w Warszawie","isPartOf":{"@id":"https:\/\/pl.f-chain.com\/#website"},"datePublished":"2024-07-07T22:55:14+00:00","dateModified":"2024-07-08T13:20:21+00:00","description":"Us\u0142ugi doradztwa prawnego s\u0105 niezb\u0119dne do osi\u0105gni\u0119cia sukcesu w biznesie, umo\u017cliwiaj\u0105c zwyk\u0142ym ludziom i przedsi\u0119biorcom zdobycie niezb\u0119dnej wiedzy w ka\u017cdej sferze \u017cycia. Sprawdzona kancelaria prawna w Polsce zapewnia wysokiej jako\u015bci pomoc we wszelkich sprawach gospodarczych, rodzinnych, cywilnych i innych.","inLanguage":"pl-PL","potentialAction":[{"@type":"ReadAction","target":["https:\/\/pl.f-chain.com\/pl\/uslugi-prawne-w-warszawie\/"]}]},{"@type":"WebSite","@id":"https:\/\/pl.f-chain.com\/#website","url":"https:\/\/pl.f-chain.com\/","name":"FCHAIN","description":"Financial Chain Corporation - Global","potentialAction":[{"@type":"SearchAction","target":{"@type":"EntryPoint","urlTemplate":"https:\/\/pl.f-chain.com\/?s={search_term_string}"},"query-input":{"@type":"PropertyValueSpecification","valueRequired":true,"valueName":"search_term_string"}}],"inLanguage":"pl-PL"}]}},"_links":{"self":[{"href":"https:\/\/pl.f-chain.com\/pl\/wp-json\/wp\/v2\/pages\/8994","targetHints":{"allow":["GET"]}}],"collection":[{"href":"https:\/\/pl.f-chain.com\/pl\/wp-json\/wp\/v2\/pages"}],"about":[{"href":"https:\/\/pl.f-chain.com\/pl\/wp-json\/wp\/v2\/types\/page"}],"author":[{"embeddable":true,"href":"https:\/\/pl.f-chain.com\/pl\/wp-json\/wp\/v2\/users\/4"}],"replies":[{"embeddable":true,"href":"https:\/\/pl.f-chain.com\/pl\/wp-json\/wp\/v2\/comments?post=8994"}],"version-history":[{"count":13,"href":"https:\/\/pl.f-chain.com\/pl\/wp-json\/wp\/v2\/pages\/8994\/revisions"}],"predecessor-version":[{"id":9022,"href":"https:\/\/pl.f-chain.com\/pl\/wp-json\/wp\/v2\/pages\/8994\/revisions\/9022"}],"wp:attachment":[{"href":"https:\/\/pl.f-chain.com\/pl\/wp-json\/wp\/v2\/media?parent=8994"}],"curies":[{"name":"wp","href":"https:\/\/api.w.org\/{rel}","templated":true}]}}