{"id":8990,"date":"2024-07-08T01:45:24","date_gmt":"2024-07-07T22:45:24","guid":{"rendered":"https:\/\/pl.f-chain.com\/?page_id=8990"},"modified":"2024-07-08T01:49:20","modified_gmt":"2024-07-07T22:49:20","slug":"standardy-raportowania-finansowego-wedlug-mssf","status":"publish","type":"page","link":"https:\/\/pl.f-chain.com\/pl\/standardy-raportowania-finansowego-wedlug-mssf\/","title":{"rendered":"Standardy raportowania finansowego wed\u0142ug MSSF"},"content":{"rendered":"<div class=\"wpb-content-wrapper\"><p>[vc_row][vc_column][vc_column_text css_animation=&#8221;fadeInUp&#8221;]<span style=\"font-weight: 400;\">Przedsi\u0119biorstwa komercyjne w Polsce s\u0105 prawnie zobowi\u0105zane do sk\u0142adania rocznej <\/span><span style=\"font-weight: 400;\">mi\u0119dzynarodowej sprawozdawczo\u015bci finansowej<\/span><span style=\"font-weight: 400;\"> w formie elektronicznej lub papierowej. Obj\u0119to\u015b\u0107 tego dokumentu zale\u017cy od wielko\u015bci i specyfiki dzia\u0142alno\u015bci. Sk\u0142adanie sprawozda\u0144 finansowych jest regulowane na poziomie krajowym przez kodeks handlowy, ustaw\u0119 o rachunkowo\u015bci i szereg innych przepis\u00f3w. Wi\u0119kszo\u015b\u0107 polskich przedsi\u0119biorstw handlowych sk\u0142ada sprawozdania z przep\u0142yw\u00f3w finansowych w Krajowym Rejestrze S\u0105dowym (KRS).<\/span>[\/vc_column_text][\/vc_column][\/vc_row][vc_row equal_height=&#8221;yes&#8221; content_placement=&#8221;middle&#8221;][vc_column width=&#8221;1\/2&#8243;][vc_column_text css_animation=&#8221;fadeInUp&#8221;]<\/p>\n<h2><b>Standardy rachunkowo\u015bci MSSF<\/b><\/h2>\n<p><span style=\"font-weight: 400;\">Sp\u00f3\u0142ki o okre\u015blonym statusie musz\u0105 przestrzega\u0107 wymog\u00f3w <\/span><span style=\"font-weight: 400;\">MSSF Polska<\/span><span style=\"font-weight: 400;\">. Oznacza to, \u017ce wszystkie dokumenty ksi\u0119gowe, zapisy i raporty musz\u0105 by\u0107 sporz\u0105dzone w j\u0119zyku polskim i w polskiej walucie (z\u0142oty). Jednym z wymog\u00f3w jest dostarczanie wiarygodnych informacji na temat sytuacji finansowej <\/span><b>przedsi\u0119biorstwa<\/b><span style=\"font-weight: 400;\">. Sp\u00f3\u0142ki musz\u0105 terminowo przygotowywa\u0107 i przekazywa\u0107 dokumenty finansowe do wy\u017cej wymienionych organ\u00f3w oraz dzia\u0142a\u0107 zgodnie z ustaw\u0105 o rachunkowo\u015bci, przestrzegaj\u0105c wszystkich jej zapis\u00f3w.<\/span><\/p>\n<h2><\/h2>\n<p><span style=\"font-weight: 400;\">Obowi\u0105zkowe sk\u0142adanie dokument\u00f3w dotycz\u0105cych przep\u0142yw\u00f3w pieni\u0119\u017cnych i zestawienia zmian w kapitale w\u0142asnym musi by\u0107 spe\u0142nione przez sp\u00f3\u0142ki:<\/span><\/p>\n<ul>\n<li style=\"font-weight: 400;\" aria-level=\"1\"><span style=\"font-weight: 400;\">sp\u00f3\u0142ki z o.o;<\/span><\/li>\n<li style=\"font-weight: 400;\" aria-level=\"1\"><span style=\"font-weight: 400;\">podlegaj\u0105ce audytowi;<\/span><\/li>\n<li style=\"font-weight: 400;\" aria-level=\"1\"><span style=\"font-weight: 400;\">notowane na gie\u0142dzie papier\u00f3w warto\u015bciowych.<\/span><\/li>\n<\/ul>\n<p><span style=\"font-weight: 400;\">Sp\u00f3\u0142ki gie\u0142dowe s\u0105 zobowi\u0105zane do sk\u0142adania sprawozda\u0144 kwartalnych, p\u00f3\u0142rocznych i rocznych. Wszystkie te dokumenty musz\u0105 by\u0107 sk\u0142adane do Krajowego Rejestru S\u0105dowego raz w roku w formacie elektronicznym. Mo\u017cliwe jest r\u00f3wnie\u017c sk\u0142adanie dokument\u00f3w za po\u015brednictwem zewn\u0119trznych agencji \u015bwiadcz\u0105cych us\u0142ugi ksi\u0119gowe. Sp\u00f3\u0142ki, kt\u00f3re nie s\u0105 zobowi\u0105zane do sk\u0142adania <\/span><b>sprawozda\u0144 finansowych zgodnie z MSSF<\/b> <b>(Mi\u0119dzynarodowymi Standardami Sprawozdawczo\u015bci Finansowej)<\/b><span style=\"font-weight: 400;\">, mog\u0105 dobrowolnie stosowa\u0107 standardy wydane przez KSR.\u00a0<\/span>[\/vc_column_text][\/vc_column][vc_column width=&#8221;1\/2&#8243;][vc_single_image image=&#8221;8982&#8243; img_size=&#8221;large&#8221; css_animation=&#8221;fadeInRight&#8221;][\/vc_column][\/vc_row][vc_row equal_height=&#8221;yes&#8221; content_placement=&#8221;middle&#8221;][vc_column width=&#8221;1\/2&#8243;][vc_single_image image=&#8221;8985&#8243; img_size=&#8221;full&#8221; css_animation=&#8221;fadeInLeft&#8221;][\/vc_column][vc_column width=&#8221;1\/2&#8243;][vc_column_text css_animation=&#8221;fadeInRight&#8221;]<\/p>\n<h2><b>Proces wdra\u017cania MSSF<\/b><\/h2>\n<p><span style=\"font-weight: 400;\">KSR Ministerstwa Finans\u00f3w wydaje wewn\u0119trzne standardy rachunkowo\u015bci, kt\u00f3re uzupe\u0142niaj\u0105 polsk\u0105 ustaw\u0119 o rachunkowo\u015bci. Je\u017celi dana kwestia rachunkowa nie jest uregulowana w ustawie o rachunkowo\u015bci lub standardach KSR, sp\u00f3\u0142ki maj\u0105 mo\u017cliwo\u015b\u0107 skorzystania z mi\u0119dzynarodowych <\/span><span style=\"font-weight: 400;\">zalece\u0144 MSSF<\/span><span style=\"font-weight: 400;\">. Wa\u017cne jest jednak, aby wybra\u0107 jedno lub drugie. Je\u015bli <\/span><b>sp\u00f3\u0142ka <\/b><span style=\"font-weight: 400;\">planuje stosowa\u0107 standardy KSR, nie ma mo\u017cliwo\u015bci zastosowania zalece\u0144 MSSF.\u00a0<\/span><\/p>\n<h2><\/h2>\n<p><span style=\"font-weight: 400;\">Procedura wdro\u017cenia MSSF jest d\u0142uga, kosztowna i pracoch\u0142onna, powinna uwzgl\u0119dnia\u0107 wszystkie <\/span><b>standardy finansowe<\/b><span style=\"font-weight: 400;\">. Jej koszty zale\u017c\u0105 od wielko\u015bci sp\u00f3\u0142ki i cz\u0119sto przewy\u017cszaj\u0105 korzy\u015bci. Koszty te obejmuj\u0105 szkolenia pracownik\u00f3w, zmiany oprogramowania, zewn\u0119trzne konsultacje techniczne, podatkowe, wyceny, dodatkowy audyt zewn\u0119trzny.<\/span><\/p>\n<h2><b>Sprawozdanie finansowe wed\u0142ug MSSF: wa\u017cne punkty<\/b><\/h2>\n<p><span style=\"font-weight: 400;\">Je\u015bli chodzi o rachunkowo\u015b\u0107, firmy w Polsce, w zale\u017cno\u015bci od ich statusu, musz\u0105 przestrzega\u0107 Polskich Standard\u00f3w Rachunkowo\u015bci (PSR) lub standard\u00f3w mi\u0119dzynarodowych. Firmy s\u0105 zobowi\u0105zane do prowadzenia dokumentacji w j\u0119zyku narodowym i w walucie krajowej oraz do zapewnienia, \u017ce dokumentacja ksi\u0119gowa jest odpowiednio przechowywana przez pi\u0119\u0107 lat lub d\u0142u\u017cej. Od 2024 r. Polska wprowadzi\u0142a elektroniczny system fakturowania, kt\u00f3ry wymaga rekonfiguracji system\u00f3w ksi\u0119gowych sp\u00f3\u0142ek w celu zapewnienia zgodno\u015bci z nowymi standardami.<\/span>[\/vc_column_text][\/vc_column][\/vc_row][vc_row equal_height=&#8221;yes&#8221; content_placement=&#8221;middle&#8221;][vc_column width=&#8221;1\/2&#8243;][vc_column_text css_animation=&#8221;fadeInUp&#8221;]<\/p>\n<h2><b>Co sp\u00f3\u0142ki powinny wiedzie\u0107 o sprawozdawczo\u015bci finansowej<\/b><\/h2>\n<p><span style=\"font-weight: 400;\">Sprawozdawczo\u015b\u0107 finansowa zgodna z MSSF w Warszawie<\/span><span style=\"font-weight: 400;\"> musi by\u0107 prowadzona terminowo i zgodnie z wymogami polskiego prawa. Aby upewni\u0107 si\u0119, \u017ce wszystko zosta\u0142o wykonane poprawnie, bez konieczno\u015bci wprowadzania poprawek, mo\u017cna skorzysta\u0107 z pomocy do\u015bwiadczonych specjalist\u00f3w ds. rachunkowo\u015bci <\/span><span style=\"font-weight: 400;\">MSSF Polska<\/span><span style=\"font-weight: 400;\">.<\/span><\/p>\n<h2><b>Proces przygotowania sprawozdania finansowego<\/b><\/h2>\n<p><span style=\"font-weight: 400;\">Sprawozdania finansowe mog\u0105 by\u0107 przygotowywane przy u\u017cyciu podstawowej (r\u00f3wnoleg\u0142ej) rachunkowo\u015bci zgodnie z MSSF lub poprzez przekszta\u0142cenie rachunk\u00f3w krajowych w mi\u0119dzynarodowy format MSSF. Pierwsza opcja charakteryzuje si\u0119 wy\u017csz\u0105 jako\u015bci\u0105, ale jest zbyt pracoch\u0142onna i mo\u017ce by\u0107 ekonomicznie nieop\u0142acalna. Przekszta\u0142cenie sprawozdawczo\u015bci pozwala obni\u017cy\u0107 koszty przygotowania. W tym przypadku raporty tworzone zgodnie ze standardami krajowymi powinny by\u0107 zharmonizowane ze standardami mi\u0119dzynarodowymi. Nie ma jednolitych zasad i etap\u00f3w przeprowadzania tej transformacji. Specjalista mo\u017ce samodzielnie okre\u015bli\u0107 metodologi\u0119 i etapy pracy z raportami, dokona\u0107 w\u0142asnych korekt.<\/span>[\/vc_column_text][\/vc_column][vc_column width=&#8221;1\/2&#8243;][vc_single_image image=&#8221;8987&#8243; img_size=&#8221;full&#8221;][\/vc_column][\/vc_row][vc_row][vc_column][vc_column_text css_animation=&#8221;fadeInUp&#8221;]<\/p>\n<h2><b>Mi\u0119dzynarodowe standardy MSSF<\/b><b>: powierz przygotowanie profesjonalistom<\/b><\/h2>\n<p><span style=\"font-weight: 400;\">Nowoczesne wymogi rachunkowo\u015bci to w rzeczywisto\u015bci Mi\u0119dzynarodowe Standardy Sprawozdawczo\u015bci Finansowej MSSF. Aby jednak nie rozumie\u0107 samodzielnie dokument\u00f3w regulacyjnych i finansowych, w\u0142a\u015bciciele firm i przedsi\u0119biorstw przyci\u0105gaj\u0105 specjalist\u00f3w, kt\u00f3rzy maj\u0105 wystarczaj\u0105ce do\u015bwiadczenie, kompetencje i pomagaj\u0105 w sporz\u0105dzaniu dokument\u00f3w ksi\u0119gowych zgodnie z <\/span><span style=\"font-weight: 400;\">mi\u0119dzynarodowymi standardami sprawozdawczo\u015bci finansowej<\/span><span style=\"font-weight: 400;\">. Jest to wygodne i korzystne dla obu stron.<\/span>[\/vc_column_text][\/vc_column][\/vc_row]<\/p>\n<\/div>","protected":false},"excerpt":{"rendered":"<p>[vc_row][vc_column][vc_column_text css_animation=&#8221;fadeInUp&#8221;]Przedsi\u0119biorstwa komercyjne w Polsce s\u0105 prawnie zobowi\u0105zane do sk\u0142adania rocznej mi\u0119dzynarodowej sprawozdawczo\u015bci finansowej w formie elektronicznej lub papierowej. Obj\u0119to\u015b\u0107 tego dokumentu zale\u017cy od wielko\u015bci i specyfiki dzia\u0142alno\u015bci. Sk\u0142adanie sprawozda\u0144 finansowych jest regulowane na poziomie krajowym przez kodeks handlowy, ustaw\u0119 o rachunkowo\u015bci i szereg innych przepis\u00f3w. Wi\u0119kszo\u015b\u0107 polskich przedsi\u0119biorstw handlowych sk\u0142ada sprawozdania z przep\u0142yw\u00f3w finansowych<\/p>\n","protected":false},"author":4,"featured_media":0,"parent":0,"menu_order":0,"comment_status":"closed","ping_status":"closed","template":"","meta":{"_acf_changed":false,"_lmt_disableupdate":"no","_lmt_disable":"","footnotes":""},"class_list":["post-8990","page","type-page","status-publish","hentry"],"acf":[],"yoast_head":"<!-- This site is optimized with the Yoast SEO plugin v27.1 - https:\/\/yoast.com\/product\/yoast-seo-wordpress\/ -->\n<title>Standardy raportowania finansowego wed\u0142ug MSSF<\/title>\n<meta name=\"description\" content=\"MSSF, Mi\u0119dzynarodowy Standard Sprawozdawczo\u015bci Finansowej, stanowi dynamiczny zbi\u00f3r przepis\u00f3w i zasad harmonizuj\u0105cych praktyki rachunkowo\u015bci i sprawozdawczo\u015bci finansowej na ca\u0142ym \u015bwiecie.\" \/>\n<meta name=\"robots\" content=\"index, follow, max-snippet:-1, max-image-preview:large, max-video-preview:-1\" \/>\n<link rel=\"canonical\" href=\"https:\/\/pl.f-chain.com\/pl\/standardy-raportowania-finansowego-wedlug-mssf\/\" \/>\n<meta property=\"og:locale\" content=\"pl_PL\" \/>\n<meta property=\"og:type\" content=\"article\" \/>\n<meta property=\"og:title\" content=\"Standardy raportowania finansowego wed\u0142ug MSSF\" \/>\n<meta property=\"og:description\" content=\"MSSF, Mi\u0119dzynarodowy Standard Sprawozdawczo\u015bci Finansowej, stanowi dynamiczny zbi\u00f3r przepis\u00f3w i zasad harmonizuj\u0105cych praktyki rachunkowo\u015bci i sprawozdawczo\u015bci finansowej na ca\u0142ym \u015bwiecie.\" \/>\n<meta property=\"og:url\" content=\"https:\/\/pl.f-chain.com\/pl\/standardy-raportowania-finansowego-wedlug-mssf\/\" \/>\n<meta property=\"og:site_name\" content=\"FCHAIN\" \/>\n<meta property=\"article:modified_time\" content=\"2024-07-07T22:49:20+00:00\" \/>\n<meta name=\"twitter:card\" content=\"summary_large_image\" \/>\n<meta name=\"twitter:label1\" content=\"Szacowany czas czytania\" \/>\n\t<meta name=\"twitter:data1\" content=\"4 minuty\" \/>\n<script type=\"application\/ld+json\" class=\"yoast-schema-graph\">{\"@context\":\"https:\/\/schema.org\",\"@graph\":[{\"@type\":\"WebPage\",\"@id\":\"https:\/\/pl.f-chain.com\/pl\/standardy-raportowania-finansowego-wedlug-mssf\/\",\"url\":\"https:\/\/pl.f-chain.com\/pl\/standardy-raportowania-finansowego-wedlug-mssf\/\",\"name\":\"Standardy raportowania finansowego wed\u0142ug MSSF\",\"isPartOf\":{\"@id\":\"https:\/\/pl.f-chain.com\/#website\"},\"datePublished\":\"2024-07-07T22:45:24+00:00\",\"dateModified\":\"2024-07-07T22:49:20+00:00\",\"description\":\"MSSF, Mi\u0119dzynarodowy Standard Sprawozdawczo\u015bci Finansowej, stanowi dynamiczny zbi\u00f3r przepis\u00f3w i zasad harmonizuj\u0105cych praktyki rachunkowo\u015bci i sprawozdawczo\u015bci finansowej na ca\u0142ym \u015bwiecie.\",\"inLanguage\":\"pl-PL\",\"potentialAction\":[{\"@type\":\"ReadAction\",\"target\":[\"https:\/\/pl.f-chain.com\/pl\/standardy-raportowania-finansowego-wedlug-mssf\/\"]}]},{\"@type\":\"WebSite\",\"@id\":\"https:\/\/pl.f-chain.com\/#website\",\"url\":\"https:\/\/pl.f-chain.com\/\",\"name\":\"FCHAIN\",\"description\":\"Financial Chain Corporation - Global\",\"potentialAction\":[{\"@type\":\"SearchAction\",\"target\":{\"@type\":\"EntryPoint\",\"urlTemplate\":\"https:\/\/pl.f-chain.com\/?s={search_term_string}\"},\"query-input\":{\"@type\":\"PropertyValueSpecification\",\"valueRequired\":true,\"valueName\":\"search_term_string\"}}],\"inLanguage\":\"pl-PL\"}]}<\/script>\n<!-- \/ Yoast SEO plugin. -->","yoast_head_json":{"title":"Standardy raportowania finansowego wed\u0142ug MSSF","description":"MSSF, Mi\u0119dzynarodowy Standard Sprawozdawczo\u015bci Finansowej, stanowi dynamiczny zbi\u00f3r przepis\u00f3w i zasad harmonizuj\u0105cych praktyki rachunkowo\u015bci i sprawozdawczo\u015bci finansowej na ca\u0142ym \u015bwiecie.","robots":{"index":"index","follow":"follow","max-snippet":"max-snippet:-1","max-image-preview":"max-image-preview:large","max-video-preview":"max-video-preview:-1"},"canonical":"https:\/\/pl.f-chain.com\/pl\/standardy-raportowania-finansowego-wedlug-mssf\/","og_locale":"pl_PL","og_type":"article","og_title":"Standardy raportowania finansowego wed\u0142ug MSSF","og_description":"MSSF, Mi\u0119dzynarodowy Standard Sprawozdawczo\u015bci Finansowej, stanowi dynamiczny zbi\u00f3r przepis\u00f3w i zasad harmonizuj\u0105cych praktyki rachunkowo\u015bci i sprawozdawczo\u015bci finansowej na ca\u0142ym \u015bwiecie.","og_url":"https:\/\/pl.f-chain.com\/pl\/standardy-raportowania-finansowego-wedlug-mssf\/","og_site_name":"FCHAIN","article_modified_time":"2024-07-07T22:49:20+00:00","twitter_card":"summary_large_image","twitter_misc":{"Szacowany czas czytania":"4 minuty"},"schema":{"@context":"https:\/\/schema.org","@graph":[{"@type":"WebPage","@id":"https:\/\/pl.f-chain.com\/pl\/standardy-raportowania-finansowego-wedlug-mssf\/","url":"https:\/\/pl.f-chain.com\/pl\/standardy-raportowania-finansowego-wedlug-mssf\/","name":"Standardy raportowania finansowego wed\u0142ug MSSF","isPartOf":{"@id":"https:\/\/pl.f-chain.com\/#website"},"datePublished":"2024-07-07T22:45:24+00:00","dateModified":"2024-07-07T22:49:20+00:00","description":"MSSF, Mi\u0119dzynarodowy Standard Sprawozdawczo\u015bci Finansowej, stanowi dynamiczny zbi\u00f3r przepis\u00f3w i zasad harmonizuj\u0105cych praktyki rachunkowo\u015bci i sprawozdawczo\u015bci finansowej na ca\u0142ym \u015bwiecie.","inLanguage":"pl-PL","potentialAction":[{"@type":"ReadAction","target":["https:\/\/pl.f-chain.com\/pl\/standardy-raportowania-finansowego-wedlug-mssf\/"]}]},{"@type":"WebSite","@id":"https:\/\/pl.f-chain.com\/#website","url":"https:\/\/pl.f-chain.com\/","name":"FCHAIN","description":"Financial Chain Corporation - Global","potentialAction":[{"@type":"SearchAction","target":{"@type":"EntryPoint","urlTemplate":"https:\/\/pl.f-chain.com\/?s={search_term_string}"},"query-input":{"@type":"PropertyValueSpecification","valueRequired":true,"valueName":"search_term_string"}}],"inLanguage":"pl-PL"}]}},"_links":{"self":[{"href":"https:\/\/pl.f-chain.com\/pl\/wp-json\/wp\/v2\/pages\/8990","targetHints":{"allow":["GET"]}}],"collection":[{"href":"https:\/\/pl.f-chain.com\/pl\/wp-json\/wp\/v2\/pages"}],"about":[{"href":"https:\/\/pl.f-chain.com\/pl\/wp-json\/wp\/v2\/types\/page"}],"author":[{"embeddable":true,"href":"https:\/\/pl.f-chain.com\/pl\/wp-json\/wp\/v2\/users\/4"}],"replies":[{"embeddable":true,"href":"https:\/\/pl.f-chain.com\/pl\/wp-json\/wp\/v2\/comments?post=8990"}],"version-history":[{"count":3,"href":"https:\/\/pl.f-chain.com\/pl\/wp-json\/wp\/v2\/pages\/8990\/revisions"}],"predecessor-version":[{"id":8993,"href":"https:\/\/pl.f-chain.com\/pl\/wp-json\/wp\/v2\/pages\/8990\/revisions\/8993"}],"wp:attachment":[{"href":"https:\/\/pl.f-chain.com\/pl\/wp-json\/wp\/v2\/media?parent=8990"}],"curies":[{"name":"wp","href":"https:\/\/api.w.org\/{rel}","templated":true}]}}