{"id":8975,"date":"2024-07-05T10:22:32","date_gmt":"2024-07-05T07:22:32","guid":{"rendered":"https:\/\/pl.f-chain.com\/?page_id=8975"},"modified":"2026-02-12T04:43:59","modified_gmt":"2026-02-12T01:43:59","slug":"uslugi-ksiegowe-i-payroll","status":"publish","type":"page","link":"https:\/\/pl.f-chain.com\/pl\/uslugi-ksiegowe-i-payroll\/","title":{"rendered":"Us\u0142ugi ksi\u0119gowe"},"content":{"rendered":"<div class=\"wpb-content-wrapper\"><p>[vc_row][vc_column][vc_column_text css_animation=&#8221;fadeInLeft&#8221;]<span style=\"font-weight: 400;\">Praca przedsi\u0119biorstw przemys\u0142owych i biur polega na tworzeniu materialnych lub intelektualnych produkt\u00f3w ko\u0144cowych. Jak w ka\u017cdym innym kraju, w Polsce dzia\u0142alno\u015b\u0107 gospodarcza opiera si\u0119 na produkcji d\u00f3br konsumpcyjnych, w\u0142a\u015bciwym r\u00f3\u017cnicowaniu zasob\u00f3w i niezb\u0119dnych obliczeniach finansowych. <\/span><span style=\"font-weight: 400;\">Us\u0142ugi ksi\u0119gowe i payroll w Polsce<\/span><span style=\"font-weight: 400;\"> s\u0105 niezb\u0119dne do okre\u015blenia rentowno\u015bci firmy, wp\u0142ywu i wyp\u0142ywu aktyw\u00f3w, a tak\u017ce obliczenia wynagrodze\u0144 pracownik\u00f3w.\u00a0<\/span><\/p>\n<p><span style=\"font-weight: 400;\">Obecnie istnieje wiele rodzaj\u00f3w ksi\u0119gowo\u015bci. Prawid\u0142owe rejestrowanie transakcji jest niezb\u0119dne do uzyskania aktualnych informacji o stanie rzeczy w organizacji oraz do podejmowania jasnych i prawid\u0142owych decyzji. Dlatego dzi\u015b trudno wyobrazi\u0107 sobie firm\u0119, kt\u00f3ra nie prowadzi ewidencji ksi\u0119gowej.\u00a0\u00a0<\/span>[\/vc_column_text][\/vc_column][\/vc_row][vc_row equal_height=&#8221;yes&#8221; content_placement=&#8221;middle&#8221;][vc_column width=&#8221;1\/2&#8243;][vc_column_text css_animation=&#8221;fadeInDown&#8221;]<\/p>\n<h2><b>Us\u0142ugi ksi\u0119gowe w organizacjach i instytucjach w Polsce<\/b><\/h2>\n<p><span style=\"font-weight: 400;\">Dokumenty sprawozdawcze, sk\u0142adane na czas, a tak\u017ce prawid\u0142owo zarejestrowane informacje pomagaj\u0105 mened\u017cerowi opracowa\u0107 skuteczn\u0105 strategi\u0119 dla swojej organizacji. W przysz\u0142o\u015bci prawid\u0142owa polityka zarz\u0105dzania pomo\u017ce zwi\u0119kszy\u0107 rentowno\u015b\u0107 firmy. Ponadto <\/span><span style=\"font-weight: 400;\">us\u0142ugi rachunkowe<\/span><span style=\"font-weight: 400;\"> pomagaj\u0105 w obliczaniu transakcji podatkowych. Od ich dok\u0142adno\u015bci zale\u017cy dalszy korzystny kontakt z organami podatkowymi. Nowoczesne <\/span><span style=\"font-weight: 400;\">us\u0142ugi ksi\u0119gowe<\/span><span style=\"font-weight: 400;\"> s\u0105 powszechnie wymagane w firmach:<\/span><\/p>\n<ul>\n<li style=\"font-weight: 400;\" aria-level=\"1\"><span style=\"font-weight: 400;\">produkuj\u0105cych wyroby gotowe dla konsument\u00f3w;<\/span><\/li>\n<li style=\"font-weight: 400;\" aria-level=\"1\"><span style=\"font-weight: 400;\">zajmuj\u0105cych si\u0119 handlem hurtowym i detalicznym;<\/span><\/li>\n<li style=\"font-weight: 400;\" aria-level=\"1\"><span style=\"font-weight: 400;\">outsourcing dzia\u0142alno\u015bci itp.\u00a0<\/span><\/li>\n<\/ul>\n<p><span style=\"font-weight: 400;\">Doradztwo ksi\u0119gowe<\/span><span style=\"font-weight: 400;\"> obejmuje pomoc w wielu obowi\u0105zkowych transakcjach, w tym w prowadzeniu ksi\u0105g rachunkowych, kompletowaniu dokumentacji i dokonywaniu niezb\u0119dnych oblicze\u0144.\u00a0<\/span><\/p>\n<p>&nbsp;<\/p>\n<p><b>Outsourcing payroll<\/b><b> dla organizacji z dowolnym bud\u017cetem<\/b><\/p>\n<p><span style=\"font-weight: 400;\">Naliczanie wynagrodze\u0144 jest niezb\u0119dn\u0105 operacj\u0105 dla ka\u017cdej firmy zatrudniaj\u0105cej pracownik\u00f3w. Od poprawno\u015bci tej procedury zale\u017cy mikroklimat w zespole, szacunek pracownik\u00f3w do administracji i jako\u015b\u0107 pracy personelu.\u00a0<\/span><\/p>\n<p><span style=\"font-weight: 400;\">Je\u017celi nie op\u0142aca si\u0119 zatrudnia\u0107 osobnego pracownika do naliczania wynagrodze\u0144, <\/span><span style=\"font-weight: 400;\">outsourcing payroll<\/span><span style=\"font-weight: 400;\"> w Polsce jest najlepszym wyborem. Specjali\u015bci z do\u015bwiadczeniem przeprowadz\u0105 wszystkie niezb\u0119dne operacje i zapewni\u0105 klientowi najlepszy mo\u017cliwy wynik.<\/span>[\/vc_column_text][\/vc_column][vc_column width=&#8221;1\/2&#8243;][vc_single_image image=&#8221;554&#8243; img_size=&#8221;full&#8221; alignment=&#8221;right&#8221; css_animation=&#8221;fadeInRight&#8221;][\/vc_column][\/vc_row][vc_row equal_height=&#8221;yes&#8221; content_placement=&#8221;middle&#8221;][vc_column width=&#8221;1\/2&#8243;][vc_single_image image=&#8221;555&#8243; img_size=&#8221;full&#8221; css_animation=&#8221;fadeInLeft&#8221;][\/vc_column][vc_column width=&#8221;1\/2&#8243;][vc_column_text css_animation=&#8221;fadeInUp&#8221;]<\/p>\n<h2><b>Redukcja koszt\u00f3w ksi\u0119gowo\u015bci<\/b><b> jest wa\u017cna dla ka\u017cdej potencjalnej firmy<\/b><\/h2>\n<p><span style=\"font-weight: 400;\">Coraz wi\u0119cej przedsi\u0119biorc\u00f3w w Polsce d\u0105\u017cy do obni\u017cenia koszt\u00f3w obs\u0142ugi ksi\u0119gowej i <\/span><span style=\"font-weight: 400;\">raportowania finansowego<\/span><span style=\"font-weight: 400;\">. Je\u015bli dotychczas prowadzona ksi\u0119gowo\u015b\u0107 nie dzia\u0142a wystarczaj\u0105co sprawnie i jednocze\u015bnie kosztuje firm\u0119 sporo pieni\u0119dzy, najprawdopodobniej potrzebna jest kompleksowa reorganizacja i optymalizacja. Rozwi\u0105zanie takiego zadania mo\u017ce by\u0107 do\u015b\u0107 trudne, je\u015bli nie skorzysta si\u0119 z pomocy specjalist\u00f3w w dziedzinie ksi\u0119gowo\u015bci. Wykwalifikowane outsourcingowe <\/span><span style=\"font-weight: 400;\">us\u0142ugi ksi\u0119gowe<\/span><span style=\"font-weight: 400;\"> mog\u0105 przej\u0105\u0107 ca\u0142y proces ksi\u0119gowy, zgodnie z wcze\u015bniej zawart\u0105 z nimi umow\u0105. W ten spos\u00f3b w\u0142a\u015bciciel znacznie obni\u017cy koszty utrzymania swoich ksi\u0119gowych, powierzaj\u0105c biznes specjalistom freelancerom.\u00a0<\/span><\/p>\n<p>&nbsp;<\/p>\n<h3><b>Dostarczanie podstawowych us\u0142ug dla firm<\/b><b> szybko i efektywnie\u00a0<\/b><\/h3>\n<p><span style=\"font-weight: 400;\">Przedsi\u0119biorcy mog\u0105 zam\u00f3wi\u0107 outsourcing nie tylko funkcji ksi\u0119gowych, ale r\u00f3wnie\u017c <\/span><span style=\"font-weight: 400;\">funkcja payroll<\/span><span style=\"font-weight: 400;\">. W\u015br\u00f3d mo\u017cliwo\u015bci specjalist\u00f3w freelancer\u00f3w znajduj\u0105 si\u0119 r\u00f3wnie\u017c rozliczenia kadrowe i podatkowe, a ponadto kompleksowe audyty.<\/span><\/p>\n<p><span style=\"font-weight: 400;\">Aby nie p\u0142aci\u0107 kar za prac\u0119 wykonan\u0105 nieprawid\u0142owo lub z naruszeniem ustalonych termin\u00f3w, ka\u017cda firma mo\u017ce zatrudni\u0107 pracownik\u00f3w outsourcingowych do rozwi\u0105zania wy\u017cej wymienionych odpowiedzialnych zada\u0144.<\/span>[\/vc_column_text][\/vc_column][\/vc_row][vc_row equal_height=&#8221;yes&#8221; content_placement=&#8221;middle&#8221;][vc_column width=&#8221;1\/2&#8243;][vc_column_text css_animation=&#8221;fadeInRight&#8221;]<\/p>\n<h2><b>Us\u0142ugi payroll\u00a0 w Polsce w przyst\u0119pnej cenie<\/b><\/h2>\n<p><span style=\"font-weight: 400;\">Proces naliczania i wyp\u0142acania wynagrodze\u0144 jest wymagaj\u0105cym zadaniem dla outsourcera. W ko\u0144cu konieczne jest nie tylko dok\u0142adne obliczenie kwot nale\u017cnych pracownikom, ale tak\u017ce zapewnienie \u015bcis\u0142ej zgodno\u015bci z polskimi przepisami, w tym podatkowymi. Nawet najmniejsze rozbie\u017cno\u015bci mog\u0105 prowadzi\u0107 do sankcji ze strony pa\u0144stwa. Szef firmy nie zawsze jest w stanie nad\u0105\u017cy\u0107 za du\u017cym przep\u0142ywem informacji, prac\u0105 swoich ksi\u0119gowych i zmianami w przepisach. Dlatego lepiej dla niego b\u0119dzie zwr\u00f3ci\u0107 si\u0119 do organizacji, kt\u00f3ra jest w stanie profesjonalnie zorganizowa\u0107 <\/span><span style=\"font-weight: 400;\">zarz\u0105dzanie payrollami<\/span><span style=\"font-weight: 400;\">. Specjali\u015bci pracuj\u0105cy poza firm\u0105 stale podnosz\u0105 swoje kwalifikacje i \u015bledz\u0105 wszelkie zmiany w polskim ustawodawstwie.\u00a0\u00a0\u00a0<\/span><\/p>\n<p>&nbsp;<\/p>\n<h3><b>Us\u0142ugi zarz\u0105dzania<\/b><b> dla dobrze prosperuj\u0105cej firmy<\/b><\/h3>\n<p><span style=\"font-weight: 400;\">Je\u015bli organizacja przemys\u0142owa lub handlowa aktywnie korzysta z nowych technologii, bez w\u0105tpienia potrzebuje ich kompetentnej obs\u0142ugi i modernizacji. Szef takiej organizacji mo\u017ce powierzy\u0107 firmie outsourcingowej takie zadania, w tym <\/span><span style=\"font-weight: 400;\">raportowanie finansowe<\/span><span style=\"font-weight: 400;\">. Jest to szczeg\u00f3lnie istotne w przypadku przeniesienia operacji kontrolnych i ksi\u0119gowych dla w\u0105skich, specyficznych rodzaj\u00f3w produkcji. Takie podej\u015bcie redukuje ewentualne koszty, znacz\u0105co odci\u0105\u017caj\u0105c pracownik\u00f3w merytorycznych i pozwalaj\u0105c im skupi\u0107 si\u0119 na bardziej pal\u0105cych problemach.<\/span>[\/vc_column_text][\/vc_column][vc_column width=&#8221;1\/2&#8243;][vc_single_image image=&#8221;560&#8243; img_size=&#8221;full&#8221; alignment=&#8221;right&#8221; css_animation=&#8221;fadeInUp&#8221;][\/vc_column][\/vc_row]<\/p>\n<\/div>","protected":false},"excerpt":{"rendered":"<p>[vc_row][vc_column][vc_column_text css_animation=&#8221;fadeInLeft&#8221;]Praca przedsi\u0119biorstw przemys\u0142owych i biur polega na tworzeniu materialnych lub intelektualnych produkt\u00f3w ko\u0144cowych. Jak w ka\u017cdym innym kraju, w Polsce dzia\u0142alno\u015b\u0107 gospodarcza opiera si\u0119 na produkcji d\u00f3br konsumpcyjnych, w\u0142a\u015bciwym r\u00f3\u017cnicowaniu zasob\u00f3w i niezb\u0119dnych obliczeniach finansowych. Us\u0142ugi ksi\u0119gowe i payroll w Polsce s\u0105 niezb\u0119dne do okre\u015blenia rentowno\u015bci firmy, wp\u0142ywu i wyp\u0142ywu aktyw\u00f3w, a tak\u017ce obliczenia<\/p>\n","protected":false},"author":4,"featured_media":0,"parent":0,"menu_order":0,"comment_status":"closed","ping_status":"closed","template":"","meta":{"_acf_changed":false,"_lmt_disableupdate":"no","_lmt_disable":"","footnotes":""},"class_list":["post-8975","page","type-page","status-publish","hentry"],"acf":[],"yoast_head":"<!-- This site is optimized with the Yoast SEO plugin v27.3 - https:\/\/yoast.com\/product\/yoast-seo-wordpress\/ -->\n<title>Biuro rachunkowe Warszawa \u2013 Us\u0142ugi ksi\u0119gowe &amp; Payroll | F-Chain<\/title>\n<meta name=\"description\" content=\"F-Chain Biuro rachunkowe Warszawa oferuj\u0105ce kompleksowe us\u0142ugi ksi\u0119gowe i payroll dla firm, sp\u00f3\u0142ek oraz JDG. Kadry i p\u0142ace, rozliczenia podatkowe.\" \/>\n<meta name=\"robots\" content=\"index, follow, max-snippet:-1, max-image-preview:large, max-video-preview:-1\" \/>\n<link rel=\"canonical\" href=\"https:\/\/pl.f-chain.com\/pl\/uslugi-ksiegowe-i-payroll\/\" \/>\n<meta property=\"og:locale\" content=\"pl_PL\" \/>\n<meta property=\"og:type\" content=\"article\" \/>\n<meta property=\"og:title\" content=\"Biuro rachunkowe Warszawa \u2013 Us\u0142ugi ksi\u0119gowe &amp; Payroll | F-Chain\" \/>\n<meta property=\"og:description\" content=\"F-Chain Biuro rachunkowe Warszawa oferuj\u0105ce kompleksowe us\u0142ugi ksi\u0119gowe i payroll dla firm, sp\u00f3\u0142ek oraz JDG. Kadry i p\u0142ace, rozliczenia podatkowe.\" \/>\n<meta property=\"og:url\" content=\"https:\/\/pl.f-chain.com\/pl\/uslugi-ksiegowe-i-payroll\/\" \/>\n<meta property=\"og:site_name\" content=\"FCHAIN\" \/>\n<meta property=\"article:modified_time\" content=\"2026-02-12T01:43:59+00:00\" \/>\n<meta name=\"twitter:card\" content=\"summary_large_image\" \/>\n<meta name=\"twitter:label1\" content=\"Szacowany czas czytania\" \/>\n\t<meta name=\"twitter:data1\" content=\"3 minuty\" \/>\n<script type=\"application\/ld+json\" class=\"yoast-schema-graph\">{\"@context\":\"https:\\\/\\\/schema.org\",\"@graph\":[{\"@type\":\"WebPage\",\"@id\":\"https:\\\/\\\/pl.f-chain.com\\\/pl\\\/uslugi-ksiegowe-i-payroll\\\/\",\"url\":\"https:\\\/\\\/pl.f-chain.com\\\/pl\\\/uslugi-ksiegowe-i-payroll\\\/\",\"name\":\"Biuro rachunkowe Warszawa \u2013 Us\u0142ugi ksi\u0119gowe & Payroll | F-Chain\",\"isPartOf\":{\"@id\":\"https:\\\/\\\/pl.f-chain.com\\\/#website\"},\"datePublished\":\"2024-07-05T07:22:32+00:00\",\"dateModified\":\"2026-02-12T01:43:59+00:00\",\"description\":\"F-Chain Biuro rachunkowe Warszawa oferuj\u0105ce kompleksowe us\u0142ugi ksi\u0119gowe i payroll dla firm, sp\u00f3\u0142ek oraz JDG. Kadry i p\u0142ace, rozliczenia podatkowe.\",\"inLanguage\":\"pl-PL\",\"potentialAction\":[{\"@type\":\"ReadAction\",\"target\":[\"https:\\\/\\\/pl.f-chain.com\\\/pl\\\/uslugi-ksiegowe-i-payroll\\\/\"]}]},{\"@type\":\"WebSite\",\"@id\":\"https:\\\/\\\/pl.f-chain.com\\\/#website\",\"url\":\"https:\\\/\\\/pl.f-chain.com\\\/\",\"name\":\"FCHAIN\",\"description\":\"Financial Chain Corporation - Global\",\"potentialAction\":[{\"@type\":\"SearchAction\",\"target\":{\"@type\":\"EntryPoint\",\"urlTemplate\":\"https:\\\/\\\/pl.f-chain.com\\\/?s={search_term_string}\"},\"query-input\":{\"@type\":\"PropertyValueSpecification\",\"valueRequired\":true,\"valueName\":\"search_term_string\"}}],\"inLanguage\":\"pl-PL\"}]}<\/script>\n<!-- \/ Yoast SEO plugin. -->","yoast_head_json":{"title":"Biuro rachunkowe Warszawa \u2013 Us\u0142ugi ksi\u0119gowe & Payroll | F-Chain","description":"F-Chain Biuro rachunkowe Warszawa oferuj\u0105ce kompleksowe us\u0142ugi ksi\u0119gowe i payroll dla firm, sp\u00f3\u0142ek oraz JDG. Kadry i p\u0142ace, rozliczenia podatkowe.","robots":{"index":"index","follow":"follow","max-snippet":"max-snippet:-1","max-image-preview":"max-image-preview:large","max-video-preview":"max-video-preview:-1"},"canonical":"https:\/\/pl.f-chain.com\/pl\/uslugi-ksiegowe-i-payroll\/","og_locale":"pl_PL","og_type":"article","og_title":"Biuro rachunkowe Warszawa \u2013 Us\u0142ugi ksi\u0119gowe & Payroll | F-Chain","og_description":"F-Chain Biuro rachunkowe Warszawa oferuj\u0105ce kompleksowe us\u0142ugi ksi\u0119gowe i payroll dla firm, sp\u00f3\u0142ek oraz JDG. Kadry i p\u0142ace, rozliczenia podatkowe.","og_url":"https:\/\/pl.f-chain.com\/pl\/uslugi-ksiegowe-i-payroll\/","og_site_name":"FCHAIN","article_modified_time":"2026-02-12T01:43:59+00:00","twitter_card":"summary_large_image","twitter_misc":{"Szacowany czas czytania":"3 minuty"},"schema":{"@context":"https:\/\/schema.org","@graph":[{"@type":"WebPage","@id":"https:\/\/pl.f-chain.com\/pl\/uslugi-ksiegowe-i-payroll\/","url":"https:\/\/pl.f-chain.com\/pl\/uslugi-ksiegowe-i-payroll\/","name":"Biuro rachunkowe Warszawa \u2013 Us\u0142ugi ksi\u0119gowe & Payroll | F-Chain","isPartOf":{"@id":"https:\/\/pl.f-chain.com\/#website"},"datePublished":"2024-07-05T07:22:32+00:00","dateModified":"2026-02-12T01:43:59+00:00","description":"F-Chain Biuro rachunkowe Warszawa oferuj\u0105ce kompleksowe us\u0142ugi ksi\u0119gowe i payroll dla firm, sp\u00f3\u0142ek oraz JDG. Kadry i p\u0142ace, rozliczenia podatkowe.","inLanguage":"pl-PL","potentialAction":[{"@type":"ReadAction","target":["https:\/\/pl.f-chain.com\/pl\/uslugi-ksiegowe-i-payroll\/"]}]},{"@type":"WebSite","@id":"https:\/\/pl.f-chain.com\/#website","url":"https:\/\/pl.f-chain.com\/","name":"FCHAIN","description":"Financial Chain Corporation - Global","potentialAction":[{"@type":"SearchAction","target":{"@type":"EntryPoint","urlTemplate":"https:\/\/pl.f-chain.com\/?s={search_term_string}"},"query-input":{"@type":"PropertyValueSpecification","valueRequired":true,"valueName":"search_term_string"}}],"inLanguage":"pl-PL"}]}},"_links":{"self":[{"href":"https:\/\/pl.f-chain.com\/pl\/wp-json\/wp\/v2\/pages\/8975","targetHints":{"allow":["GET"]}}],"collection":[{"href":"https:\/\/pl.f-chain.com\/pl\/wp-json\/wp\/v2\/pages"}],"about":[{"href":"https:\/\/pl.f-chain.com\/pl\/wp-json\/wp\/v2\/types\/page"}],"author":[{"embeddable":true,"href":"https:\/\/pl.f-chain.com\/pl\/wp-json\/wp\/v2\/users\/4"}],"replies":[{"embeddable":true,"href":"https:\/\/pl.f-chain.com\/pl\/wp-json\/wp\/v2\/comments?post=8975"}],"version-history":[{"count":5,"href":"https:\/\/pl.f-chain.com\/pl\/wp-json\/wp\/v2\/pages\/8975\/revisions"}],"predecessor-version":[{"id":9268,"href":"https:\/\/pl.f-chain.com\/pl\/wp-json\/wp\/v2\/pages\/8975\/revisions\/9268"}],"wp:attachment":[{"href":"https:\/\/pl.f-chain.com\/pl\/wp-json\/wp\/v2\/media?parent=8975"}],"curies":[{"name":"wp","href":"https:\/\/api.w.org\/{rel}","templated":true}]}}