{"id":8974,"date":"2024-07-05T10:33:19","date_gmt":"2024-07-05T07:33:19","guid":{"rendered":"https:\/\/pl.f-chain.com\/?page_id=8974"},"modified":"2024-07-05T10:34:11","modified_gmt":"2024-07-05T07:34:11","slug":"dokladne-i-szybkie-przywrocenie-ksiegowosci","status":"publish","type":"page","link":"https:\/\/pl.f-chain.com\/pl\/dokladne-i-szybkie-przywrocenie-ksiegowosci\/","title":{"rendered":"Dok\u0142adne i szybkie przywr\u00f3cenie ksi\u0119gowo\u015bci"},"content":{"rendered":"<div class=\"wpb-content-wrapper\"><p>[vc_row][vc_column][vc_column_text]<span style=\"font-weight: 400;\">Prowadzenie ksi\u0105g rachunkowych zak\u0142ada szybkie i bezb\u0142\u0119dne rejestrowanie danych, a tak\u017ce absolutn\u0105 zgodno\u015b\u0107 mi\u0119dzy cz\u0119\u015bci\u0105 aktyw\u00f3w i pasyw\u00f3w bilansu. Realizacja zada\u0144 ksi\u0119gowych nie zawsze spe\u0142nia wymagania, zw\u0142aszcza w przypadku nieudanego doboru personelu do ich rozwi\u0105zania. Je\u015bli w dokumentacji nagromadzi\u0142o si\u0119 wiele b\u0142\u0119d\u00f3w, mened\u017cer b\u0119dzie potrzebowa\u0142 <\/span><span style=\"font-weight: 400;\">us\u0142ug odzyskiwania danych ksi\u0119gowych w Polsce<\/span><span style=\"font-weight: 400;\">. Dzia\u0142 ksi\u0119gowo\u015bci ksi\u0119guje r\u00f3\u017cne aktywa i warto\u015bci, w tym towary w magazynie, ruch zapas\u00f3w, transakcje finansowe i listy p\u0142ac pracownik\u00f3w. W du\u017cej firmie dzia\u0142 ksi\u0119gowo\u015bci sk\u0142ada si\u0119 z r\u00f3\u017cnych dzia\u0142\u00f3w. Jednak w przypadku ma\u0142ej organizacji wystarczy jeden dzia\u0142. Gdy dzia\u0142 ksi\u0119gowo\u015bci nie wykonuje swojej pracy pomy\u015blnie, z pomoc\u0105 w\u0142a\u015bcicielowi firmy mog\u0105 przyj\u015b\u0107 <\/span><span style=\"font-weight: 400;\">us\u0142ugi odzyskiwania nale\u017cno\u015bci<\/span><span style=\"font-weight: 400;\">, kt\u00f3re rozwi\u0105\u017c\u0105 zadania bez b\u0142\u0119d\u00f3w i na czas.\u00a0\u00a0\u00a0\u00a0<\/span>[\/vc_column_text][\/vc_column][\/vc_row][vc_row equal_height=&#8221;yes&#8221; content_placement=&#8221;middle&#8221;][vc_column width=&#8221;1\/2&#8243;][vc_column_text css_animation=&#8221;bounceInLeft&#8221;]<\/p>\n<h2><b>Kiedy mog\u0119 potrzebowa\u0107 <\/b><b>zwrotu i odzyskiwania podatku VAT w Polsce<\/b><b>?<\/b><\/h2>\n<p><span style=\"font-weight: 400;\">Analityka i ksi\u0119gowo\u015b\u0107 w ka\u017cdej organizacji ma na celu odzwierciedlenie g\u0142\u00f3wnych operacji biznesowych, zysk\u00f3w finansowych i bie\u017c\u0105cych wydatk\u00f3w. Ksi\u0119gowo\u015b\u0107 odzwierciedla wszystkie procesy zachodz\u0105ce w firmie. Na podstawie zgromadzonych danych mened\u017cer mo\u017ce podejmowa\u0107 skuteczne decyzje w celu utrzymania dalszej udanej dzia\u0142alno\u015bci produkcyjnej lub handlowej.\u00a0<\/span><\/p>\n<p><span style=\"font-weight: 400;\">Naruszenia i b\u0142\u0119dy wymagaj\u0105ce <\/span><span style=\"font-weight: 400;\">odzyskiwania rachunkowo\u015bci finansowej<\/span><span style=\"font-weight: 400;\"> s\u0105 do\u015b\u0107 prawdopodobne w przypadku:\u00a0<\/span><\/p>\n<ul>\n<li style=\"font-weight: 400;\" aria-level=\"1\"><span style=\"font-weight: 400;\">tymczasowego zaprzestania dzia\u0142alno\u015bci firmy;<\/span><\/li>\n<li style=\"font-weight: 400;\" aria-level=\"1\"><span style=\"font-weight: 400;\">naruszenie zasad rachunkowo\u015bci, kt\u00f3re doprowadzi\u0142o do niedobor\u00f3w;<\/span><\/li>\n<li style=\"font-weight: 400;\" aria-level=\"1\"><span style=\"font-weight: 400;\">prowadzenia ksi\u0119gowo\u015bci przez nieprofesjonalist\u00f3w z naruszeniem prawa i przepis\u00f3w;<\/span><\/li>\n<li style=\"font-weight: 400;\" aria-level=\"1\"><span style=\"font-weight: 400;\">nieprawid\u0142owego przekazania informacji nowemu specjali\u015bcie ds. ksi\u0119gowo\u015bci przez poprzedniego pracownika.<\/span><\/li>\n<\/ul>\n<p><span style=\"font-weight: 400;\">We wszystkich powy\u017cszych sytuacjach w\u0142a\u015bcicielowi firmy pomog\u0105 us\u0142ugi wykwalifikowanych specjalist\u00f3w zajmuj\u0105cych si\u0119 outsourcingiem. Zapewniaj\u0105 oni swoim klientom szereg us\u0142ug, w tym <\/span><span style=\"font-weight: 400;\">odzyskiwanie rozlicze\u0144 podatkowych<\/span><span style=\"font-weight: 400;\">. W rezultacie w\u0142a\u015bciciel firmy b\u0119dzie m\u00f3g\u0142 bez problemu przej\u015b\u0107 ka\u017cd\u0105 kontrol\u0119 organ\u00f3w regulacyjnych.<\/span><\/p>\n<h2><\/h2>\n<h3><b>Odzyskiwanie rejestr\u00f3w podatkowych<\/b><b> dla firm w Polsce<\/b><\/h3>\n<p><span style=\"font-weight: 400;\">B\u0142\u0119dy w ksi\u0119gowo\u015bci podatkowej lub jej nieprawid\u0142owe prowadzenie mog\u0105 prowadzi\u0107 do powa\u017cnych konsekwencji dla organizacji. Dlatego korygowanie nie\u015bcis\u0142o\u015bci w dokumentacji jest bardzo wa\u017cnym zadaniem.\u00a0<\/span><\/p>\n<p><span style=\"font-weight: 400;\">Je\u015bli w\u0142a\u015bciciel firmy ma trudno\u015bci ze znalezieniem wewn\u0119trznych specjalist\u00f3w ds. ksi\u0119gowo\u015bci, najlepiej jest zwr\u00f3ci\u0107 uwag\u0119 na <\/span><span style=\"font-weight: 400;\">us\u0142ugi odzyskiwania nale\u017cno\u015bci<\/span><span style=\"font-weight: 400;\">, kt\u00f3re profesjonalnie zajmuj\u0105 si\u0119 odzyskiwaniem ksi\u0119gowo\u015bci podatkowej w dowolnym przedsi\u0119biorstwie. Takie firmy posiadaj\u0105 wszystkie niezb\u0119dne zasoby i profesjonalny personel, aby osi\u0105gn\u0105\u0107 swoje cele. <\/span>[\/vc_column_text][\/vc_column][vc_column width=&#8221;1\/2&#8243;][vc_single_image image=&#8221;8962&#8243; img_size=&#8221;full&#8221; css_animation=&#8221;fadeInDown&#8221;][\/vc_column][\/vc_row][vc_row equal_height=&#8221;yes&#8221; content_placement=&#8221;middle&#8221;][vc_column width=&#8221;1\/2&#8243;][vc_single_image image=&#8221;8968&#8243; img_size=&#8221;full&#8221; css_animation=&#8221;fadeInLeft&#8221;][\/vc_column][vc_column width=&#8221;1\/2&#8243;][vc_column_text css_animation=&#8221;fadeInRight&#8221;]<\/p>\n<h2><b>Procedura odzyskiwania nale\u017cno\u015bci<\/b><b>, naruszonej w wyniku niew\u0142a\u015bciwego ksi\u0119gowania<\/b><\/h2>\n<p><span style=\"font-weight: 400;\">Przed rozpocz\u0119ciem procesu odzyskiwania ksi\u0119gowo\u015bci konieczne jest sporz\u0105dzenie umowy z us\u0142ugodawc\u0105. Dalej, <\/span><span style=\"font-weight: 400;\">us\u0142ugi odzyskiwania danych ksi\u0119gowych<\/span><span style=\"font-weight: 400;\">\u00a0 obejmuj\u0105 prace nad uporz\u0105dkowaniem dokumentacji pierwotnej i wt\u00f3rnej. Informacje s\u0105 sprawdzane z raportami, a nast\u0119pnie przeprowadzana jest inwentaryzacja.<\/span><\/p>\n<p><span style=\"font-weight: 400;\">Na podstawie por\u00f3wnania danych z dokument\u00f3w pierwotnych i raport\u00f3w, specjali\u015bci tworz\u0105 nowe dokumenty ko\u0144cowe i ponownie sporz\u0105dzaj\u0105 bilans. Gdy dane zostan\u0105 w pe\u0142ni zaktualizowane, organizacja klienta mo\u017ce przyst\u0105pi\u0107 do normalnego prowadzenia dokumentacji.\u00a0<\/span><\/p>\n<h2><\/h2>\n<h3><b>Odzyskiwanie danych dla ksi\u0119gowo\u015bci korporacyjnej<\/b><b> pomo\u017ce Twojemu oddzia\u0142owi rachunkowo\u015bci<\/b><\/h3>\n<p><span style=\"font-weight: 400;\">Procedura <\/span><span style=\"font-weight: 400;\">przywr\u00f3cenia ksi\u0119gowo\u015bci w Warszawie <\/span><span style=\"font-weight: 400;\">obejmuje sporz\u0105dzenie szczeg\u00f3\u0142owego planu pracy, a tak\u017ce analiz\u0119 istniej\u0105cych danych.\u00a0 Z\u0142o\u017cono\u015b\u0107 korekty zale\u017cy od liczby b\u0142\u0119d\u00f3w i pomini\u0119\u0107 pope\u0142nionych w ksi\u0119gowo\u015bci. Poprawiona wersja dokumentacji pierwotnej jest przygotowywana dopiero po jej dok\u0142adnym sprawdzeniu pod k\u0105tem nie\u015bcis\u0142o\u015bci i nieprawid\u0142owo wprowadzonych danych.<\/span>[\/vc_column_text][\/vc_column][\/vc_row][vc_row equal_height=&#8221;yes&#8221; content_placement=&#8221;middle&#8221;][vc_column width=&#8221;1\/2&#8243;][vc_column_text css_animation=&#8221;fadeInDown&#8221;]<\/p>\n<h2><b>Szybkie <\/b><b>odzyskiwanie dokument\u00f3w i zapis\u00f3w ksi\u0119gowych<\/b><b> dla dowolnego przedsi\u0119biorstwa<\/b><\/h2>\n<p><span style=\"font-weight: 400;\">Aby reorganizacja ksi\u0119gowo\u015bci w przedsi\u0119biorstwie zako\u0144czy\u0142a si\u0119 sukcesem, nale\u017cy wsp\u00f3\u0142pracowa\u0107 wy\u0142\u0105cznie z rzeteln\u0105, sprawdzon\u0105 firm\u0105 outsourcingow\u0105, kt\u00f3ra od dawna dzia\u0142a na rynku us\u0142ug odzyskiwania dokumentacji ksi\u0119gowej. Profesjonalna organizacja \u015bwiadcz\u0105ca takie us\u0142ugi, nie tylko wykona <\/span><span style=\"font-weight: 400;\">odzyskiwanie rejestr\u00f3w podatkowych<\/span><span style=\"font-weight: 400;\"> jako\u015bciowo i terminowo, ale tak\u017ce zapewni klientowi konsultacje w zakresie prawid\u0142owego zarz\u0105dzania dokumentami po udanym odzyskaniu ksi\u0119gowo\u015bci w przedsi\u0119biorstwie.<\/span><\/p>\n<h2><\/h2>\n<h3><b>Windykacja nale\u017cno\u015bci w Polsce<\/b><b> dla Twojej firmy<\/b><\/h3>\n<p><span style=\"font-weight: 400;\">Nieterminowe regulowanie nale\u017cno\u015bci to problem, z kt\u00f3rym boryka si\u0119 wielu przedsi\u0119biorc\u00f3w w Polsce. Je\u015bli wierzyciel nie otrzymuje \u015brodk\u00f3w od os\u00f3b, kt\u00f3re maj\u0105 wobec niego zobowi\u0105zania finansowe, powinien skontaktowa\u0107 si\u0119 z firm\u0105 zajmuj\u0105c\u0105 si\u0119 problemami ze sp\u0142at\u0105. Specjali\u015bci takiej organizacji zapewniaj\u0105 wszystkie niezb\u0119dne p\u0142atno\u015bci i pokryj\u0105 straty poniesione przez klienta.<\/span>[\/vc_column_text][\/vc_column][vc_column width=&#8221;1\/2&#8243;][vc_single_image image=&#8221;8971&#8243; img_size=&#8221;full&#8221; css_animation=&#8221;fadeInUp&#8221;][\/vc_column][\/vc_row]<\/p>\n<\/div>","protected":false},"excerpt":{"rendered":"<p>[vc_row][vc_column][vc_column_text]Prowadzenie ksi\u0105g rachunkowych zak\u0142ada szybkie i bezb\u0142\u0119dne rejestrowanie danych, a tak\u017ce absolutn\u0105 zgodno\u015b\u0107 mi\u0119dzy cz\u0119\u015bci\u0105 aktyw\u00f3w i pasyw\u00f3w bilansu. Realizacja zada\u0144 ksi\u0119gowych nie zawsze spe\u0142nia wymagania, zw\u0142aszcza w przypadku nieudanego doboru personelu do ich rozwi\u0105zania. Je\u015bli w dokumentacji nagromadzi\u0142o si\u0119 wiele b\u0142\u0119d\u00f3w, mened\u017cer b\u0119dzie potrzebowa\u0142 us\u0142ug odzyskiwania danych ksi\u0119gowych w Polsce. Dzia\u0142 ksi\u0119gowo\u015bci ksi\u0119guje r\u00f3\u017cne<\/p>\n","protected":false},"author":4,"featured_media":0,"parent":0,"menu_order":0,"comment_status":"closed","ping_status":"closed","template":"","meta":{"_acf_changed":false,"_lmt_disableupdate":"no","_lmt_disable":"","footnotes":""},"class_list":["post-8974","page","type-page","status-publish","hentry"],"acf":[],"yoast_head":"<!-- This site is optimized with the Yoast SEO plugin v27.3 - https:\/\/yoast.com\/product\/yoast-seo-wordpress\/ -->\n<title>Dok\u0142adne i szybkie przywr\u00f3cenie ksi\u0119gowo\u015bci - FCHAIN<\/title>\n<meta name=\"robots\" content=\"index, follow, max-snippet:-1, max-image-preview:large, max-video-preview:-1\" \/>\n<link rel=\"canonical\" href=\"https:\/\/pl.f-chain.com\/pl\/dokladne-i-szybkie-przywrocenie-ksiegowosci\/\" \/>\n<meta property=\"og:locale\" content=\"pl_PL\" \/>\n<meta property=\"og:type\" content=\"article\" \/>\n<meta property=\"og:title\" content=\"Dok\u0142adne i szybkie przywr\u00f3cenie ksi\u0119gowo\u015bci - FCHAIN\" \/>\n<meta property=\"og:description\" content=\"[vc_row][vc_column][vc_column_text]Prowadzenie ksi\u0105g rachunkowych zak\u0142ada szybkie i bezb\u0142\u0119dne rejestrowanie danych, a tak\u017ce absolutn\u0105 zgodno\u015b\u0107 mi\u0119dzy cz\u0119\u015bci\u0105 aktyw\u00f3w i pasyw\u00f3w bilansu. Realizacja zada\u0144 ksi\u0119gowych nie zawsze spe\u0142nia wymagania, zw\u0142aszcza w przypadku nieudanego doboru personelu do ich rozwi\u0105zania. Je\u015bli w dokumentacji nagromadzi\u0142o si\u0119 wiele b\u0142\u0119d\u00f3w, mened\u017cer b\u0119dzie potrzebowa\u0142 us\u0142ug odzyskiwania danych ksi\u0119gowych w Polsce. Dzia\u0142 ksi\u0119gowo\u015bci ksi\u0119guje r\u00f3\u017cne\" \/>\n<meta property=\"og:url\" content=\"https:\/\/pl.f-chain.com\/pl\/dokladne-i-szybkie-przywrocenie-ksiegowosci\/\" \/>\n<meta property=\"og:site_name\" content=\"FCHAIN\" \/>\n<meta property=\"article:modified_time\" content=\"2024-07-05T07:34:11+00:00\" \/>\n<meta name=\"twitter:card\" content=\"summary_large_image\" \/>\n<meta name=\"twitter:label1\" content=\"Szacowany czas czytania\" \/>\n\t<meta name=\"twitter:data1\" content=\"5 minut\" \/>\n<script type=\"application\/ld+json\" class=\"yoast-schema-graph\">{\"@context\":\"https:\\\/\\\/schema.org\",\"@graph\":[{\"@type\":\"WebPage\",\"@id\":\"https:\\\/\\\/pl.f-chain.com\\\/pl\\\/dokladne-i-szybkie-przywrocenie-ksiegowosci\\\/\",\"url\":\"https:\\\/\\\/pl.f-chain.com\\\/pl\\\/dokladne-i-szybkie-przywrocenie-ksiegowosci\\\/\",\"name\":\"Dok\u0142adne i szybkie przywr\u00f3cenie ksi\u0119gowo\u015bci - FCHAIN\",\"isPartOf\":{\"@id\":\"https:\\\/\\\/pl.f-chain.com\\\/#website\"},\"datePublished\":\"2024-07-05T07:33:19+00:00\",\"dateModified\":\"2024-07-05T07:34:11+00:00\",\"inLanguage\":\"pl-PL\",\"potentialAction\":[{\"@type\":\"ReadAction\",\"target\":[\"https:\\\/\\\/pl.f-chain.com\\\/pl\\\/dokladne-i-szybkie-przywrocenie-ksiegowosci\\\/\"]}]},{\"@type\":\"WebSite\",\"@id\":\"https:\\\/\\\/pl.f-chain.com\\\/#website\",\"url\":\"https:\\\/\\\/pl.f-chain.com\\\/\",\"name\":\"FCHAIN\",\"description\":\"Financial Chain Corporation - Global\",\"potentialAction\":[{\"@type\":\"SearchAction\",\"target\":{\"@type\":\"EntryPoint\",\"urlTemplate\":\"https:\\\/\\\/pl.f-chain.com\\\/?s={search_term_string}\"},\"query-input\":{\"@type\":\"PropertyValueSpecification\",\"valueRequired\":true,\"valueName\":\"search_term_string\"}}],\"inLanguage\":\"pl-PL\"}]}<\/script>\n<!-- \/ Yoast SEO plugin. -->","yoast_head_json":{"title":"Dok\u0142adne i szybkie przywr\u00f3cenie ksi\u0119gowo\u015bci - FCHAIN","robots":{"index":"index","follow":"follow","max-snippet":"max-snippet:-1","max-image-preview":"max-image-preview:large","max-video-preview":"max-video-preview:-1"},"canonical":"https:\/\/pl.f-chain.com\/pl\/dokladne-i-szybkie-przywrocenie-ksiegowosci\/","og_locale":"pl_PL","og_type":"article","og_title":"Dok\u0142adne i szybkie przywr\u00f3cenie ksi\u0119gowo\u015bci - FCHAIN","og_description":"[vc_row][vc_column][vc_column_text]Prowadzenie ksi\u0105g rachunkowych zak\u0142ada szybkie i bezb\u0142\u0119dne rejestrowanie danych, a tak\u017ce absolutn\u0105 zgodno\u015b\u0107 mi\u0119dzy cz\u0119\u015bci\u0105 aktyw\u00f3w i pasyw\u00f3w bilansu. Realizacja zada\u0144 ksi\u0119gowych nie zawsze spe\u0142nia wymagania, zw\u0142aszcza w przypadku nieudanego doboru personelu do ich rozwi\u0105zania. Je\u015bli w dokumentacji nagromadzi\u0142o si\u0119 wiele b\u0142\u0119d\u00f3w, mened\u017cer b\u0119dzie potrzebowa\u0142 us\u0142ug odzyskiwania danych ksi\u0119gowych w Polsce. Dzia\u0142 ksi\u0119gowo\u015bci ksi\u0119guje r\u00f3\u017cne","og_url":"https:\/\/pl.f-chain.com\/pl\/dokladne-i-szybkie-przywrocenie-ksiegowosci\/","og_site_name":"FCHAIN","article_modified_time":"2024-07-05T07:34:11+00:00","twitter_card":"summary_large_image","twitter_misc":{"Szacowany czas czytania":"5 minut"},"schema":{"@context":"https:\/\/schema.org","@graph":[{"@type":"WebPage","@id":"https:\/\/pl.f-chain.com\/pl\/dokladne-i-szybkie-przywrocenie-ksiegowosci\/","url":"https:\/\/pl.f-chain.com\/pl\/dokladne-i-szybkie-przywrocenie-ksiegowosci\/","name":"Dok\u0142adne i szybkie przywr\u00f3cenie ksi\u0119gowo\u015bci - FCHAIN","isPartOf":{"@id":"https:\/\/pl.f-chain.com\/#website"},"datePublished":"2024-07-05T07:33:19+00:00","dateModified":"2024-07-05T07:34:11+00:00","inLanguage":"pl-PL","potentialAction":[{"@type":"ReadAction","target":["https:\/\/pl.f-chain.com\/pl\/dokladne-i-szybkie-przywrocenie-ksiegowosci\/"]}]},{"@type":"WebSite","@id":"https:\/\/pl.f-chain.com\/#website","url":"https:\/\/pl.f-chain.com\/","name":"FCHAIN","description":"Financial Chain Corporation - Global","potentialAction":[{"@type":"SearchAction","target":{"@type":"EntryPoint","urlTemplate":"https:\/\/pl.f-chain.com\/?s={search_term_string}"},"query-input":{"@type":"PropertyValueSpecification","valueRequired":true,"valueName":"search_term_string"}}],"inLanguage":"pl-PL"}]}},"_links":{"self":[{"href":"https:\/\/pl.f-chain.com\/pl\/wp-json\/wp\/v2\/pages\/8974","targetHints":{"allow":["GET"]}}],"collection":[{"href":"https:\/\/pl.f-chain.com\/pl\/wp-json\/wp\/v2\/pages"}],"about":[{"href":"https:\/\/pl.f-chain.com\/pl\/wp-json\/wp\/v2\/types\/page"}],"author":[{"embeddable":true,"href":"https:\/\/pl.f-chain.com\/pl\/wp-json\/wp\/v2\/users\/4"}],"replies":[{"embeddable":true,"href":"https:\/\/pl.f-chain.com\/pl\/wp-json\/wp\/v2\/comments?post=8974"}],"version-history":[{"count":2,"href":"https:\/\/pl.f-chain.com\/pl\/wp-json\/wp\/v2\/pages\/8974\/revisions"}],"predecessor-version":[{"id":8981,"href":"https:\/\/pl.f-chain.com\/pl\/wp-json\/wp\/v2\/pages\/8974\/revisions\/8981"}],"wp:attachment":[{"href":"https:\/\/pl.f-chain.com\/pl\/wp-json\/wp\/v2\/media?parent=8974"}],"curies":[{"name":"wp","href":"https:\/\/api.w.org\/{rel}","templated":true}]}}