{"id":8921,"date":"2024-07-04T08:06:27","date_gmt":"2024-07-04T05:06:27","guid":{"rendered":"https:\/\/pl.f-chain.com\/?page_id=8921"},"modified":"2024-07-05T01:26:20","modified_gmt":"2024-07-04T22:26:20","slug":"doradztwo-ksiegowe-w-warszawie","status":"publish","type":"page","link":"https:\/\/pl.f-chain.com\/pl\/doradztwo-ksiegowe-w-warszawie\/","title":{"rendered":"Doradztwo ksi\u0119gowe w Warszawie"},"content":{"rendered":"<div class=\"wpb-content-wrapper\"><p>[vc_row][vc_column][vc_column_text]<span style=\"font-weight: 400;\">Aby firma mog\u0142a si\u0119 rozwija\u0107 i prosperowa\u0107, wa\u017cne jest, aby odpowiednio skonfigurowa\u0107 zarz\u0105dzanie jej przep\u0142ywami finansowymi. W tym celu konieczne jest zatrudnienie wykwalifikowanego specjalisty, kt\u00f3ry spe\u0142nia mi\u0119dzynarodowe standardy. Firma klienta mo\u017ce liczy\u0107 na szczeg\u00f3\u0142owe <\/span><span style=\"font-weight: 400;\">us\u0142ugi doradztwa finansowego<\/span><span style=\"font-weight: 400;\">. Og\u00f3lnie rzecz bior\u0105c, zapewnione jest strategiczne partnerstwo w celu osi\u0105gni\u0119cia cel\u00f3w klienta. I nie ma znaczenia, czy klient jest du\u017c\u0105 korporacj\u0105, czy ma\u0142ym start-upem: wszystko zwi\u0105zane z ksi\u0119gowo\u015bci\u0105 b\u0119dzie pod kontrol\u0105. Obecnie doradztwo jest dost\u0119pne online i offline.<\/span>[\/vc_column_text][\/vc_column][\/vc_row][vc_row equal_height=&#8221;yes&#8221; content_placement=&#8221;middle&#8221;][vc_column width=&#8221;1\/2&#8243;][vc_column_text css_animation=&#8221;fadeInLeft&#8221;]<b>Doradztwo gospodarcze i ksi\u0119gowo\u015b\u0107 dla ma\u0142ych, \u015brednich i du\u017cych przedsi\u0119biorstw<\/b><\/p>\n<p><span style=\"font-weight: 400;\">Klienci otrzymaj\u0105 pomoc w zakresie ksi\u0119gowo\u015bci i doradztwa finansowego niezale\u017cnie od wielko\u015bci swojej firmy. Opr\u00f3cz profesjonalnej pomocy, klienci mog\u0105 liczy\u0107 na kompleksow\u0105 ochron\u0119 interes\u00f3w firmy i zapewnienie pomy\u015blnej przysz\u0142o\u015bci finansowej.<\/span><\/p>\n<p><span style=\"font-weight: 400;\">Polska, jako kraj cz\u0142onkowski Unii Europejskiej, \u015bci\u015ble przestrzega przepis\u00f3w finansowych i podatkowych. Dlatego te\u017c istnieje zapotrzebowanie na profesjonalne us\u0142ugi ksi\u0119gowe w najwi\u0119kszych miastach. Od skutecznego prowadzenia ksi\u0105g rachunkowych po us\u0142ugi doradztwa podatkowego, <\/span><span style=\"font-weight: 400;\">konsultanci finansowi w Warszawie<\/span><span style=\"font-weight: 400;\"> zapewniaj\u0105 pe\u0142en zakres us\u0142ug niezb\u0119dnych do udanego biznesu.<\/span>[\/vc_column_text][\/vc_column][vc_column width=&#8221;1\/2&#8243;][vc_single_image image=&#8221;8922&#8243; img_size=&#8221;full&#8221; css_animation=&#8221;fadeInDown&#8221;][\/vc_column][\/vc_row][vc_row equal_height=&#8221;yes&#8221; content_placement=&#8221;middle&#8221;][vc_column width=&#8221;1\/2&#8243;][vc_single_image image=&#8221;8924&#8243; img_size=&#8221;full&#8221; css_animation=&#8221;fadeInLeft&#8221;][\/vc_column][vc_column width=&#8221;1\/2&#8243;][vc_column_text css_animation=&#8221;fadeInRight&#8221;]<b>Doradztwo podatkowe<\/b><b>: wa\u017cny element ka\u017cdej firmy<\/b><\/p>\n<p><span style=\"font-weight: 400;\">Poniewa\u017c przestrzeganie przepis\u00f3w podatkowych jest z\u0142o\u017conym obowi\u0105zkiem dla wielu przedsi\u0119biorc\u00f3w, sektor ten powinien zosta\u0107 przekazany profesjonalistom. <\/span><span style=\"font-weight: 400;\">Doradztwo podatkowe<\/span><span style=\"font-weight: 400;\"> obejmuje analiz\u0119 dzia\u0142alno\u015bci i polityki ksi\u0119gowej firmy klienta, badanie podstawowej dokumentacji i wewn\u0119trznych standard\u00f3w. Doradztwo podatkowe jest szczeg\u00f3lnie potrzebne firmom, kt\u00f3re planuj\u0105 restrukturyzacj\u0119 i otwarcie nowej dzia\u0142alno\u015bci. Klient mo\u017ce liczy\u0107 na konsultacje podatkowe, a tak\u017ce na us\u0142ugi reprezentacyjne w dziale podatkowym i podczas odpowiednich audyt\u00f3w, zmian w przepisach podatkowych.<\/span><\/p>\n<p>&nbsp;<\/p>\n<p><b>Ekspert ds. mi\u0119dzynarodowej ekspansji<\/b><\/p>\n<p><span style=\"font-weight: 400;\">Poniewa\u017c Polska jest krajem otwartym na inwestycje zagraniczne, jest bardzo atrakcyjna dla mi\u0119dzynarodowych firm. Klienci mog\u0105 skontaktowa\u0107 si\u0119 z nasz\u0105 agencj\u0105 i uzyska\u0107 <\/span><span style=\"font-weight: 400;\">konsultacje ksi\u0119gowe w Warszawie<\/span><span style=\"font-weight: 400;\"> oraz wsparcie w zakresie takich us\u0142ug jak:<\/span><\/p>\n<ul>\n<li style=\"font-weight: 400;\" aria-level=\"1\"><span style=\"font-weight: 400;\">ksi\u0119gowo\u015b\u0107 korporacyjna;<\/span><\/li>\n<li style=\"font-weight: 400;\" aria-level=\"1\"><span style=\"font-weight: 400;\">planowanie finansowe i audyt;<\/span><\/li>\n<li style=\"font-weight: 400;\" aria-level=\"1\"><span style=\"font-weight: 400;\">zarz\u0105dzanie p\u0142acami.\u00a0<\/span><\/li>\n<\/ul>\n<p><span style=\"font-weight: 400;\">Stosujemy spersonalizowane podej\u015bcie, aby zapewni\u0107 naszym klientom wysokiej jako\u015bci us\u0142ugi. <\/span><span style=\"font-weight: 400;\">Us\u0142ugi doradztwa finansowego w Polsce<\/span><span style=\"font-weight: 400;\"> pomagaj\u0105 firmom w opracowywaniu strategii inwestycyjnych. Klienci otrzymuj\u0105 najlepsze rozwi\u0105zania, kt\u00f3re przyczyniaj\u0105 si\u0119 do rozwoju ka\u017cdego poziomu biznesu.\u00a0<\/span>[\/vc_column_text][\/vc_column][\/vc_row][vc_row equal_height=&#8221;yes&#8221; content_placement=&#8221;middle&#8221;][vc_column width=&#8221;1\/2&#8243;][vc_column_text css_animation=&#8221;fadeInLeft&#8221;]<b>Wynagrodzenie konsultanta ds. ksi\u0119gowo\u015bci<\/b><\/p>\n<p><span style=\"font-weight: 400;\">Doradztwo ksi\u0119gowe to szczeg\u00f3\u0142owe wyja\u015bnienie przepis\u00f3w prawnych w zakresie rachunkowo\u015bci. Na przyk\u0142ad konsultacje podatkowe pomog\u0105 unikn\u0105\u0107 kar. Format zale\u017cy od potrzeb klienta i jest negocjowany osobno. Kompleksowe <\/span><span style=\"font-weight: 400;\">us\u0142ugi doradztwa ksi\u0119gowego<\/span><span style=\"font-weight: 400;\"> mo\u017cna otrzyma\u0107 w formie ustnej lub pisemnej.\u00a0<\/span><\/p>\n<p>&nbsp;<\/p>\n<p><b>Dlaczego potrzebuj\u0119 doradztwa finansowego?<\/b><\/p>\n<p><span style=\"font-weight: 400;\">Aby prawid\u0142owo zorganizowa\u0107 system sprawozdawczo\u015bci finansowej w przedsi\u0119biorstwie, konieczne jest zapewnienie jak najwi\u0119kszej przejrzysto\u015bci przep\u0142yw\u00f3w wszystkich aktyw\u00f3w materialnych i niematerialnych, zorganizowanie prowadzenia dokumentacji pierwotnej i wt\u00f3rnej oraz interakcji z inspekcj\u0105 podatkow\u0105. Aby zapewni\u0107 ci\u0105g\u0142o\u015b\u0107 i przejrzysto\u015b\u0107 tych proces\u00f3w, potrzebne s\u0105 <\/span><span style=\"font-weight: 400;\">us\u0142ugi doradztwa ksi\u0119gowego<\/span><span style=\"font-weight: 400;\">.<\/span><\/p>\n<p><span style=\"font-weight: 400;\">W skr\u00f3cie ca\u0142y proces mo\u017cna opisa\u0107 w trzech punktach:<\/span><\/p>\n<ol>\n<li style=\"font-weight: 400;\" aria-level=\"1\"><span style=\"font-weight: 400;\">Analiza finansowa w celu zrozumienia obecnej sytuacji w przedsi\u0119biorstwie.<\/span><\/li>\n<li style=\"font-weight: 400;\" aria-level=\"1\"><span style=\"font-weight: 400;\">Ustalenie rzeczywistego stanu wszystkich proces\u00f3w biznesowych i dotychczasowego obiegu dokument\u00f3w.<\/span><\/li>\n<li style=\"font-weight: 400;\" aria-level=\"1\"><span style=\"font-weight: 400;\">Wnioski i sugestie dotycz\u0105ce lepszego wykorzystania zasob\u00f3w.<\/span><\/li>\n<\/ol>\n<p><span style=\"font-weight: 400;\">Je\u015bli pewien sektor dzia\u0142u ksi\u0119gowo\u015bci pozostaje w tyle, nale\u017cy skorzysta\u0107 z us\u0142ug doradztwa finansowego i zatrudni\u0107 zewn\u0119trznego specjalist\u0119 do skonfigurowania proces\u00f3w. Wyeliminuje to potrzeb\u0119 zatrudniania ksi\u0119gowych na li\u015bcie p\u0142ac firmy.<\/span>[\/vc_column_text][\/vc_column][vc_column width=&#8221;1\/2&#8243;][vc_single_image image=&#8221;8926&#8243; img_size=&#8221;full&#8221; css_animation=&#8221;fadeInUp&#8221;][\/vc_column][\/vc_row][vc_row][vc_column][vc_column_text]<b>Doradztwo HR: jakie ma znaczenie dla biznesu<\/b><\/p>\n<p><span style=\"font-weight: 400;\">Doradztwo HR dla firm jest dzi\u015b niezb\u0119dne do skutecznego zarz\u0105dzania personelem. Zazwyczaj takie us\u0142ugi s\u0105 \u015bwiadczone przez oddzielnego specjalist\u0119. Wsparcie pomaga zrozumie\u0107, jak zmniejszy\u0107 koszty pracy pracownik\u00f3w HR i zoptymalizowa\u0107 ich liczb\u0119, zmotywowa\u0107 ich do bardziej produktywnej pracy, ujednolici\u0107 procedury wewn\u0119trzne.<\/span><\/p>\n<p>&nbsp;<\/p>\n<p><span style=\"font-weight: 400;\">Je\u015bli wewn\u0119trzna ksi\u0119gowo\u015b\u0107 nie dzia\u0142a efektywnie, firma mo\u017ce potrzebowa\u0107 pomocy z zewn\u0105trz. Dzi\u015b <\/span><span style=\"font-weight: 400;\">konsultanci ksi\u0119gowi w Warszawie<\/span><span style=\"font-weight: 400;\"> mog\u0105 pom\u00f3c w za\u0142o\u017ceniu firmy i radzeniu sobie z wszelkimi trudno\u015bciami w jak najkr\u00f3tszym czasie.<\/span>[\/vc_column_text][\/vc_column][\/vc_row]<\/p>\n<\/div>","protected":false},"excerpt":{"rendered":"<p>[vc_row][vc_column][vc_column_text]Aby firma mog\u0142a si\u0119 rozwija\u0107 i prosperowa\u0107, wa\u017cne jest, aby odpowiednio skonfigurowa\u0107 zarz\u0105dzanie jej przep\u0142ywami finansowymi. W tym celu konieczne jest zatrudnienie wykwalifikowanego specjalisty, kt\u00f3ry spe\u0142nia mi\u0119dzynarodowe standardy. Firma klienta mo\u017ce liczy\u0107 na szczeg\u00f3\u0142owe us\u0142ugi doradztwa finansowego. Og\u00f3lnie rzecz bior\u0105c, zapewnione jest strategiczne partnerstwo w celu osi\u0105gni\u0119cia cel\u00f3w klienta. I nie ma znaczenia, czy klient<\/p>\n","protected":false},"author":4,"featured_media":0,"parent":0,"menu_order":0,"comment_status":"closed","ping_status":"closed","template":"","meta":{"_acf_changed":false,"_lmt_disableupdate":"no","_lmt_disable":"","footnotes":""},"class_list":["post-8921","page","type-page","status-publish","hentry"],"acf":[],"yoast_head":"<!-- This site is optimized with the Yoast SEO plugin v27.3 - https:\/\/yoast.com\/product\/yoast-seo-wordpress\/ -->\n<title>Doradztwo ksi\u0119gowe w Warszawie<\/title>\n<meta name=\"description\" content=\"Aby firma mog\u0142a si\u0119 rozwija\u0107 i prosperowa\u0107, wa\u017cne jest, aby odpowiednio skonfigurowa\u0107 zarz\u0105dzanie jej przep\u0142ywami finansowymi. W tym celu konieczne jest zatrudnienie wykwalifikowanego specjalisty, kt\u00f3ry spe\u0142nia mi\u0119dzynarodowe standardy.\" \/>\n<meta name=\"robots\" content=\"index, follow, max-snippet:-1, max-image-preview:large, max-video-preview:-1\" \/>\n<link rel=\"canonical\" href=\"https:\/\/pl.f-chain.com\/pl\/doradztwo-ksiegowe-w-warszawie\/\" \/>\n<meta property=\"og:locale\" content=\"pl_PL\" \/>\n<meta property=\"og:type\" content=\"article\" \/>\n<meta property=\"og:title\" content=\"Doradztwo ksi\u0119gowe w Warszawie\" \/>\n<meta property=\"og:description\" content=\"Aby firma mog\u0142a si\u0119 rozwija\u0107 i prosperowa\u0107, wa\u017cne jest, aby odpowiednio skonfigurowa\u0107 zarz\u0105dzanie jej przep\u0142ywami finansowymi. W tym celu konieczne jest zatrudnienie wykwalifikowanego specjalisty, kt\u00f3ry spe\u0142nia mi\u0119dzynarodowe standardy.\" \/>\n<meta property=\"og:url\" content=\"https:\/\/pl.f-chain.com\/pl\/doradztwo-ksiegowe-w-warszawie\/\" \/>\n<meta property=\"og:site_name\" content=\"FCHAIN\" \/>\n<meta property=\"article:modified_time\" content=\"2024-07-04T22:26:20+00:00\" \/>\n<meta name=\"twitter:card\" content=\"summary_large_image\" \/>\n<meta name=\"twitter:label1\" content=\"Szacowany czas czytania\" \/>\n\t<meta name=\"twitter:data1\" content=\"3 minuty\" \/>\n<script type=\"application\/ld+json\" class=\"yoast-schema-graph\">{\"@context\":\"https:\\\/\\\/schema.org\",\"@graph\":[{\"@type\":\"WebPage\",\"@id\":\"https:\\\/\\\/pl.f-chain.com\\\/pl\\\/doradztwo-ksiegowe-w-warszawie\\\/\",\"url\":\"https:\\\/\\\/pl.f-chain.com\\\/pl\\\/doradztwo-ksiegowe-w-warszawie\\\/\",\"name\":\"Doradztwo ksi\u0119gowe w Warszawie\",\"isPartOf\":{\"@id\":\"https:\\\/\\\/pl.f-chain.com\\\/#website\"},\"datePublished\":\"2024-07-04T05:06:27+00:00\",\"dateModified\":\"2024-07-04T22:26:20+00:00\",\"description\":\"Aby firma mog\u0142a si\u0119 rozwija\u0107 i prosperowa\u0107, wa\u017cne jest, aby odpowiednio skonfigurowa\u0107 zarz\u0105dzanie jej przep\u0142ywami finansowymi. W tym celu konieczne jest zatrudnienie wykwalifikowanego specjalisty, kt\u00f3ry spe\u0142nia mi\u0119dzynarodowe standardy.\",\"inLanguage\":\"pl-PL\",\"potentialAction\":[{\"@type\":\"ReadAction\",\"target\":[\"https:\\\/\\\/pl.f-chain.com\\\/pl\\\/doradztwo-ksiegowe-w-warszawie\\\/\"]}]},{\"@type\":\"WebSite\",\"@id\":\"https:\\\/\\\/pl.f-chain.com\\\/#website\",\"url\":\"https:\\\/\\\/pl.f-chain.com\\\/\",\"name\":\"FCHAIN\",\"description\":\"Financial Chain Corporation - Global\",\"potentialAction\":[{\"@type\":\"SearchAction\",\"target\":{\"@type\":\"EntryPoint\",\"urlTemplate\":\"https:\\\/\\\/pl.f-chain.com\\\/?s={search_term_string}\"},\"query-input\":{\"@type\":\"PropertyValueSpecification\",\"valueRequired\":true,\"valueName\":\"search_term_string\"}}],\"inLanguage\":\"pl-PL\"}]}<\/script>\n<!-- \/ Yoast SEO plugin. -->","yoast_head_json":{"title":"Doradztwo ksi\u0119gowe w Warszawie","description":"Aby firma mog\u0142a si\u0119 rozwija\u0107 i prosperowa\u0107, wa\u017cne jest, aby odpowiednio skonfigurowa\u0107 zarz\u0105dzanie jej przep\u0142ywami finansowymi. W tym celu konieczne jest zatrudnienie wykwalifikowanego specjalisty, kt\u00f3ry spe\u0142nia mi\u0119dzynarodowe standardy.","robots":{"index":"index","follow":"follow","max-snippet":"max-snippet:-1","max-image-preview":"max-image-preview:large","max-video-preview":"max-video-preview:-1"},"canonical":"https:\/\/pl.f-chain.com\/pl\/doradztwo-ksiegowe-w-warszawie\/","og_locale":"pl_PL","og_type":"article","og_title":"Doradztwo ksi\u0119gowe w Warszawie","og_description":"Aby firma mog\u0142a si\u0119 rozwija\u0107 i prosperowa\u0107, wa\u017cne jest, aby odpowiednio skonfigurowa\u0107 zarz\u0105dzanie jej przep\u0142ywami finansowymi. W tym celu konieczne jest zatrudnienie wykwalifikowanego specjalisty, kt\u00f3ry spe\u0142nia mi\u0119dzynarodowe standardy.","og_url":"https:\/\/pl.f-chain.com\/pl\/doradztwo-ksiegowe-w-warszawie\/","og_site_name":"FCHAIN","article_modified_time":"2024-07-04T22:26:20+00:00","twitter_card":"summary_large_image","twitter_misc":{"Szacowany czas czytania":"3 minuty"},"schema":{"@context":"https:\/\/schema.org","@graph":[{"@type":"WebPage","@id":"https:\/\/pl.f-chain.com\/pl\/doradztwo-ksiegowe-w-warszawie\/","url":"https:\/\/pl.f-chain.com\/pl\/doradztwo-ksiegowe-w-warszawie\/","name":"Doradztwo ksi\u0119gowe w Warszawie","isPartOf":{"@id":"https:\/\/pl.f-chain.com\/#website"},"datePublished":"2024-07-04T05:06:27+00:00","dateModified":"2024-07-04T22:26:20+00:00","description":"Aby firma mog\u0142a si\u0119 rozwija\u0107 i prosperowa\u0107, wa\u017cne jest, aby odpowiednio skonfigurowa\u0107 zarz\u0105dzanie jej przep\u0142ywami finansowymi. W tym celu konieczne jest zatrudnienie wykwalifikowanego specjalisty, kt\u00f3ry spe\u0142nia mi\u0119dzynarodowe standardy.","inLanguage":"pl-PL","potentialAction":[{"@type":"ReadAction","target":["https:\/\/pl.f-chain.com\/pl\/doradztwo-ksiegowe-w-warszawie\/"]}]},{"@type":"WebSite","@id":"https:\/\/pl.f-chain.com\/#website","url":"https:\/\/pl.f-chain.com\/","name":"FCHAIN","description":"Financial Chain Corporation - Global","potentialAction":[{"@type":"SearchAction","target":{"@type":"EntryPoint","urlTemplate":"https:\/\/pl.f-chain.com\/?s={search_term_string}"},"query-input":{"@type":"PropertyValueSpecification","valueRequired":true,"valueName":"search_term_string"}}],"inLanguage":"pl-PL"}]}},"_links":{"self":[{"href":"https:\/\/pl.f-chain.com\/pl\/wp-json\/wp\/v2\/pages\/8921","targetHints":{"allow":["GET"]}}],"collection":[{"href":"https:\/\/pl.f-chain.com\/pl\/wp-json\/wp\/v2\/pages"}],"about":[{"href":"https:\/\/pl.f-chain.com\/pl\/wp-json\/wp\/v2\/types\/page"}],"author":[{"embeddable":true,"href":"https:\/\/pl.f-chain.com\/pl\/wp-json\/wp\/v2\/users\/4"}],"replies":[{"embeddable":true,"href":"https:\/\/pl.f-chain.com\/pl\/wp-json\/wp\/v2\/comments?post=8921"}],"version-history":[{"count":3,"href":"https:\/\/pl.f-chain.com\/pl\/wp-json\/wp\/v2\/pages\/8921\/revisions"}],"predecessor-version":[{"id":8940,"href":"https:\/\/pl.f-chain.com\/pl\/wp-json\/wp\/v2\/pages\/8921\/revisions\/8940"}],"wp:attachment":[{"href":"https:\/\/pl.f-chain.com\/pl\/wp-json\/wp\/v2\/media?parent=8921"}],"curies":[{"name":"wp","href":"https:\/\/api.w.org\/{rel}","templated":true}]}}