{"id":16041,"date":"2026-04-13T05:05:11","date_gmt":"2026-04-13T02:05:11","guid":{"rendered":"https:\/\/pl.f-chain.com\/marketing-services\/"},"modified":"2026-04-20T14:34:49","modified_gmt":"2026-04-20T11:34:49","slug":"marketing-services","status":"publish","type":"page","link":"https:\/\/pl.f-chain.com\/pl\/marketing-services\/","title":{"rendered":"Us\u0142ugi marketingowe"},"content":{"rendered":"<div class=\"wpb-content-wrapper\"><p>[vc_row][vc_column][vc_column_text css_animation=&#8221;fadeInDown&#8221; css=&#8221;&#8221;]<\/p>\n<h2>Us\u0142ugi marketingowe w Polsce: najlepsze rozwi\u0105zania dla Twojego biznesu<\/h2>\n<p>Coraz wi\u0119cej przedsi\u0119biorc\u00f3w wybiera Polsk\u0119 jako kierunek rozwoju swoich startup\u00f3w. Do g\u0142\u00f3wnych powod\u00f3w nale\u017c\u0105 elastyczne przepisy podatkowe, szybka rejestracja nowych podmiot\u00f3w prawnych oraz szeroki wachlarz mo\u017cliwo\u015bci dla biznesu.<\/p>\n<p>Obecnie \u017cadna bran\u017ca nie mo\u017ce funkcjonowa\u0107 bez profesjonalnych us\u0142ug marketingowych. Dzi\u0119ki takim rozwi\u0105zaniom mo\u017cliwe jest opracowanie strategii, kt\u00f3ra zapewnia firmom znacznie wi\u0119ksze mo\u017cliwo\u015bci rozwoju i umacniania pozycji rynkowej. Odpowiednio dobrana strategia marketingowa pozwala lepiej zrozumie\u0107 potrzeby potencjalnych klient\u00f3w oraz spe\u0142nia\u0107 obowi\u0105zuj\u0105ce mi\u0119dzynarodowe standardy handlowe.<\/p>\n<p>Istotnym elementem skutecznego prowadzenia dzia\u0142alno\u015bci jest tak\u017ce wykorzystanie us\u0142ug ksi\u0119gowych, kt\u00f3re usprawniaj\u0105 zarz\u0105dzanie przep\u0142ywami finansowymi. Nale\u017cy pami\u0119ta\u0107, \u017ce przysz\u0142o\u015b\u0107 firmy w du\u017cej mierze zale\u017cy od w\u0142a\u015bciwego wyboru modelu ksi\u0119gowo\u015bci.<\/p>\n<p>[\/vc_column_text][\/vc_column][\/vc_row][vc_row equal_height=&#8221;yes&#8221; content_placement=&#8221;middle&#8221;][vc_column width=&#8221;1\/2&#8243;][vc_column_text css_animation=&#8221;fadeInLeft&#8221; css=&#8221;&#8221;]<\/p>\n<h2>Us\u0142ugi marketingowe i ich znaczenie<\/h2>\n<p>Us\u0142ugi marketingowe odgrywaj\u0105 kluczow\u0105 rol\u0119 w budowaniu rentownych strategii biznesowych. Profesjonalna agencja marketingowa w pierwszej kolejno\u015bci analizuje indywidualne uwarunkowania firmy \u2014 jej cele, zadania, profil dzia\u0142alno\u015bci oraz dzia\u0142ania konkurencji. W celu optymalizacji polityki HR oferowane s\u0105 r\u00f3wnie\u017c us\u0142ugi rekrutacyjne, kt\u00f3re pozwalaj\u0105 zwi\u0119kszy\u0107 efektywno\u015b\u0107 zespo\u0142u.<\/p>\n<p>Marketing dla firm jest jednym z najwa\u017cniejszych czynnik\u00f3w wzrostu sprzeda\u017cy we wsp\u00f3\u0142czesnym \u015bwiecie. Takie podej\u015bcie wspiera dynamiczny rozw\u00f3j przedsi\u0119biorstwa, poniewa\u017c cyfrowa wymiana informacji sta\u0142a si\u0119 integraln\u0105 cz\u0119\u015bci\u0105 gospodarki i proces\u00f3w produkcyjnych. Firmy dzia\u0142aj\u0105ce na okre\u015blonych rynkach nie mog\u0105 oby\u0107 si\u0119 bez ruchu generowanego przez media spo\u0142eczno\u015bciowe oraz urz\u0105dzenia mobilne.<\/p>\n<p>Us\u0142ugi outsourcingowe pozostaj\u0105 niezb\u0119dnym narz\u0119dziem optymalizacji dzia\u0142a\u0144 marketingowych. Pozwalaj\u0105 one ograniczy\u0107 koszty kampanii reklamowych i jednocze\u015bnie zwi\u0119kszy\u0107 liczb\u0119 realnych klient\u00f3w.<\/p>\n<h2>Tworzenie spersonalizowanej strategii marketingowej<\/h2>\n<p>Kluczowym elementem skutecznego zarz\u0105dzania biznesem jest opracowanie indywidualnej strategii marketingowej. Proces ten obejmuje identyfikacj\u0119 g\u0142\u00f3wnych kana\u0142\u00f3w sprzeda\u017cy oraz budowanie relacji pomi\u0119dzy konsumentem a dostawc\u0105 produktu.<\/p>\n<p>Promocja marketingowa w Polsce realizowana przez Financial Chain Corporation obejmuje:<\/p>\n<ul class=\"ul-gray\">\n<li>szczeg\u00f3\u0142ow\u0105 analiz\u0119 marketingow\u0105 z uwzgl\u0119dnieniem preferencji klient\u00f3w, dzia\u0142a\u0144 konkurencji oraz zmian popytu;<\/li>\n<li>opracowanie strategii promocji produkt\u00f3w i us\u0142ug na rynku polskim;<\/li>\n<li>zarz\u0105dzanie dzia\u0142aniami marketingowymi \u2014 od planowania po wdro\u017cenie i optymalizacj\u0119;<\/li>\n<li>zwi\u0119kszenie efektywno\u015bci sprzeda\u017cy i popraw\u0119 wynik\u00f3w finansowych;<\/li>\n<li>prac\u0119 z kana\u0142ami marketingowymi oraz utrzymanie stabilnego generowania lead\u00f3w.<\/li>\n<\/ul>\n<p>Ka\u017cdy z tych element\u00f3w odgrywa istotn\u0105 rol\u0119 w zwi\u0119kszaniu popytu oraz skutecznym pozyskiwaniu klient\u00f3w.<\/p>\n<h2>Kluczowe korzy\u015bci strategii marketingowych dla firm w Polsce<\/h2>\n<p>Nowoczesne doradztwo biznesowe oraz efektywne planowanie marketingowe przynosz\u0105 wymierne korzy\u015bci dla przedsi\u0119biorstw. G\u0142\u00f3wne cele obejmuj\u0105 zwi\u0119kszenie sprzeda\u017cy oraz rozszerzenie grupy docelowej przy wykorzystaniu nowoczesnych technologii internetowych.<\/p>\n<p>Skuteczne rozwi\u0105zania marketingowe dla firm odgrywaj\u0105 kluczow\u0105 rol\u0119 w osi\u0105ganiu tych rezultat\u00f3w. W\u015br\u00f3d najwa\u017cniejszych korzy\u015bci wsp\u00f3\u0142pracy z firm\u0105 Fchain znajduj\u0105 si\u0119:<\/p>\n<ul class=\"ul-gray\">\n<li>szybkie uruchamianie rentownych projekt\u00f3w marketingowych;<\/li>\n<li>promocja marki bez wykorzystania tradycyjnych kana\u0142\u00f3w reklamowych;<\/li>\n<li>wzrost sprzeda\u017cy produkt\u00f3w i us\u0142ug;<\/li>\n<li>oszcz\u0119dno\u015b\u0107 czasu i koszt\u00f3w;<\/li>\n<li>mo\u017cliwo\u015b\u0107 wykorzystania skutecznych narz\u0119dzi do skalowania biznesu.<\/li>\n<\/ul>\n<p>Dzi\u0119ki zastosowaniu us\u0142ug marketingowych firmy mog\u0105 znacz\u0105co poprawi\u0107 efektywno\u015b\u0107 swoich dzia\u0142a\u0144 i osi\u0105gn\u0105\u0107 przewag\u0119 konkurencyjn\u0105 na rynku.<\/p>\n<p>[\/vc_column_text][\/vc_column][vc_column width=&#8221;1\/2&#8243;][vc_single_image image=&#8221;8998&#8243; img_size=&#8221;full&#8221; alignment=&#8221;right&#8221; css_animation=&#8221;fadeInUp&#8221;][\/vc_column][\/vc_row][vc_row equal_height=&#8221;yes&#8221; content_placement=&#8221;middle&#8221;][vc_column width=&#8221;1\/2&#8243;][vc_single_image image=&#8221;9001&#8243; img_size=&#8221;full&#8221; alignment=&#8221;right&#8221; css_animation=&#8221;fadeInLeft&#8221;][\/vc_column][vc_column width=&#8221;1\/2&#8243;][vc_column_text css_animation=&#8221;fadeInRight&#8221; css=&#8221;&#8221;]<\/p>\n<h2>Obszary zastosowania strategii marketingowych Fchain<\/h2>\n<p>Firma oferuje wsp\u00f3\u0142prac\u0119 w wielu sektorach gospodarki. Specjali\u015bci wspieraj\u0105 kompleksowy rozw\u00f3j biznesu zar\u00f3wno w Polsce, jak i na rynkach mi\u0119dzynarodowych. Indywidualne podej\u015bcie pozwala tworzy\u0107 strategie dopasowane do konkretnych potrzeb i nisz rynkowych.<\/p>\n<p>Us\u0142ugi Fchain s\u0105 szczeg\u00f3lnie poszukiwane przez firmy, kt\u00f3re chc\u0105 zwi\u0119kszy\u0107 swoj\u0105 obecno\u015b\u0107 na rynku polskim i dotrze\u0107 do nowych grup odbiorc\u00f3w. W takich przypadkach kluczowe znaczenie ma profesjonalny marketing consulting oraz opracowanie spersonalizowanej strategii uwzgl\u0119dniaj\u0105cej wszystkie czynniki rynkowe.<\/p>\n<h3>G\u0142\u00f3wne obszary dzia\u0142alno\u015bci:<\/h3>\n<ul class=\"ul-gray\">\n<li>sprzeda\u017c produkt\u00f3w w ma\u0142ych partiach wymagaj\u0105ca skutecznego merchandisingu;<\/li>\n<li>opracowanie strategii marketingowych dla firm;<\/li>\n<li>us\u0142ugi finansowe zapewniaj\u0105ce stabilno\u015b\u0107 przychod\u00f3w;<\/li>\n<li>wsparcie dla nowych przedsi\u0119biorstw;<\/li>\n<li>rozw\u00f3j segmentu B2B oraz firm us\u0142ugowych.<\/li>\n<\/ul>\n<p>Ka\u017cdy z tych obszar\u00f3w wymaga indywidualnego podej\u015bcia oraz szybkiego podejmowania decyzji. Fchain oferuje kompleksowe rozwi\u0105zania marketingowe oraz skuteczne us\u0142ugi promocyjne, koncentruj\u0105c si\u0119 na analizie wynik\u00f3w na ka\u017cdym etapie.<\/p>\n<p>[\/vc_column_text][\/vc_column][\/vc_row][vc_row][vc_column][vc_column_text css_animation=&#8221;fadeInUp&#8221; css=&#8221;&#8221;]<\/p>\n<p>Fchain nie tylko rozwi\u0105zuje problemy marketingowe, ale tak\u017ce aktywnie wspiera rozw\u00f3j biznesu. Wsparcie startup\u00f3w obejmuje zarz\u0105dzanie zasobami ludzkimi, us\u0142ugi ksi\u0119gowe oraz doradztwo prawne. Dzi\u0119ki temu klienci mog\u0105 szybciej dostosowa\u0107 si\u0119 do zmieniaj\u0105cych si\u0119 warunk\u00f3w rynkowych i ograniczy\u0107 ryzyko strat.<\/p>\n<p>W efekcie wdra\u017canie skutecznych strategii marketingowych przez Fchain umo\u017cliwia firmom dynamiczny rozw\u00f3j w ka\u017cdej bran\u017cy przy wykorzystaniu nowoczesnych narz\u0119dzi promocji.<\/p>\n<p>[\/vc_column_text][\/vc_column][\/vc_row]<\/p>\n<\/div>","protected":false},"excerpt":{"rendered":"<p>[vc_row][vc_column][vc_column_text css_animation=&#8221;fadeInDown&#8221; css=&#8221;&#8221;] Us\u0142ugi marketingowe w Polsce: najlepsze rozwi\u0105zania dla Twojego biznesu Coraz wi\u0119cej przedsi\u0119biorc\u00f3w wybiera Polsk\u0119 jako kierunek rozwoju swoich startup\u00f3w. Do g\u0142\u00f3wnych powod\u00f3w nale\u017c\u0105 elastyczne przepisy podatkowe, szybka rejestracja nowych podmiot\u00f3w prawnych oraz szeroki wachlarz mo\u017cliwo\u015bci dla biznesu. Obecnie \u017cadna bran\u017ca nie mo\u017ce funkcjonowa\u0107 bez profesjonalnych us\u0142ug marketingowych. Dzi\u0119ki takim rozwi\u0105zaniom mo\u017cliwe jest<\/p>\n","protected":false},"author":4,"featured_media":0,"parent":0,"menu_order":0,"comment_status":"closed","ping_status":"closed","template":"","meta":{"_acf_changed":false,"_lmt_disableupdate":"no","_lmt_disable":"","footnotes":""},"class_list":["post-16041","page","type-page","status-publish","hentry"],"acf":[],"yoast_head":"<!-- This site is optimized with the Yoast SEO plugin v27.3 - https:\/\/yoast.com\/product\/yoast-seo-wordpress\/ -->\n<title>Us\u0142ugi Marketingowe \u2013 FCHAIN | Trade Marketing i Rozw\u00f3j Marki<\/title>\n<meta name=\"description\" content=\"FCHAIN oferuje profesjonalne us\u0142ugi marketingowe: trade marketing, rozw\u00f3j marki oraz badania rynku. Zwi\u0119ksz efektywno\u015b\u0107 biznesu dzi\u0119ki strategiom dopasowanym do lokalnego rynku.\" \/>\n<meta name=\"robots\" content=\"index, follow, max-snippet:-1, max-image-preview:large, max-video-preview:-1\" \/>\n<link rel=\"canonical\" href=\"https:\/\/pl.f-chain.com\/pl\/marketing-services\/\" \/>\n<meta property=\"og:locale\" content=\"pl_PL\" \/>\n<meta property=\"og:type\" content=\"article\" \/>\n<meta property=\"og:title\" content=\"Us\u0142ugi Marketingowe \u2013 FCHAIN | Trade Marketing i Rozw\u00f3j Marki\" \/>\n<meta property=\"og:description\" content=\"FCHAIN oferuje profesjonalne us\u0142ugi marketingowe: trade marketing, rozw\u00f3j marki oraz badania rynku. Zwi\u0119ksz efektywno\u015b\u0107 biznesu dzi\u0119ki strategiom dopasowanym do lokalnego rynku.\" \/>\n<meta property=\"og:url\" content=\"https:\/\/pl.f-chain.com\/pl\/marketing-services\/\" \/>\n<meta property=\"og:site_name\" content=\"FCHAIN\" \/>\n<meta property=\"article:modified_time\" content=\"2026-04-20T11:34:49+00:00\" \/>\n<meta name=\"twitter:card\" content=\"summary_large_image\" \/>\n<meta name=\"twitter:label1\" content=\"Szacowany czas czytania\" \/>\n\t<meta name=\"twitter:data1\" content=\"4 minuty\" \/>\n<script type=\"application\/ld+json\" class=\"yoast-schema-graph\">{\"@context\":\"https:\\\/\\\/schema.org\",\"@graph\":[{\"@type\":\"WebPage\",\"@id\":\"https:\\\/\\\/pl.f-chain.com\\\/pl\\\/marketing-services\\\/\",\"url\":\"https:\\\/\\\/pl.f-chain.com\\\/pl\\\/marketing-services\\\/\",\"name\":\"Us\u0142ugi Marketingowe \u2013 FCHAIN | Trade Marketing i Rozw\u00f3j Marki\",\"isPartOf\":{\"@id\":\"https:\\\/\\\/pl.f-chain.com\\\/#website\"},\"datePublished\":\"2026-04-13T02:05:11+00:00\",\"dateModified\":\"2026-04-20T11:34:49+00:00\",\"description\":\"FCHAIN oferuje profesjonalne us\u0142ugi marketingowe: trade marketing, rozw\u00f3j marki oraz badania rynku. Zwi\u0119ksz efektywno\u015b\u0107 biznesu dzi\u0119ki strategiom dopasowanym do lokalnego rynku.\",\"inLanguage\":\"pl-PL\",\"potentialAction\":[{\"@type\":\"ReadAction\",\"target\":[\"https:\\\/\\\/pl.f-chain.com\\\/pl\\\/marketing-services\\\/\"]}]},{\"@type\":\"WebSite\",\"@id\":\"https:\\\/\\\/pl.f-chain.com\\\/#website\",\"url\":\"https:\\\/\\\/pl.f-chain.com\\\/\",\"name\":\"FCHAIN\",\"description\":\"Financial Chain Corporation - Global\",\"potentialAction\":[{\"@type\":\"SearchAction\",\"target\":{\"@type\":\"EntryPoint\",\"urlTemplate\":\"https:\\\/\\\/pl.f-chain.com\\\/?s={search_term_string}\"},\"query-input\":{\"@type\":\"PropertyValueSpecification\",\"valueRequired\":true,\"valueName\":\"search_term_string\"}}],\"inLanguage\":\"pl-PL\"}]}<\/script>\n<!-- \/ Yoast SEO plugin. -->","yoast_head_json":{"title":"Us\u0142ugi Marketingowe \u2013 FCHAIN | Trade Marketing i Rozw\u00f3j Marki","description":"FCHAIN oferuje profesjonalne us\u0142ugi marketingowe: trade marketing, rozw\u00f3j marki oraz badania rynku. Zwi\u0119ksz efektywno\u015b\u0107 biznesu dzi\u0119ki strategiom dopasowanym do lokalnego rynku.","robots":{"index":"index","follow":"follow","max-snippet":"max-snippet:-1","max-image-preview":"max-image-preview:large","max-video-preview":"max-video-preview:-1"},"canonical":"https:\/\/pl.f-chain.com\/pl\/marketing-services\/","og_locale":"pl_PL","og_type":"article","og_title":"Us\u0142ugi Marketingowe \u2013 FCHAIN | Trade Marketing i Rozw\u00f3j Marki","og_description":"FCHAIN oferuje profesjonalne us\u0142ugi marketingowe: trade marketing, rozw\u00f3j marki oraz badania rynku. Zwi\u0119ksz efektywno\u015b\u0107 biznesu dzi\u0119ki strategiom dopasowanym do lokalnego rynku.","og_url":"https:\/\/pl.f-chain.com\/pl\/marketing-services\/","og_site_name":"FCHAIN","article_modified_time":"2026-04-20T11:34:49+00:00","twitter_card":"summary_large_image","twitter_misc":{"Szacowany czas czytania":"4 minuty"},"schema":{"@context":"https:\/\/schema.org","@graph":[{"@type":"WebPage","@id":"https:\/\/pl.f-chain.com\/pl\/marketing-services\/","url":"https:\/\/pl.f-chain.com\/pl\/marketing-services\/","name":"Us\u0142ugi Marketingowe \u2013 FCHAIN | Trade Marketing i Rozw\u00f3j Marki","isPartOf":{"@id":"https:\/\/pl.f-chain.com\/#website"},"datePublished":"2026-04-13T02:05:11+00:00","dateModified":"2026-04-20T11:34:49+00:00","description":"FCHAIN oferuje profesjonalne us\u0142ugi marketingowe: trade marketing, rozw\u00f3j marki oraz badania rynku. Zwi\u0119ksz efektywno\u015b\u0107 biznesu dzi\u0119ki strategiom dopasowanym do lokalnego rynku.","inLanguage":"pl-PL","potentialAction":[{"@type":"ReadAction","target":["https:\/\/pl.f-chain.com\/pl\/marketing-services\/"]}]},{"@type":"WebSite","@id":"https:\/\/pl.f-chain.com\/#website","url":"https:\/\/pl.f-chain.com\/","name":"FCHAIN","description":"Financial Chain Corporation - Global","potentialAction":[{"@type":"SearchAction","target":{"@type":"EntryPoint","urlTemplate":"https:\/\/pl.f-chain.com\/?s={search_term_string}"},"query-input":{"@type":"PropertyValueSpecification","valueRequired":true,"valueName":"search_term_string"}}],"inLanguage":"pl-PL"}]}},"_links":{"self":[{"href":"https:\/\/pl.f-chain.com\/pl\/wp-json\/wp\/v2\/pages\/16041","targetHints":{"allow":["GET"]}}],"collection":[{"href":"https:\/\/pl.f-chain.com\/pl\/wp-json\/wp\/v2\/pages"}],"about":[{"href":"https:\/\/pl.f-chain.com\/pl\/wp-json\/wp\/v2\/types\/page"}],"author":[{"embeddable":true,"href":"https:\/\/pl.f-chain.com\/pl\/wp-json\/wp\/v2\/users\/4"}],"replies":[{"embeddable":true,"href":"https:\/\/pl.f-chain.com\/pl\/wp-json\/wp\/v2\/comments?post=16041"}],"version-history":[{"count":2,"href":"https:\/\/pl.f-chain.com\/pl\/wp-json\/wp\/v2\/pages\/16041\/revisions"}],"predecessor-version":[{"id":16042,"href":"https:\/\/pl.f-chain.com\/pl\/wp-json\/wp\/v2\/pages\/16041\/revisions\/16042"}],"wp:attachment":[{"href":"https:\/\/pl.f-chain.com\/pl\/wp-json\/wp\/v2\/media?parent=16041"}],"curies":[{"name":"wp","href":"https:\/\/api.w.org\/{rel}","templated":true}]}}